{"id":890,"date":"2018-01-04T17:19:36","date_gmt":"2018-01-04T16:19:36","guid":{"rendered":"https:\/\/lesnaturalistesdeletoile.com\/?page_id=890"},"modified":"2021-02-13T12:09:44","modified_gmt":"2021-02-13T11:09:44","slug":"https-lesnaturalistesdeletoile-com-index-php-liens-utiles-1","status":"publish","type":"page","link":"https:\/\/lesnaturalistesdeletoile.com\/index.php\/https-lesnaturalistesdeletoile-com-index-php-liens-utiles-1\/","title":{"rendered":"Liens utiles page menu"},"content":{"rendered":"<p style=\"text-align: center\">&nbsp;<\/p>\n<h1 style=\"text-align: center\"><strong>Liens utiles (sites internet)<\/strong><\/h1>\n<p style=\"text-align: justify\">Les sites internet sur les diff\u00e9rents domaines naturalistes sont \u00e9videmment tr\u00e8s nombreux.<br \/>\nNotre association, Les Naturalistes de l\u2019Etoile, forte de la pratique de ses adh\u00e9rents, a donc dress\u00e9 des listes de sites int\u00e9ressants pour chaque sp\u00e9cialit\u00e9. Elles ne sont \u00e9videmment pas exhaustives et sont susceptibles d\u2019\u00e9voluer.<br \/>\nCes sites sont des outils pour acc\u00e9der \u00e0 la connaissance. Ils peuvent apporter une aide dans la d\u00e9termination des esp\u00e8ces rencontr\u00e9es sur le terrain (photos, descriptions, inventaires, taxonomie\u2026), mais aussi permettre d\u2019avoir une vision globale, voire approfondie, de certaines disciplines. Nous n\u2019oublions pas non plus les c\u00f4t\u00e9s \u00ab&nbsp;plaisir&nbsp;\u00bb et \u00ab&nbsp;esth\u00e9tique&nbsp;\u00bb de la visite de certains sites remarquablement con\u00e7us.<br \/>\nCette rubrique \u00ab&nbsp;Sites internet&nbsp;\u00bb est \u00e0 mettre en parall\u00e8le avec la rubrique \u00ab&nbsp;Bibliographie&nbsp;\u00bb, qui est aussi tr\u00e8s fournie. Les deux sont compl\u00e9mentaires.<br \/>\nPour acc\u00e9der aux listes de liens, il vous suffit de cliquer sur les boutons ci-dessous.<\/p>\n<table style=\"height: 352px;width: 100.288%\">\n<tbody>\n<tr>\n<td style=\"width: 23.2357%\"><a href=\"https:\/\/lesnaturalistesdeletoile.com\/?page_id=207\" target=\"_blank\" rel=\"noopener noreferrer\"><img loading=\"lazy\" decoding=\"async\" class=\"alignleft wp-image-4600 size-medium\" src=\"https:\/\/lesnaturalistesdeletoile.com\/wp-content\/uploads\/2020\/02\/Bouton-Botanique-300x107.jpg\" alt=\"\" width=\"300\" height=\"107\" srcset=\"https:\/\/lesnaturalistesdeletoile.com\/wp-content\/uploads\/2020\/02\/Bouton-Botanique-300x107.jpg 300w, https:\/\/lesnaturalistesdeletoile.com\/wp-content\/uploads\/2020\/02\/Bouton-Botanique.jpg 598w\" sizes=\"auto, (max-width: 300px) 100vw, 300px\" \/><\/a><\/td>\n<td style=\"width: 23.6806%\">&nbsp;<\/td>\n<td style=\"width: 23.3819%\"><a href=\"https:\/\/lesnaturalistesdeletoile.com\/?page_id=1619\" target=\"_blank\" rel=\"noopener noreferrer\"><img loading=\"lazy\" decoding=\"async\" class=\"alignright wp-image-4601 size-medium\" src=\"https:\/\/lesnaturalistesdeletoile.com\/wp-content\/uploads\/2020\/02\/Bouton-Bryophytes-300x107.jpg\" alt=\"\" width=\"300\" height=\"107\" srcset=\"https:\/\/lesnaturalistesdeletoile.com\/wp-content\/uploads\/2020\/02\/Bouton-Bryophytes-300x107.jpg 300w, https:\/\/lesnaturalistesdeletoile.com\/wp-content\/uploads\/2020\/02\/Bouton-Bryophytes.jpg 598w\" sizes=\"auto, (max-width: 300px) 100vw, 300px\" \/><\/a><\/td>\n<\/tr>\n<tr>\n<td style=\"width: 23.2357%\"><a href=\"https:\/\/lesnaturalistesdeletoile.com\/?page_id=2073\" target=\"_blank\" rel=\"noopener noreferrer\"><img loading=\"lazy\" decoding=\"async\" class=\"alignleft wp-image-4605 size-medium\" src=\"https:\/\/lesnaturalistesdeletoile.com\/wp-content\/uploads\/2020\/02\/Bouton-Lichens-300x107.jpg\" alt=\"\" width=\"300\" height=\"107\" srcset=\"https:\/\/lesnaturalistesdeletoile.com\/wp-content\/uploads\/2020\/02\/Bouton-Lichens-300x107.jpg 300w, https:\/\/lesnaturalistesdeletoile.com\/wp-content\/uploads\/2020\/02\/Bouton-Lichens.jpg 598w\" sizes=\"auto, (max-width: 300px) 100vw, 300px\" \/><\/a><\/td>\n<td style=\"width: 23.6806%\"><a href=\"https:\/\/lesnaturalistesdeletoile.com\/?page_id=2162\" target=\"_blank\" rel=\"noopener noreferrer\"><img loading=\"lazy\" decoding=\"async\" class=\"aligncenter wp-image-4602 size-medium\" src=\"https:\/\/lesnaturalistesdeletoile.com\/wp-content\/uploads\/2020\/02\/Bouton-Champignons-300x107.jpg\" alt=\"\" width=\"300\" height=\"107\" srcset=\"https:\/\/lesnaturalistesdeletoile.com\/wp-content\/uploads\/2020\/02\/Bouton-Champignons-300x107.jpg 300w, https:\/\/lesnaturalistesdeletoile.com\/wp-content\/uploads\/2020\/02\/Bouton-Champignons.jpg 598w\" sizes=\"auto, (max-width: 300px) 100vw, 300px\" \/><\/a><\/td>\n<td style=\"width: 23.3819%\"><a href=\"https:\/\/lesnaturalistesdeletoile.com\/?page_id=4999\" target=\"_blank\" rel=\"noopener\"><img loading=\"lazy\" decoding=\"async\" class=\"alignright wp-image-4608 size-medium\" src=\"https:\/\/lesnaturalistesdeletoile.com\/wp-content\/uploads\/2020\/02\/Bouton-Myxomyc\u00e8tes-300x107.jpg\" alt=\"\" width=\"300\" height=\"107\" srcset=\"https:\/\/lesnaturalistesdeletoile.com\/wp-content\/uploads\/2020\/02\/Bouton-Myxomyc\u00e8tes-300x107.jpg 300w, https:\/\/lesnaturalistesdeletoile.com\/wp-content\/uploads\/2020\/02\/Bouton-Myxomyc\u00e8tes.jpg 598w\" sizes=\"auto, (max-width: 300px) 100vw, 300px\" \/><\/a><\/td>\n<\/tr>\n<tr>\n<td style=\"width: 23.2357%\"><a href=\"https:\/\/lesnaturalistesdeletoile.com\/?page_id=4992\" target=\"_blank\" rel=\"noopener\"><img loading=\"lazy\" decoding=\"async\" class=\"alignleft wp-image-4610 size-medium\" src=\"https:\/\/lesnaturalistesdeletoile.com\/wp-content\/uploads\/2020\/02\/Bouton-Papillons-300x107.jpg\" alt=\"\" width=\"300\" height=\"107\" srcset=\"https:\/\/lesnaturalistesdeletoile.com\/wp-content\/uploads\/2020\/02\/Bouton-Papillons-300x107.jpg 300w, https:\/\/lesnaturalistesdeletoile.com\/wp-content\/uploads\/2020\/02\/Bouton-Papillons.jpg 598w\" sizes=\"auto, (max-width: 300px) 100vw, 300px\" \/><\/a><\/td>\n<td style=\"width: 23.6806%\"><a href=\"https:\/\/lesnaturalistesdeletoile.com\/?page_id=5018\" target=\"_blank\" rel=\"noopener\"><img loading=\"lazy\" decoding=\"async\" class=\"aligncenter wp-image-4604 size-medium\" src=\"https:\/\/lesnaturalistesdeletoile.com\/wp-content\/uploads\/2020\/02\/Bouton-Insectes-300x107.jpg\" alt=\"\" width=\"300\" height=\"107\" srcset=\"https:\/\/lesnaturalistesdeletoile.com\/wp-content\/uploads\/2020\/02\/Bouton-Insectes-300x107.jpg 300w, https:\/\/lesnaturalistesdeletoile.com\/wp-content\/uploads\/2020\/02\/Bouton-Insectes.jpg 598w\" sizes=\"auto, (max-width: 300px) 100vw, 300px\" \/><\/a><\/td>\n<td style=\"width: 23.3819%\"><a href=\"https:\/\/lesnaturalistesdeletoile.com\/?page_id=5008\" target=\"_blank\" rel=\"noopener\"><img loading=\"lazy\" decoding=\"async\" class=\"alignright wp-image-4599 size-medium\" src=\"https:\/\/lesnaturalistesdeletoile.com\/wp-content\/uploads\/2020\/02\/Bouton-Arachnides-300x107.jpg\" alt=\"\" width=\"300\" height=\"107\" srcset=\"https:\/\/lesnaturalistesdeletoile.com\/wp-content\/uploads\/2020\/02\/Bouton-Arachnides-300x107.jpg 300w, https:\/\/lesnaturalistesdeletoile.com\/wp-content\/uploads\/2020\/02\/Bouton-Arachnides.jpg 598w\" sizes=\"auto, (max-width: 300px) 100vw, 300px\" \/><\/a><\/td>\n<\/tr>\n<tr>\n<td style=\"width: 23.2357%\"><a href=\"https:\/\/lesnaturalistesdeletoile.com\/?page_id=5028\" target=\"_blank\" rel=\"noopener\"><img loading=\"lazy\" decoding=\"async\" class=\"alignleft wp-image-4598 size-medium\" src=\"https:\/\/lesnaturalistesdeletoile.com\/wp-content\/uploads\/2020\/02\/Bouton-Amphibiens-et-Reptiles-300x106.jpg\" alt=\"\" width=\"300\" height=\"106\" srcset=\"https:\/\/lesnaturalistesdeletoile.com\/wp-content\/uploads\/2020\/02\/Bouton-Amphibiens-et-Reptiles-300x106.jpg 300w, https:\/\/lesnaturalistesdeletoile.com\/wp-content\/uploads\/2020\/02\/Bouton-Amphibiens-et-Reptiles.jpg 601w\" sizes=\"auto, (max-width: 300px) 100vw, 300px\" \/><\/a><\/td>\n<td style=\"width: 23.6806%\"><a href=\"https:\/\/lesnaturalistesdeletoile.com\/?page_id=5032\" target=\"_blank\" rel=\"noopener\"><img loading=\"lazy\" decoding=\"async\" class=\"aligncenter wp-image-4607 size-medium\" src=\"https:\/\/lesnaturalistesdeletoile.com\/wp-content\/uploads\/2020\/02\/Bouton-Mollusques-terrestres-300x106.jpg\" alt=\"\" width=\"300\" height=\"106\" srcset=\"https:\/\/lesnaturalistesdeletoile.com\/wp-content\/uploads\/2020\/02\/Bouton-Mollusques-terrestres-300x106.jpg 300w, https:\/\/lesnaturalistesdeletoile.com\/wp-content\/uploads\/2020\/02\/Bouton-Mollusques-terrestres.jpg 601w\" sizes=\"auto, (max-width: 300px) 100vw, 300px\" \/><\/a><\/td>\n<td style=\"width: 23.3819%\"><a href=\"https:\/\/lesnaturalistesdeletoile.com\/?page_id=5024\" target=\"_blank\" rel=\"noopener\"><img loading=\"lazy\" decoding=\"async\" class=\"alignright wp-image-4611 size-medium\" src=\"https:\/\/lesnaturalistesdeletoile.com\/wp-content\/uploads\/2020\/02\/Bouton-Poissons-Algues-Vie-marine-300x106.jpg\" alt=\"\" width=\"300\" height=\"106\" srcset=\"https:\/\/lesnaturalistesdeletoile.com\/wp-content\/uploads\/2020\/02\/Bouton-Poissons-Algues-Vie-marine-300x106.jpg 300w, https:\/\/lesnaturalistesdeletoile.com\/wp-content\/uploads\/2020\/02\/Bouton-Poissons-Algues-Vie-marine.jpg 601w\" sizes=\"auto, (max-width: 300px) 100vw, 300px\" \/><\/a><\/td>\n<\/tr>\n<tr>\n<td style=\"width: 23.2357%\"><a href=\"https:\/\/lesnaturalistesdeletoile.com\/?page_id=5012\" target=\"_blank\" rel=\"noopener\"><img loading=\"lazy\" decoding=\"async\" class=\"alignleft wp-image-4609 size-medium\" src=\"https:\/\/lesnaturalistesdeletoile.com\/wp-content\/uploads\/2020\/02\/Bouton-Oiseaux-300x107.jpg\" alt=\"\" width=\"300\" height=\"107\" srcset=\"https:\/\/lesnaturalistesdeletoile.com\/wp-content\/uploads\/2020\/02\/Bouton-Oiseaux-300x107.jpg 300w, https:\/\/lesnaturalistesdeletoile.com\/wp-content\/uploads\/2020\/02\/Bouton-Oiseaux.jpg 599w\" sizes=\"auto, (max-width: 300px) 100vw, 300px\" \/><\/a><\/td>\n<td style=\"width: 23.6806%\"><a href=\"https:\/\/lesnaturalistesdeletoile.com\/?page_id=5037\" target=\"_blank\" rel=\"noopener\"><img loading=\"lazy\" decoding=\"async\" class=\"aligncenter wp-image-4606 size-medium\" src=\"https:\/\/lesnaturalistesdeletoile.com\/wp-content\/uploads\/2020\/02\/Bouton-Mammif\u00e8res-Chauves-souris-300x107.jpg\" alt=\"\" width=\"300\" height=\"107\" srcset=\"https:\/\/lesnaturalistesdeletoile.com\/wp-content\/uploads\/2020\/02\/Bouton-Mammif\u00e8res-Chauves-souris-300x107.jpg 300w, https:\/\/lesnaturalistesdeletoile.com\/wp-content\/uploads\/2020\/02\/Bouton-Mammif\u00e8res-Chauves-souris.jpg 599w\" sizes=\"auto, (max-width: 300px) 100vw, 300px\" \/><\/a><\/td>\n<td style=\"width: 23.3819%;text-align: center;vertical-align: middle\"><a href=\"https:\/\/lesnaturalistesdeletoile.com\/?page_id=2161\" target=\"_blank\" rel=\"noopener noreferrer\"><img loading=\"lazy\" decoding=\"async\" class=\"alignright wp-image-4603 size-medium\" src=\"https:\/\/lesnaturalistesdeletoile.com\/wp-content\/uploads\/2020\/02\/Bouton-G\u00e9ologie-300x107.jpg\" alt=\"\" width=\"300\" height=\"107\" srcset=\"https:\/\/lesnaturalistesdeletoile.com\/wp-content\/uploads\/2020\/02\/Bouton-G\u00e9ologie-300x107.jpg 300w, https:\/\/lesnaturalistesdeletoile.com\/wp-content\/uploads\/2020\/02\/Bouton-G\u00e9ologie.jpg 599w\" sizes=\"auto, (max-width: 300px) 100vw, 300px\" \/><\/a><\/td>\n<\/tr>\n<\/tbody>\n<\/table>\n<p>&nbsp;<\/p>\n<p>&nbsp;<\/p>\n<p>&nbsp;<\/p>\n<p>&nbsp;<\/p>\n<p>&nbsp;<\/p>\n<p>&nbsp;<\/p>\n<p>&nbsp;<\/p>\n<p>&nbsp;<\/p>\n<p>&nbsp;<\/p>\n<p>&nbsp;<\/p>\n<p>&nbsp;<\/p>\n<p>&nbsp;<\/p>\n<h3>Images li\u00e9es:<\/h3>","protected":false},"excerpt":{"rendered":"<p>&nbsp; Liens utiles (sites internet) Les sites internet sur les diff\u00e9rents domaines naturalistes sont \u00e9videmment tr\u00e8s nombreux. Notre association, Les Naturalistes de l\u2019Etoile, forte de la pratique de ses adh\u00e9rents, a donc dress\u00e9 des listes de sites int\u00e9ressants pour chaque sp\u00e9cialit\u00e9. Elles ne sont \u00e9videmment pas exhaustives et sont susceptibles d\u2019\u00e9voluer. Ces sites sont des [&hellip;]<\/p>\n","protected":false},"author":3,"featured_media":0,"parent":0,"menu_order":0,"comment_status":"closed","ping_status":"closed","template":"","meta":{"ngg_post_thumbnail":0,"ocean_post_layout":"","ocean_both_sidebars_style":"","ocean_both_sidebars_content_width":0,"ocean_both_sidebars_sidebars_width":0,"ocean_sidebar":"0","ocean_second_sidebar":"0","ocean_disable_margins":"enable","ocean_add_body_class":"","ocean_shortcode_before_top_bar":"","ocean_shortcode_after_top_bar":"","ocean_shortcode_before_header":"","ocean_shortcode_after_header":"","ocean_has_shortcode":"","ocean_shortcode_after_title":"","ocean_shortcode_before_footer_widgets":"","ocean_shortcode_after_footer_widgets":"","ocean_shortcode_before_footer_bottom":"","ocean_shortcode_after_footer_bottom":"","ocean_display_top_bar":"default","ocean_display_header":"default","ocean_header_style":"","ocean_center_header_left_menu":"0","ocean_custom_header_template":"0","ocean_custom_logo":0,"ocean_custom_retina_logo":0,"ocean_custom_logo_max_width":0,"ocean_custom_logo_tablet_max_width":0,"ocean_custom_logo_mobile_max_width":0,"ocean_custom_logo_max_height":0,"ocean_custom_logo_tablet_max_height":0,"ocean_custom_logo_mobile_max_height":0,"ocean_header_custom_menu":"0","ocean_menu_typo_font_family":"0","ocean_menu_typo_font_subset":"","ocean_menu_typo_font_size":0,"ocean_menu_typo_font_size_tablet":0,"ocean_menu_typo_font_size_mobile":0,"ocean_menu_typo_font_size_unit":"px","ocean_menu_typo_font_weight":"","ocean_menu_typo_font_weight_tablet":"","ocean_menu_typo_font_weight_mobile":"","ocean_menu_typo_transform":"","ocean_menu_typo_transform_tablet":"","ocean_menu_typo_transform_mobile":"","ocean_menu_typo_line_height":0,"ocean_menu_typo_line_height_tablet":0,"ocean_menu_typo_line_height_mobile":0,"ocean_menu_typo_line_height_unit":"","ocean_menu_typo_spacing":0,"ocean_menu_typo_spacing_tablet":0,"ocean_menu_typo_spacing_mobile":0,"ocean_menu_typo_spacing_unit":"","ocean_menu_link_color":"","ocean_menu_link_color_hover":"","ocean_menu_link_color_active":"","ocean_menu_link_background":"","ocean_menu_link_hover_background":"","ocean_menu_link_active_background":"","ocean_menu_social_links_bg":"","ocean_menu_social_hover_links_bg":"","ocean_menu_social_links_color":"","ocean_menu_social_hover_links_color":"","ocean_disable_title":"default","ocean_disable_heading":"default","ocean_post_title":"","ocean_post_subheading":"","ocean_post_title_style":"","ocean_post_title_background_color":"","ocean_post_title_background":0,"ocean_post_title_bg_image_position":"","ocean_post_title_bg_image_attachment":"","ocean_post_title_bg_image_repeat":"","ocean_post_title_bg_image_size":"","ocean_post_title_height":0,"ocean_post_title_bg_overlay":0.5,"ocean_post_title_bg_overlay_color":"","ocean_disable_breadcrumbs":"default","ocean_breadcrumbs_color":"","ocean_breadcrumbs_separator_color":"","ocean_breadcrumbs_links_color":"","ocean_breadcrumbs_links_hover_color":"","ocean_display_footer_widgets":"default","ocean_display_footer_bottom":"default","ocean_custom_footer_template":"0","footnotes":""},"class_list":["post-890","page","type-page","status-publish","hentry","entry"],"aioseo_notices":[],"_links":{"self":[{"href":"https:\/\/lesnaturalistesdeletoile.com\/index.php\/wp-json\/wp\/v2\/pages\/890","targetHints":{"allow":["GET"]}}],"collection":[{"href":"https:\/\/lesnaturalistesdeletoile.com\/index.php\/wp-json\/wp\/v2\/pages"}],"about":[{"href":"https:\/\/lesnaturalistesdeletoile.com\/index.php\/wp-json\/wp\/v2\/types\/page"}],"author":[{"embeddable":true,"href":"https:\/\/lesnaturalistesdeletoile.com\/index.php\/wp-json\/wp\/v2\/users\/3"}],"replies":[{"embeddable":true,"href":"https:\/\/lesnaturalistesdeletoile.com\/index.php\/wp-json\/wp\/v2\/comments?post=890"}],"version-history":[{"count":40,"href":"https:\/\/lesnaturalistesdeletoile.com\/index.php\/wp-json\/wp\/v2\/pages\/890\/revisions"}],"predecessor-version":[{"id":5039,"href":"https:\/\/lesnaturalistesdeletoile.com\/index.php\/wp-json\/wp\/v2\/pages\/890\/revisions\/5039"}],"wp:attachment":[{"href":"https:\/\/lesnaturalistesdeletoile.com\/index.php\/wp-json\/wp\/v2\/media?parent=890"}],"curies":[{"name":"wp","href":"https:\/\/api.w.org\/{rel}","templated":true}]}}