{"id":6706,"date":"2024-03-25T17:40:02","date_gmt":"2024-03-25T16:40:02","guid":{"rendered":"https:\/\/lesnaturalistesdeletoile.com\/?page_id=6706"},"modified":"2026-01-23T17:00:51","modified_gmt":"2026-01-23T16:00:51","slug":"nos-publications","status":"publish","type":"page","link":"https:\/\/lesnaturalistesdeletoile.com\/index.php\/nos-publications\/","title":{"rendered":"Nos articles:"},"content":{"rendered":"\n<div class=\"wp-block-group\"><div class=\"wp-block-group__inner-container is-layout-constrained wp-block-group-is-layout-constrained\">\n<div class=\"wp-block-media-text alignwide has-media-on-the-right is-stacked-on-mobile\"><div class=\"wp-block-media-text__content\">\n<div class=\"wp-block-group alignwide\"><div class=\"wp-block-group__inner-container is-layout-constrained wp-block-group-is-layout-constrained\">\n<div class=\"wp-block-columns are-vertically-aligned-top is-layout-flex wp-container-core-columns-is-layout-9d6595d7 wp-block-columns-is-layout-flex\">\n<div class=\"wp-block-column is-vertically-aligned-top is-layout-flow wp-block-column-is-layout-flow\" style=\"flex-basis:100%\">\n<table style=\"border-collapse: collapse;width: 249.008%;height: 2545px\">\n<tbody>\n<tr style=\"height: 212px\">\n<td style=\"width: 99.8862%;height: 218px\" colspan=\"2\">\n<h3><em><strong>Cette page regroupe des articles con\u00e7us sp\u00e9cialement pour la Lettre des Naturalistes qui est <\/strong><\/em><em><strong>envoy\u00e9e environ une fois par mois aux adh\u00e9rents.<\/strong><\/em><\/h3>\n<h3><em><strong>Dans celle-ci, ils sont mis en avant dans une rubrique r\u00e9guli\u00e8re intitul\u00e9e \u00ab La fleur du mois \u00bb, mais ils&nbsp;<\/strong><\/em><em><strong>peuvent concerner occasionnellement d\u2019autres domaines que la botanique (mousses, lichens, <\/strong><\/em><em><strong>insectes ou araign\u00e9es, etc.)&nbsp;&nbsp;<\/strong><\/em><\/h3>\n<h3><em><strong>Comme ils peuvent int\u00e9resser un public plus large que le champ de notre association, ils sont mis ici <\/strong><\/em><em><strong>en acc\u00e8s libre, tous les textes et toutes les photos \u00e9manant de membres de notre association.<\/strong><\/em><\/h3>\n<p>&nbsp;<\/p>\n<\/td>\n<\/tr>\n<tr style=\"height: 79px\">\n<td style=\"width: 19.2264%;height: 79px\">\n<h3 style=\"text-align: left\"><span style=\"color: #000000\"><strong> &#8211; Janvier 2026<\/strong><\/span><\/h3>\n<\/td>\n<td style=\"width: 80.6598%;height: 79px\">\n<h3 style=\"text-align: left\"><strong>\u2b50<\/strong><strong>Ce mois ci: <\/strong><strong>Les fleurs du mois: <\/strong><a href=\"https:\/\/lesnaturalistesdeletoile.com\/wp-content\/uploads\/2026\/01\/Les-Fleurs-du-mois-de-janvier.pdf\" target=\"_blank\" rel=\"noopener\"><strong>Ces intr\u00e9pides au c\u0153ur de l\u2019hiver !&nbsp;<\/strong><\/a><\/h3>\n<\/td>\n<\/tr>\n<tr style=\"height: 79px\">\n<td style=\"width: 19.2264%;height: 79px\">\n<h3 style=\"text-align: left\"><span style=\"color: #000000\"><strong>&#8211; Novembre 2025<\/strong><\/span><\/h3>\n<\/td>\n<td style=\"width: 80.6598%;height: 79px\">\n<h3 style=\"text-align: left\"><strong>\u2b50<\/strong><strong>Ce mois ci: <\/strong><strong>Les fleurs du mois: <a href=\"https:\/\/lesnaturalistesdeletoile.com\/wp-content\/uploads\/2025\/10\/Asteracees-jaunes-dautomne.pdf\" target=\"_blank\" rel=\"noopener\">Ast\u00e9rac\u00e9es jaunes d&rsquo;automne<\/a><\/strong><\/h3>\n<\/td>\n<\/tr>\n<tr style=\"height: 57px\">\n<td style=\"width: 19.2264%;height: 57px\">\n<h3 style=\"text-align: left\"><span style=\"color: #000000\"><strong>&#8211; Juin 2025<\/strong><\/span><\/h3>\n<\/td>\n<td style=\"width: 80.6598%;height: 57px\">\n<h3 style=\"text-align: left\"><strong>\u2b50<\/strong><strong>Ce mois ci: <\/strong><strong>La Plante du mois:<\/strong><span style=\"color: #000000\"><strong><a href=\"https:\/\/lesnaturalistesdeletoile.com\/wp-content\/uploads\/2025\/06\/La-Fleur-du-mois-Sedum-caeruleum.pdf\" target=\"_blank\" rel=\"noopener\"> L&rsquo;orpin bleu <\/a>(sedum caeruleum)<\/strong><\/span><\/h3>\n<\/td>\n<\/tr>\n<tr style=\"height: 57px\">\n<td style=\"width: 19.2264%;height: 57px\">\n<h3 style=\"text-align: left\"><span style=\"color: #000000\"><strong>&#8211; Avril 2025<\/strong><\/span><\/h3>\n<\/td>\n<td style=\"width: 80.6598%;height: 57px\">\n<h3 style=\"text-align: left\"><strong>\u2b50<\/strong><strong>Ce mois ci: <\/strong><strong>La Fleur du mois : <a href=\"https:\/\/lesnaturalistesdeletoile.com\/wp-content\/uploads\/2025\/04\/La-fleur-du-mois-Borago-officinalis.pdf\" target=\"_blank\" rel=\"noopener\">La Bourrache officinale <\/a><\/strong><em><strong>(Borago officinalis)<\/strong><\/em><\/h3>\n<\/td>\n<\/tr>\n<tr style=\"height: 79px\">\n<td style=\"width: 19.2264%;height: 79px\">\n<h3 style=\"text-align: left\"><span style=\"color: #000000\"><strong>&#8211; Mars 2025<\/strong><\/span><\/h3>\n<\/td>\n<td style=\"width: 80.6598%;height: 79px\">\n<h3 style=\"text-align: left\"><strong>\u2b50<\/strong><strong>Ce mois ci: <\/strong><strong>La Plante du mois : <a href=\"https:\/\/lesnaturalistesdeletoile.com\/wp-content\/uploads\/2025\/03\/La-Plante-du-mois-Asparagus-acutifolius.pdf\" target=\"_blank\" rel=\"noopener\">Asperge \u00e0 feuilles aig\u00fces <\/a><\/strong><em><strong>(Asparagus acutifolius)<\/strong><\/em><\/h3>\n<\/td>\n<\/tr>\n<tr style=\"height: 97px\">\n<td style=\"width: 19.2264%;height: 97px\">\n<h3 style=\"text-align: left\"><span style=\"color: #000000\"><strong>&#8211; Janvier 2025<\/strong><\/span><\/h3>\n<\/td>\n<td style=\"width: 80.6598%;height: 97px\">\n<h3 style=\"text-align: left\"><strong>\u2b50<\/strong><strong>Ce mois ci: <\/strong><strong>\ud83e\udd14Les plantes du mois : <a href=\"https:\/\/lesnaturalistesdeletoile.com\/wp-content\/uploads\/2025\/01\/Les-plantes-du-mois-janvier-2025.pdf\" target=\"_blank\" rel=\"noopener\">saurez vous nous reconna\u00eetre ?<\/a><\/strong><\/h3>\n<\/td>\n<\/tr>\n<tr style=\"height: 57px\">\n<td style=\"width: 19.2264%;height: 57px\">\n<h3 style=\"text-align: left\"><span style=\"color: #000000\"><strong>&#8211; D\u00e9c. 2024<\/strong><\/span><\/h3>\n<\/td>\n<td style=\"width: 80.6598%;height: 57px\">\n<h3 style=\"text-align: left\"><strong>\u2b50<\/strong><strong>Ce mois ci:<\/strong><a href=\"https:\/\/lesnaturalistesdeletoile.com\/wp-content\/uploads\/2024\/12\/2.-La-surprise-du-mois-en-11.pdf\" target=\"_blank\" rel=\"noopener\"><strong>\ud83e\udda9Pour ce mois de d\u00e9cembre, une surprise\u2026 !\ud83e\udda9<\/strong><\/a><\/h3>\n<\/td>\n<\/tr>\n<tr style=\"height: 57px\">\n<td style=\"width: 19.2264%;height: 57px\">\n<h3 style=\"text-align: left\"><span style=\"color: #000000\"><strong>&#8211; Nov. 2024<\/strong><\/span><\/h3>\n<\/td>\n<td style=\"width: 80.6598%;height: 57px\">\n<h3><strong>\u2b50<\/strong><strong>Ce mois ci: <a href=\"https:\/\/lesnaturalistesdeletoile.com\/wp-content\/uploads\/2024\/11\/Les-champignons-du-mois.pdf\" target=\"_blank\" rel=\"noopener\">des champignons particuli\u00e8rement fac\u00e9tieux !<\/a><\/strong><\/h3>\n<\/td>\n<\/tr>\n<tr style=\"height: 57px\">\n<td style=\"width: 19.2264%;height: 57px\">\n<h3 style=\"text-align: left\"><span style=\"color: #000000\"><strong>&#8211; Oct. 2024<\/strong><\/span><\/h3>\n<\/td>\n<td style=\"width: 80.6598%;height: 57px\">\n<h3><strong>\u2b50 Les Fleurs du mois : <a href=\"https:\/\/lesnaturalistesdeletoile.com\/wp-content\/uploads\/2024\/10\/Fleurs-du-mois-les-Paquerettes-1.pdf\" target=\"_blank\" rel=\"noopener\">Les p\u00e2querettes<\/a><\/strong><\/h3>\n<\/td>\n<\/tr>\n<tr style=\"height: 57px\">\n<td style=\"width: 19.2264%;height: 57px\">\n<h3 style=\"text-align: left\"><span style=\"color: #000000\"><strong>&#8211; Sept. 2024<\/strong><\/span><\/h3>\n<\/td>\n<td style=\"width: 80.6598%;height: 57px\">\n<h3><strong>\u2b50 Les Fleurs du mois : <a href=\"https:\/\/lesnaturalistesdeletoile.com\/wp-content\/uploads\/2024\/09\/La-flore-saxicole-du-col-Agnel-2.pdf\" target=\"_blank\" rel=\"noopener\">Les beaut\u00e9s du Col Agnel<\/a><\/strong><\/h3>\n<\/td>\n<\/tr>\n<tr style=\"height: 57px\">\n<td style=\"width: 19.2264%;height: 57px\">\n<h3 style=\"text-align: left\"><span style=\"color: #000000\"><strong>&#8211; Juin 2024<\/strong><\/span><\/h3>\n<\/td>\n<td style=\"width: 80.6598%;height: 57px\">\n<h3><strong>\u2b50 Ce mois-ci: <a href=\"https:\/\/lesnaturalistesdeletoile.com\/wp-content\/uploads\/2024\/06\/3.-Des-Fleurs-et-des-Insectes-du-mois.pdf\" target=\"_blank\" rel=\"noopener\">Des fleurs et des insectes &#8230;<\/a><\/strong><\/h3>\n<\/td>\n<\/tr>\n<tr style=\"height: 57px\">\n<td style=\"width: 19.2264%;height: 57px\">\n<h3 style=\"text-align: left\"><span style=\"color: #000000\"><strong>&#8211; Mai 2024<\/strong><\/span><\/h3>\n<\/td>\n<td style=\"width: 80.6598%;height: 57px\">\n<h3><strong>\u2b50<\/strong><strong>La fleur du mois: <a href=\"https:\/\/lesnaturalistesdeletoile.com\/wp-content\/uploads\/2024\/04\/La-Fleur-du-mois-Pallenis-maritima-Definitif.pdf\" target=\"_blank\" rel=\"noopener\">L\u2019Ast\u00e9rolide maritime (<em>Pallenis maritima<\/em>)<\/a><\/strong><\/h3>\n<\/td>\n<\/tr>\n<tr style=\"height: 72px\">\n<td style=\"width: 19.2264%;height: 72px\">\n<h3 style=\"text-align: left\"><span style=\"color: #000000\"><strong>&#8211; Mars 2024<\/strong><\/span><\/h3>\n<\/td>\n<td style=\"width: 80.6598%;height: 72px\">\n<h3><strong>\u2b50 Les fleurs du mois: <a href=\"https:\/\/lesnaturalistesdeletoile.com\/wp-content\/uploads\/2024\/03\/Fleurs-du-mois-les-Tulipes.pdf\" target=\"_blank\" rel=\"noopener\">Les tulipes sauvages<\/a><\/strong><\/h3>\n<p><strong>&nbsp; La Tulipe d\u2019Agen <em>(Tulipa agenensis)<\/em>, l<\/strong><strong>a Tulipe pr\u00e9coce <em>(Tulipa raddii)<\/em>, la Tulipe de l\u2019Ecluse <em>(Tulipa clusiana)<\/em><\/strong><\/p>\n<\/td>\n<\/tr>\n<tr style=\"height: 57px\">\n<td style=\"width: 19.2264%;height: 57px\">\n<h3 style=\"text-align: left\"><strong>&#8211; F\u00e9vrier 2024<\/strong><\/h3>\n<\/td>\n<td style=\"width: 80.6598%;height: 57px\">\n<h3><strong>\u2b50 Le lichen du mois: <a href=\"https:\/\/lesnaturalistesdeletoile.com\/wp-content\/uploads\/2024\/02\/Le-lichen-du-mois-Usnochroma-carphinea.pdf\" target=\"_blank\" rel=\"noopener\">Le lichen (<em>Usnochroma carphinea)<\/em><\/a><\/strong><\/h3>\n<\/td>\n<\/tr>\n<tr style=\"height: 57px\">\n<td style=\"width: 19.2264%;height: 57px\">\n<h3 style=\"text-align: left\"><strong>&#8211; Janvier 2024<\/strong><\/h3>\n<\/td>\n<td style=\"width: 80.6598%;height: 57px\">\n<h3><strong>\u2b50 L\u2019arbuste du mois: <a href=\"https:\/\/lesnaturalistesdeletoile.com\/wp-content\/uploads\/2024\/01\/Larbuste-du-mois-larbousier.pdf\" target=\"_blank\" rel=\"noopener\">L\u2019Arbousier<em> (Arbutus unedo)<\/em><\/a><\/strong><\/h3>\n<\/td>\n<\/tr>\n<tr style=\"height: 57px\">\n<td style=\"width: 19.2264%;height: 57px\">\n<h3 style=\"text-align: left\">&#8211; D\u00e9cembre 2023<\/h3>\n<\/td>\n<td style=\"width: 80.6598%;height: 57px\">\n<h3><strong>\u2b50 Un magnifique petit v\u00e9g\u00e9tal non vascularis\u00e9:<a href=\"https:\/\/lesnaturalistesdeletoile.com\/wp-content\/uploads\/2023\/12\/Vegetal-du-mois-la-mousse.pdf\" target=\"_blank\" rel=\"noopener\"> \u00ab\u00a0La mousse\u00a0\u00bb<\/a><\/strong><\/h3>\n<\/td>\n<\/tr>\n<tr style=\"height: 97px\">\n<td style=\"width: 19.2264%;height: 97px\">\n<h3 style=\"text-align: left\"><strong>&#8211; Octobre 2023<\/strong><\/h3>\n<h3><strong>&nbsp;<\/strong><\/h3>\n<\/td>\n<td style=\"width: 80.6598%;height: 97px\">\n<h3><strong>\u2b50 La fleur du mois: <a href=\"https:\/\/lesnaturalistesdeletoile.com\/wp-content\/uploads\/2023\/10\/La-fleur-du-mois-Galatella-sedifolia.pdf\" target=\"_blank\" rel=\"noopener\">L\u2019Aster \u00e0 feuille d\u2019orpin (<em>Galatella sedifolia)<\/em><\/a><\/strong><\/h3>\n<h3><strong>\u2b50 Hogna radiata, <a href=\"https:\/\/lesnaturalistesdeletoile.com\/wp-content\/uploads\/2023\/10\/Hogna-radiata.pdf\" target=\"_blank\" rel=\"noopener\">Lycose radi\u00e9e ou Lycose tarentuline <\/a>(Catherine B\u00e9gnis)<\/strong><\/h3>\n<\/td>\n<\/tr>\n<tr style=\"height: 97px\">\n<td style=\"width: 19.2264%;height: 97px\">\n<h3 style=\"text-align: left\">&#8211; Septembre 2023&nbsp;<\/h3>\n<h3><strong>&nbsp;<\/strong><\/h3>\n<\/td>\n<td style=\"width: 80.6598%;height: 97px\">\n<h3><strong>\u2b50 La fleur du mois: <a href=\"https:\/\/lesnaturalistesdeletoile.com\/wp-content\/uploads\/2023\/09\/La-Fleur-du-mois-Allium-victorialis.pdf\" target=\"_blank\" rel=\"noopener\">L\u2019Ail victorial ou Ail de la Sainte-Victoire <em>(Allium victorialis)<\/em><\/a><\/strong><\/h3>\n<h3><strong>\u2b50Les Simples (simplicis herba): <a href=\"https:\/\/lesnaturalistesdeletoile.com\/wp-content\/uploads\/2023\/09\/Le-peuple-silencieux-Danielle-Tosi-Def.-2.pdf\" target=\"_blank\" rel=\"noopener\">Le peuple silencieux et d\u00e9licieux de la nature&nbsp;<\/a><\/strong><strong>(Danielle Tosi)<\/strong><\/h3>\n<\/td>\n<\/tr>\n<tr style=\"height: 97px\">\n<td style=\"width: 19.2264%;height: 97px\">\n<h3 style=\"text-align: left\">&#8211; Juillet 2023<\/h3>\n<h3><strong>&nbsp;<\/strong><\/h3>\n<\/td>\n<td style=\"width: 80.6598%;height: 97px\">\n<h3><strong>\u2b50 La fleur du mois: <a href=\"https:\/\/lesnaturalistesdeletoile.com\/wp-content\/uploads\/2023\/07\/La-Fleur-du-mois-DROSERA-1.pdf\" target=\"_blank\" rel=\"noopener\">Le Rossolis \u00e0 feuilles rondes <em>(Drosera rotundifolia)<\/em><\/a><\/strong><\/h3>\n<\/td>\n<\/tr>\n<tr style=\"height: 97px\">\n<td style=\"width: 19.2264%;height: 97px\">\n<h3 style=\"text-align: left\">&#8211; Mai 2023<\/h3>\n<\/td>\n<td style=\"width: 80.6598%;height: 97px\">\n<h3><strong>\u2b50 La fleur du mois: <a href=\"https:\/\/lesnaturalistesdeletoile.com\/wp-content\/uploads\/2023\/05\/Orchis-purpurea.pdf\" target=\"_blank\" rel=\"noopener\">Orchis pourpre <em>(Orchis purpurea)<\/em><\/a><\/strong><\/h3>\n<\/td>\n<\/tr>\n<tr style=\"height: 97px\">\n<td style=\"width: 19.2264%;height: 97px\">\n<h3 style=\"text-align: left\">&#8211; Avril 2023<\/h3>\n<\/td>\n<td style=\"width: 80.6598%;height: 97px\">\n<h3><strong>\u2b50 La fleur du mois: <a href=\"https:\/\/lesnaturalistesdeletoile.com\/wp-content\/uploads\/2023\/04\/Galactites-tomentosus.pdf\" target=\"_blank\" rel=\"noopener\">Galactites tomentosus <em>(Galactit\u00e8s tomenteux)<\/em><\/a><\/strong><\/h3>\n<\/td>\n<\/tr>\n<tr style=\"height: 97px\">\n<td style=\"width: 19.2264%;height: 97px\">\n<h3 style=\"text-align: left\">&#8211; Mars 2023<\/h3>\n<\/td>\n<td style=\"width: 80.6598%;height: 97px\">\n<h3><strong>\u2b50 La fleur du mois: <a href=\"https:\/\/lesnaturalistesdeletoile.com\/wp-content\/uploads\/2023\/02\/ulex-parviflorus-2-1.pdf\" target=\"_blank\" rel=\"noopener\">L\u2019Ajonc de Provence <em>(Ulex parviflorus)<\/em><\/a><\/strong><\/h3>\n<\/td>\n<\/tr>\n<tr style=\"height: 97px\">\n<td style=\"width: 19.2264%;height: 97px\">\n<h3 style=\"text-align: left\">&#8211; Janvier 2023<\/h3>\n<\/td>\n<td style=\"width: 80.6598%;height: 97px\">\n<h3><strong>\u2b50 La fleur du mois: <a href=\"https:\/\/lesnaturalistesdeletoile.com\/wp-content\/uploads\/2024\/03\/La-fleur-du-mois-Erica-multiflora-3.pdf\" target=\"_blank\" rel=\"noopener\">La Bruy\u00e8re \u00e0 fleurs nombreuses <em>(Erica multiflora)<\/em><\/a><\/strong><\/h3>\n<\/td>\n<\/tr>\n<tr style=\"height: 79px\">\n<td style=\"width: 19.2264%;height: 79px\">\n<h3 style=\"text-align: left\">&#8211; D\u00e9cembre 2022<\/h3>\n<\/td>\n<td style=\"width: 80.6598%;height: 79px\">\n<h3><strong>\u2b50 La fleur du mois: <a href=\"https:\/\/lesnaturalistesdeletoile.com\/wp-content\/uploads\/2024\/03\/La-Fleur-du-mois-Ruscus-aculeatus-2.pdf\" target=\"_blank\" rel=\"noopener\">Le Fragon <em>(Ruscus aculeatus)<\/em><\/a><\/strong><\/h3>\n<\/td>\n<\/tr>\n<tr style=\"height: 79px\">\n<td style=\"width: 19.2264%;height: 79px\">\n<h3 style=\"text-align: left\">&#8211; Novembre 2022<\/h3>\n<\/td>\n<td style=\"width: 80.6598%;height: 79px\">\n<h3><strong>\u2b50 La fleur du mois: <a href=\"https:\/\/lesnaturalistesdeletoile.com\/wp-content\/uploads\/2024\/03\/La-Fleur-du-mois-Catananche-caerulea.pdf\" target=\"_blank\" rel=\"noopener\">La Catananche bleue <em>(Catananche caerulae)<\/em><\/a><\/strong><\/h3>\n<\/td>\n<\/tr>\n<tr style=\"height: 79px\">\n<td style=\"width: 19.2264%;height: 79px\">\n<h3 style=\"text-align: left\">&#8211; Octobre 2022<\/h3>\n<\/td>\n<td style=\"width: 80.6598%;height: 79px\">\n<h3><strong>\u2b50 La fleur du mois: <\/strong><a href=\"https:\/\/lesnaturalistesdeletoile.com\/wp-content\/uploads\/2024\/03\/La-fleur-du-mois-Heliotropium-europaeum.pdf\" target=\"_blank\" rel=\"noopener\"><strong>L\u2019H\u00e9liotrope d\u2019Europe (<em>Heliotropium europaeum<\/em>)<\/strong><\/a><\/h3>\n<\/td>\n<\/tr>\n<tr style=\"height: 79px\">\n<td style=\"width: 19.2264%;height: 79px\">\n<h3 style=\"text-align: left\">&#8211; Septembre 2022<\/h3>\n<\/td>\n<td style=\"width: 80.6598%;height: 79px\">\n<h3><strong>\u2b50 La fleur du mois: <\/strong><a href=\"https:\/\/lesnaturalistesdeletoile.com\/wp-content\/uploads\/2024\/03\/La-Fleur-du-mois-Lilium-pyrenaicum.pdf\" target=\"_blank\" rel=\"noopener\"><strong>Le Lis des Pyr\u00e9n\u00e9es&nbsp;<em>(Lilium pyrenaicum)<\/em><\/strong><\/a><\/h3>\n<\/td>\n<\/tr>\n<tr style=\"height: 158px\">\n<td style=\"width: 19.2264%;height: 158px\">\n<h3 style=\"text-align: left\">&#8211; Juin 2022<\/h3>\n<\/td>\n<td style=\"width: 80.6598%;height: 158px\">\n<h3><strong>\u2b50 La fleur du mois: <\/strong><a href=\"https:\/\/lesnaturalistesdeletoile.com\/wp-content\/uploads\/2024\/03\/La-fleur-du-mois-Simethis-mattiazzi.pdf\" target=\"_blank\" rel=\"noopener\"><strong>Phalang\u00e8re \u00e0 feuilles planes<\/strong><strong><em>(Simethis mattiazzii)<\/em> <\/strong><\/a><\/h3>\n<\/td>\n<\/tr>\n<tr style=\"height: 141px\">\n<td style=\"width: 19.2264%;height: 141px\">\n<h3 style=\"text-align: left\">&#8211; Mai 2022<\/h3>\n<\/td>\n<td style=\"width: 80.6598%;height: 141px\">\n<h3><strong>\u2b50 La fleur du mois: <\/strong><a href=\"https:\/\/lesnaturalistesdeletoile.com\/wp-content\/uploads\/2024\/03\/3.-La-fleur-du-mois-Ophrys-speculum-Ophrys-miroir.pdf\" target=\"_blank\" rel=\"noopener\"><span style=\"color: #e03e2d\"><strong><span style=\"color: #000000\">Ophrys miroir <em>(Ophrys speculum)<\/em><\/span><\/strong><\/span><\/a><\/h3>\n<\/td>\n<\/tr>\n<\/tbody>\n<\/table>\n<h3 style=\"text-align: left\">&nbsp;<\/h3>\n<p>&nbsp;<\/p>\n<h3>&nbsp;<\/h3>\n<p>&nbsp;<\/p>\n<h3>&nbsp;<\/h3>\n<p>&nbsp;<\/p>\n<h3>&nbsp;<\/h3>\n<p>&nbsp;<\/p>\n<h3>&nbsp;<\/h3>\n<p>&nbsp;<\/p>\n<h3>&nbsp;<\/h3>\n<p>&nbsp;<\/p>\n<h3>&nbsp;<\/h3>\n<p>&nbsp;<\/p>\n<h3>&nbsp;<\/h3>\n<p>&nbsp;<\/p>\n<h3>&nbsp;<\/h3>\n<p>&nbsp;<\/p>\n<p>&nbsp;<\/p>\n<\/div>\n<\/div>\n<\/div><\/div>\n<\/div><figure class=\"wp-block-media-text__media\"><\/figure><\/div>\n<\/div><\/div>\n<h3>Images li\u00e9es:<\/h3>","protected":false},"excerpt":{"rendered":"<p>Cette page regroupe des articles con\u00e7us sp\u00e9cialement pour la Lettre des Naturalistes qui est envoy\u00e9e environ une fois par mois aux adh\u00e9rents. Dans celle-ci, ils sont mis en avant dans une rubrique r\u00e9guli\u00e8re intitul\u00e9e \u00ab La fleur du mois \u00bb, mais ils&nbsp;peuvent concerner occasionnellement d\u2019autres domaines que la botanique (mousses, lichens, insectes ou araign\u00e9es, etc.)&nbsp;&nbsp; [&hellip;]<\/p>\n","protected":false},"author":2,"featured_media":0,"parent":0,"menu_order":0,"comment_status":"closed","ping_status":"closed","template":"","meta":{"ngg_post_thumbnail":0,"ocean_post_layout":"","ocean_both_sidebars_style":"","ocean_both_sidebars_content_width":0,"ocean_both_sidebars_sidebars_width":0,"ocean_sidebar":"","ocean_second_sidebar":"","ocean_disable_margins":"enable","ocean_add_body_class":"","ocean_shortcode_before_top_bar":"","ocean_shortcode_after_top_bar":"","ocean_shortcode_before_header":"","ocean_shortcode_after_header":"","ocean_has_shortcode":"","ocean_shortcode_after_title":"","ocean_shortcode_before_footer_widgets":"","ocean_shortcode_after_footer_widgets":"","ocean_shortcode_before_footer_bottom":"","ocean_shortcode_after_footer_bottom":"","ocean_display_top_bar":"default","ocean_display_header":"default","ocean_header_style":"","ocean_center_header_left_menu":"","ocean_custom_header_template":"","ocean_custom_logo":0,"ocean_custom_retina_logo":0,"ocean_custom_logo_max_width":0,"ocean_custom_logo_tablet_max_width":0,"ocean_custom_logo_mobile_max_width":0,"ocean_custom_logo_max_height":0,"ocean_custom_logo_tablet_max_height":0,"ocean_custom_logo_mobile_max_height":0,"ocean_header_custom_menu":"","ocean_menu_typo_font_family":"","ocean_menu_typo_font_subset":"","ocean_menu_typo_font_size":0,"ocean_menu_typo_font_size_tablet":0,"ocean_menu_typo_font_size_mobile":0,"ocean_menu_typo_font_size_unit":"px","ocean_menu_typo_font_weight":"","ocean_menu_typo_font_weight_tablet":"","ocean_menu_typo_font_weight_mobile":"","ocean_menu_typo_transform":"","ocean_menu_typo_transform_tablet":"","ocean_menu_typo_transform_mobile":"","ocean_menu_typo_line_height":0,"ocean_menu_typo_line_height_tablet":0,"ocean_menu_typo_line_height_mobile":0,"ocean_menu_typo_line_height_unit":"","ocean_menu_typo_spacing":0,"ocean_menu_typo_spacing_tablet":0,"ocean_menu_typo_spacing_mobile":0,"ocean_menu_typo_spacing_unit":"","ocean_menu_link_color":"","ocean_menu_link_color_hover":"","ocean_menu_link_color_active":"","ocean_menu_link_background":"","ocean_menu_link_hover_background":"","ocean_menu_link_active_background":"","ocean_menu_social_links_bg":"","ocean_menu_social_hover_links_bg":"","ocean_menu_social_links_color":"","ocean_menu_social_hover_links_color":"","ocean_disable_title":"default","ocean_disable_heading":"default","ocean_post_title":"","ocean_post_subheading":"","ocean_post_title_style":"","ocean_post_title_background_color":"","ocean_post_title_background":0,"ocean_post_title_bg_image_position":"","ocean_post_title_bg_image_attachment":"","ocean_post_title_bg_image_repeat":"","ocean_post_title_bg_image_size":"","ocean_post_title_height":0,"ocean_post_title_bg_overlay":0.5,"ocean_post_title_bg_overlay_color":"","ocean_disable_breadcrumbs":"default","ocean_breadcrumbs_color":"","ocean_breadcrumbs_separator_color":"","ocean_breadcrumbs_links_color":"","ocean_breadcrumbs_links_hover_color":"","ocean_display_footer_widgets":"default","ocean_display_footer_bottom":"default","ocean_custom_footer_template":"","footnotes":""},"class_list":["post-6706","page","type-page","status-publish","hentry","entry"],"aioseo_notices":[],"_links":{"self":[{"href":"https:\/\/lesnaturalistesdeletoile.com\/index.php\/wp-json\/wp\/v2\/pages\/6706","targetHints":{"allow":["GET"]}}],"collection":[{"href":"https:\/\/lesnaturalistesdeletoile.com\/index.php\/wp-json\/wp\/v2\/pages"}],"about":[{"href":"https:\/\/lesnaturalistesdeletoile.com\/index.php\/wp-json\/wp\/v2\/types\/page"}],"author":[{"embeddable":true,"href":"https:\/\/lesnaturalistesdeletoile.com\/index.php\/wp-json\/wp\/v2\/users\/2"}],"replies":[{"embeddable":true,"href":"https:\/\/lesnaturalistesdeletoile.com\/index.php\/wp-json\/wp\/v2\/comments?post=6706"}],"version-history":[{"count":78,"href":"https:\/\/lesnaturalistesdeletoile.com\/index.php\/wp-json\/wp\/v2\/pages\/6706\/revisions"}],"predecessor-version":[{"id":8048,"href":"https:\/\/lesnaturalistesdeletoile.com\/index.php\/wp-json\/wp\/v2\/pages\/6706\/revisions\/8048"}],"wp:attachment":[{"href":"https:\/\/lesnaturalistesdeletoile.com\/index.php\/wp-json\/wp\/v2\/media?parent=6706"}],"curies":[{"name":"wp","href":"https:\/\/api.w.org\/{rel}","templated":true}]}}