{"id":5051,"date":"2021-03-16T10:57:03","date_gmt":"2021-03-16T09:57:03","guid":{"rendered":"https:\/\/lesnaturalistesdeletoile.com\/?page_id=5051"},"modified":"2025-10-07T16:01:03","modified_gmt":"2025-10-07T14:01:03","slug":"contact-adhesion","status":"publish","type":"page","link":"https:\/\/lesnaturalistesdeletoile.com\/index.php\/contact-adhesion\/","title":{"rendered":"Contact + Adh\u00e9sion"},"content":{"rendered":"\n<h2 style=\"text-align: center\"><strong>Les Naturalistes de l\u2019Etoile<\/strong><\/h2>\n<table class=\" aligncenter\" style=\"width: 95.6894%;border-collapse: collapse;height: 132px\">\n<tbody>\n<tr style=\"height: 132px\">\n<td style=\"width: 33.1116%;height: 132px\"><img loading=\"lazy\" decoding=\"async\" class=\"wp-image-5050 aligncenter\" src=\"https:\/\/lesnaturalistesdeletoile.com\/wp-content\/uploads\/2021\/02\/Photo-page-Contact-1-300x173.jpg\" alt=\"\" width=\"188\" height=\"108\" srcset=\"https:\/\/lesnaturalistesdeletoile.com\/wp-content\/uploads\/2021\/02\/Photo-page-Contact-1-300x173.jpg 300w, https:\/\/lesnaturalistesdeletoile.com\/wp-content\/uploads\/2021\/02\/Photo-page-Contact-1-1024x589.jpg 1024w, https:\/\/lesnaturalistesdeletoile.com\/wp-content\/uploads\/2021\/02\/Photo-page-Contact-1-768x442.jpg 768w, https:\/\/lesnaturalistesdeletoile.com\/wp-content\/uploads\/2021\/02\/Photo-page-Contact-1-1536x884.jpg 1536w, https:\/\/lesnaturalistesdeletoile.com\/wp-content\/uploads\/2021\/02\/Photo-page-Contact-1-2048x1179.jpg 2048w, https:\/\/lesnaturalistesdeletoile.com\/wp-content\/uploads\/2021\/02\/Photo-page-Contact-1-1320x760.jpg 1320w\" sizes=\"auto, (max-width: 188px) 100vw, 188px\" \/><\/td>\n<td style=\"width: 29.7321%;height: 132px\"><img loading=\"lazy\" decoding=\"async\" class=\"wp-image-5049 aligncenter\" src=\"https:\/\/lesnaturalistesdeletoile.com\/wp-content\/uploads\/2021\/02\/Photo-page-Contact-2-300x205.jpg\" alt=\"\" width=\"158\" height=\"108\" srcset=\"https:\/\/lesnaturalistesdeletoile.com\/wp-content\/uploads\/2021\/02\/Photo-page-Contact-2-300x205.jpg 300w, https:\/\/lesnaturalistesdeletoile.com\/wp-content\/uploads\/2021\/02\/Photo-page-Contact-2-1024x701.jpg 1024w, https:\/\/lesnaturalistesdeletoile.com\/wp-content\/uploads\/2021\/02\/Photo-page-Contact-2-768x526.jpg 768w, https:\/\/lesnaturalistesdeletoile.com\/wp-content\/uploads\/2021\/02\/Photo-page-Contact-2-1536x1051.jpg 1536w, https:\/\/lesnaturalistesdeletoile.com\/wp-content\/uploads\/2021\/02\/Photo-page-Contact-2-2048x1401.jpg 2048w, https:\/\/lesnaturalistesdeletoile.com\/wp-content\/uploads\/2021\/02\/Photo-page-Contact-2-1320x903.jpg 1320w\" sizes=\"auto, (max-width: 158px) 100vw, 158px\" \/><\/td>\n<td style=\"width: 34.6599%;height: 132px\"><img loading=\"lazy\" decoding=\"async\" class=\" wp-image-5043 aligncenter\" src=\"https:\/\/lesnaturalistesdeletoile.com\/wp-content\/uploads\/2021\/02\/Photo-page-Contact-3-300x170.jpg\" alt=\"\" width=\"190\" height=\"108\" srcset=\"https:\/\/lesnaturalistesdeletoile.com\/wp-content\/uploads\/2021\/02\/Photo-page-Contact-3-300x170.jpg 300w, https:\/\/lesnaturalistesdeletoile.com\/wp-content\/uploads\/2021\/02\/Photo-page-Contact-3-1024x579.jpg 1024w, https:\/\/lesnaturalistesdeletoile.com\/wp-content\/uploads\/2021\/02\/Photo-page-Contact-3-768x434.jpg 768w, https:\/\/lesnaturalistesdeletoile.com\/wp-content\/uploads\/2021\/02\/Photo-page-Contact-3-1536x868.jpg 1536w, https:\/\/lesnaturalistesdeletoile.com\/wp-content\/uploads\/2021\/02\/Photo-page-Contact-3-1320x746.jpg 1320w, https:\/\/lesnaturalistesdeletoile.com\/wp-content\/uploads\/2021\/02\/Photo-page-Contact-3.jpg 1592w\" sizes=\"auto, (max-width: 190px) 100vw, 190px\" \/><\/td>\n<\/tr>\n<\/tbody>\n<\/table>\n<p style=\"text-align: center\">&nbsp;<\/p>\n<h3 style=\"text-align: center\"><strong>Contact<\/strong><\/h3>\n<p style=\"text-align: center\">Pour pouvoir prendre <strong>prendre contact avec nous<\/strong>, quelle qu\u2019en soit la raison, vous pouvez nous \u00e9crire \u00e0 l\u2019adresse mail suivante :<\/p>\n<p style=\"text-align: center\"><a href=\"mailto:lesnaturalistesdeletoile13@gmail.com\"><strong>lesnaturalistesdeletoile13@gmail.com<\/strong><\/a><\/p>\n<p style=\"text-align: center\">Nous vous r\u00e9pondrons le plus rapidement possible.<\/p>\n<p>&nbsp;<\/p>\n<h3 style=\"text-align: center\"><strong>Adh\u00e9sion \u00e0 l\u2019association<\/strong><\/h3>\n<p style=\"text-align: center\">Si vous souhaitez <strong>adh\u00e9rer \u00e0 notre association<\/strong>, vous pouvez t\u00e9l\u00e9charger le formulaire en cliquant sur le bouton \u00ab&nbsp;Adh\u00e9sion&nbsp;\u00bb.<\/p>\n<p style=\"text-align: center\">Il faudra ensuite nous le renvoyer correctement rempli par la Poste, \u00e0 l\u2019adresse indiqu\u00e9e, accompagn\u00e9 de votre ch\u00e8que de cotisation.<\/p>\n<p><a href=\"https:\/\/lesnaturalistesdeletoile.com\/wp-content\/uploads\/2025\/10\/Les-Naturalistes-de-lEtoile-2.pdf\" target=\"_blank\" rel=\"noopener\"><img loading=\"lazy\" decoding=\"async\" class=\"aligncenter wp-image-5044 size-full\" src=\"https:\/\/lesnaturalistesdeletoile.com\/wp-content\/uploads\/2021\/02\/Bouton-Adhesion.jpg\" alt=\"\" width=\"141\" height=\"39\"><\/a><\/p>\n<h3>Images li\u00e9es:<\/h3>","protected":false},"excerpt":{"rendered":"<p>Les Naturalistes de l\u2019Etoile &nbsp; Contact Pour pouvoir prendre prendre contact avec nous, quelle qu\u2019en soit la raison, vous pouvez nous \u00e9crire \u00e0 l\u2019adresse mail suivante : lesnaturalistesdeletoile13@gmail.com Nous vous r\u00e9pondrons le plus rapidement possible. &nbsp; Adh\u00e9sion \u00e0 l\u2019association Si vous souhaitez adh\u00e9rer \u00e0 notre association, vous pouvez t\u00e9l\u00e9charger le formulaire en cliquant sur le [&hellip;]<\/p>\n","protected":false},"author":7,"featured_media":0,"parent":0,"menu_order":0,"comment_status":"closed","ping_status":"closed","template":"","meta":{"ngg_post_thumbnail":0,"ocean_post_layout":"","ocean_both_sidebars_style":"","ocean_both_sidebars_content_width":0,"ocean_both_sidebars_sidebars_width":0,"ocean_sidebar":"0","ocean_second_sidebar":"0","ocean_disable_margins":"enable","ocean_add_body_class":"","ocean_shortcode_before_top_bar":"","ocean_shortcode_after_top_bar":"","ocean_shortcode_before_header":"","ocean_shortcode_after_header":"","ocean_has_shortcode":"","ocean_shortcode_after_title":"","ocean_shortcode_before_footer_widgets":"","ocean_shortcode_after_footer_widgets":"","ocean_shortcode_before_footer_bottom":"","ocean_shortcode_after_footer_bottom":"","ocean_display_top_bar":"default","ocean_display_header":"default","ocean_header_style":"","ocean_center_header_left_menu":"0","ocean_custom_header_template":"0","ocean_custom_logo":0,"ocean_custom_retina_logo":0,"ocean_custom_logo_max_width":0,"ocean_custom_logo_tablet_max_width":0,"ocean_custom_logo_mobile_max_width":0,"ocean_custom_logo_max_height":0,"ocean_custom_logo_tablet_max_height":0,"ocean_custom_logo_mobile_max_height":0,"ocean_header_custom_menu":"0","ocean_menu_typo_font_family":"0","ocean_menu_typo_font_subset":"","ocean_menu_typo_font_size":0,"ocean_menu_typo_font_size_tablet":0,"ocean_menu_typo_font_size_mobile":0,"ocean_menu_typo_font_size_unit":"px","ocean_menu_typo_font_weight":"","ocean_menu_typo_font_weight_tablet":"","ocean_menu_typo_font_weight_mobile":"","ocean_menu_typo_transform":"","ocean_menu_typo_transform_tablet":"","ocean_menu_typo_transform_mobile":"","ocean_menu_typo_line_height":0,"ocean_menu_typo_line_height_tablet":0,"ocean_menu_typo_line_height_mobile":0,"ocean_menu_typo_line_height_unit":"","ocean_menu_typo_spacing":0,"ocean_menu_typo_spacing_tablet":0,"ocean_menu_typo_spacing_mobile":0,"ocean_menu_typo_spacing_unit":"","ocean_menu_link_color":"","ocean_menu_link_color_hover":"","ocean_menu_link_color_active":"","ocean_menu_link_background":"","ocean_menu_link_hover_background":"","ocean_menu_link_active_background":"","ocean_menu_social_links_bg":"","ocean_menu_social_hover_links_bg":"","ocean_menu_social_links_color":"","ocean_menu_social_hover_links_color":"","ocean_disable_title":"default","ocean_disable_heading":"default","ocean_post_title":"","ocean_post_subheading":"","ocean_post_title_style":"","ocean_post_title_background_color":"","ocean_post_title_background":0,"ocean_post_title_bg_image_position":"","ocean_post_title_bg_image_attachment":"","ocean_post_title_bg_image_repeat":"","ocean_post_title_bg_image_size":"","ocean_post_title_height":0,"ocean_post_title_bg_overlay":0.5,"ocean_post_title_bg_overlay_color":"","ocean_disable_breadcrumbs":"default","ocean_breadcrumbs_color":"","ocean_breadcrumbs_separator_color":"","ocean_breadcrumbs_links_color":"","ocean_breadcrumbs_links_hover_color":"","ocean_display_footer_widgets":"default","ocean_display_footer_bottom":"default","ocean_custom_footer_template":"0","footnotes":""},"class_list":["post-5051","page","type-page","status-publish","hentry","entry"],"aioseo_notices":[],"_links":{"self":[{"href":"https:\/\/lesnaturalistesdeletoile.com\/index.php\/wp-json\/wp\/v2\/pages\/5051","targetHints":{"allow":["GET"]}}],"collection":[{"href":"https:\/\/lesnaturalistesdeletoile.com\/index.php\/wp-json\/wp\/v2\/pages"}],"about":[{"href":"https:\/\/lesnaturalistesdeletoile.com\/index.php\/wp-json\/wp\/v2\/types\/page"}],"author":[{"embeddable":true,"href":"https:\/\/lesnaturalistesdeletoile.com\/index.php\/wp-json\/wp\/v2\/users\/7"}],"replies":[{"embeddable":true,"href":"https:\/\/lesnaturalistesdeletoile.com\/index.php\/wp-json\/wp\/v2\/comments?post=5051"}],"version-history":[{"count":9,"href":"https:\/\/lesnaturalistesdeletoile.com\/index.php\/wp-json\/wp\/v2\/pages\/5051\/revisions"}],"predecessor-version":[{"id":7896,"href":"https:\/\/lesnaturalistesdeletoile.com\/index.php\/wp-json\/wp\/v2\/pages\/5051\/revisions\/7896"}],"wp:attachment":[{"href":"https:\/\/lesnaturalistesdeletoile.com\/index.php\/wp-json\/wp\/v2\/media?parent=5051"}],"curies":[{"name":"wp","href":"https:\/\/api.w.org\/{rel}","templated":true}]}}