{"id":5037,"date":"2021-02-13T12:10:09","date_gmt":"2021-02-13T11:10:09","guid":{"rendered":"https:\/\/lesnaturalistesdeletoile.com\/?page_id=5037"},"modified":"2022-05-08T14:57:56","modified_gmt":"2022-05-08T12:57:56","slug":"liens-utiles-mammiferes-chauves-souris","status":"publish","type":"page","link":"https:\/\/lesnaturalistesdeletoile.com\/index.php\/liens-utiles-mammiferes-chauves-souris\/","title":{"rendered":"Liens utiles : mammif\u00e8res, chauves-souris"},"content":{"rendered":"\n<p><img loading=\"lazy\" decoding=\"async\" class=\"size-medium wp-image-4606 aligncenter\" src=\"https:\/\/lesnaturalistesdeletoile.com\/wp-content\/uploads\/2020\/02\/Bouton-Mammif\u00e8res-Chauves-souris-300x107.jpg\" alt=\"\" width=\"300\" height=\"107\" srcset=\"https:\/\/lesnaturalistesdeletoile.com\/wp-content\/uploads\/2020\/02\/Bouton-Mammif\u00e8res-Chauves-souris-300x107.jpg 300w, https:\/\/lesnaturalistesdeletoile.com\/wp-content\/uploads\/2020\/02\/Bouton-Mammif\u00e8res-Chauves-souris.jpg 599w\" sizes=\"auto, (max-width: 300px) 100vw, 300px\" \/><\/p>\n<p>&nbsp;<\/p>\n<p>Ceci n\u2019est qu\u2019un rapide aper\u00e7u des sites fran\u00e7ais sur les Mammif\u00e8res. Ils sont peu nombreux \u00e0 traiter l\u2019ensemble des esp\u00e8ces.En fait lorsque l\u2019on recherche des informations sur un mammif\u00e8re en particulier, on tombe sur des tas d\u2019articles, de fiches, voire de sites sp\u00e9cifiques \u00e0 cette esp\u00e8ce. Nous ne les listons pas ici, ce serait trop long. La partie sans doute la plus int\u00e9ressante sur internet concerne les Chauves-souris. Nous n\u2019avons pas trait\u00e9 les C\u00e9tac\u00e9s, peu observables.<\/p>\n<p>&nbsp;<\/p>\n<p><span style=\"color: #ff0000\"><strong>1\/ Sites g\u00e9n\u00e9ralistes sur les Mammif\u00e8res<\/strong><\/span><\/p>\n<p><strong>Soci\u00e9t\u00e9 Fran\u00e7aise pour l\u2019Etude et la Protection des Mammif\u00e8res (SFEPM)<\/strong><br>Ce site propose la liste compl\u00e8te des mammif\u00e8res de France, avec un volet tr\u00e8s int\u00e9ressant sur les chauves-souris (galerie photos sur les esp\u00e8ces fran\u00e7aises). L\u2019accent est mis sur la protection des esp\u00e8ces.<br><a href=\"https:\/\/www.sfepm.org\/\" target=\"_blank\" rel=\"noopener\">https:\/\/www.sfepm.org\/<\/a><\/p>\n<p><strong>Animal.cheloniophilie.com<\/strong><br>Ce site traite de tous les animaux sauvages. Il contient une partie \u00ab Mammif\u00e8res \u00bb tr\u00e8s int\u00e9ressante, avec fiches et photos des principales esp\u00e8ces.<br><a href=\"https:\/\/animal.cheloniophilie.com\/\" target=\"_blank\" rel=\"noopener\">https:\/\/animal.cheloniophilie.com\/<\/a><\/p>\n<p><strong>Bestioles.ca<\/strong><br>Ce site qu\u00e9b\u00e9cois permet d\u2019acc\u00e9der \u00e0 des fiches document\u00e9es et illustr\u00e9es sur les Insectes, les Mammif\u00e8res et les Oiseaux. Le lien ci-dessus permet d\u2019acc\u00e9der directement \u00e0 la partie Mammif\u00e8res.<br><a href=\"http:\/\/www.bestioles.ca\/liste-mammiferes.html\" target=\"_blank\" rel=\"noopener\">http:\/\/www.bestioles.ca\/liste-mammiferes.html<\/a><\/p>\n<p>&nbsp;<\/p>\n<p><span style=\"color: #ff0000\"><strong>2\/ Sites enti\u00e8rement d\u00e9di\u00e9s aux Chauves-souris<\/strong><\/span><\/p>\n<p><strong>Chauve-souris, Mus\u00e9um d\u2019Histoire Naturelle de Bourges<\/strong><br>Tour d\u2019horizon complet sur les chauves-souris, avec des fiches sur toutes les esp\u00e8ces europ\u00e9ennes.<br><a href=\"http:\/\/www.museum-bourges.net\/index.php\" target=\"_blank\" rel=\"noopener\">http:\/\/www.museum-bourges.net\/index.php<\/a><\/p>\n<p><strong>Le Groupe Chiropt\u00e8res de Provence<\/strong><br>Cette association \u0153uvre pour la connaissance et la protection des Chauves-souris en Provence, r\u00e9gion qui compte 30 des 35 esp\u00e8ces europ\u00e9ennes. Les esp\u00e8ces sont bri\u00e8vement d\u00e9crites (menus d\u00e9roulants). L\u2019accent est mis sur la prospection et la protection, \u00e0 travers les nombreuses activit\u00e9s de l\u2019association.<br><a href=\"https:\/\/www.gcprovence.org\/\" target=\"_blank\" rel=\"noopener\">https:\/\/www.gcprovence.org\/<\/a><\/p>\n<h3>Images li\u00e9es:<\/h3>","protected":false},"excerpt":{"rendered":"<p>&nbsp; Ceci n\u2019est qu\u2019un rapide aper\u00e7u des sites fran\u00e7ais sur les Mammif\u00e8res. Ils sont peu nombreux \u00e0 traiter l\u2019ensemble des esp\u00e8ces.En fait lorsque l\u2019on recherche des informations sur un mammif\u00e8re en particulier, on tombe sur des tas d\u2019articles, de fiches, voire de sites sp\u00e9cifiques \u00e0 cette esp\u00e8ce. Nous ne les listons pas ici, ce serait [&hellip;]<\/p>\n","protected":false},"author":7,"featured_media":0,"parent":0,"menu_order":0,"comment_status":"closed","ping_status":"closed","template":"","meta":{"ngg_post_thumbnail":0,"ocean_post_layout":"","ocean_both_sidebars_style":"","ocean_both_sidebars_content_width":0,"ocean_both_sidebars_sidebars_width":0,"ocean_sidebar":"0","ocean_second_sidebar":"0","ocean_disable_margins":"enable","ocean_add_body_class":"","ocean_shortcode_before_top_bar":"","ocean_shortcode_after_top_bar":"","ocean_shortcode_before_header":"","ocean_shortcode_after_header":"","ocean_has_shortcode":"","ocean_shortcode_after_title":"","ocean_shortcode_before_footer_widgets":"","ocean_shortcode_after_footer_widgets":"","ocean_shortcode_before_footer_bottom":"","ocean_shortcode_after_footer_bottom":"","ocean_display_top_bar":"default","ocean_display_header":"default","ocean_header_style":"","ocean_center_header_left_menu":"0","ocean_custom_header_template":"0","ocean_custom_logo":0,"ocean_custom_retina_logo":0,"ocean_custom_logo_max_width":0,"ocean_custom_logo_tablet_max_width":0,"ocean_custom_logo_mobile_max_width":0,"ocean_custom_logo_max_height":0,"ocean_custom_logo_tablet_max_height":0,"ocean_custom_logo_mobile_max_height":0,"ocean_header_custom_menu":"0","ocean_menu_typo_font_family":"0","ocean_menu_typo_font_subset":"","ocean_menu_typo_font_size":0,"ocean_menu_typo_font_size_tablet":0,"ocean_menu_typo_font_size_mobile":0,"ocean_menu_typo_font_size_unit":"px","ocean_menu_typo_font_weight":"","ocean_menu_typo_font_weight_tablet":"","ocean_menu_typo_font_weight_mobile":"","ocean_menu_typo_transform":"","ocean_menu_typo_transform_tablet":"","ocean_menu_typo_transform_mobile":"","ocean_menu_typo_line_height":0,"ocean_menu_typo_line_height_tablet":0,"ocean_menu_typo_line_height_mobile":0,"ocean_menu_typo_line_height_unit":"","ocean_menu_typo_spacing":0,"ocean_menu_typo_spacing_tablet":0,"ocean_menu_typo_spacing_mobile":0,"ocean_menu_typo_spacing_unit":"","ocean_menu_link_color":"","ocean_menu_link_color_hover":"","ocean_menu_link_color_active":"","ocean_menu_link_background":"","ocean_menu_link_hover_background":"","ocean_menu_link_active_background":"","ocean_menu_social_links_bg":"","ocean_menu_social_hover_links_bg":"","ocean_menu_social_links_color":"","ocean_menu_social_hover_links_color":"","ocean_disable_title":"default","ocean_disable_heading":"default","ocean_post_title":"","ocean_post_subheading":"","ocean_post_title_style":"","ocean_post_title_background_color":"","ocean_post_title_background":0,"ocean_post_title_bg_image_position":"","ocean_post_title_bg_image_attachment":"","ocean_post_title_bg_image_repeat":"","ocean_post_title_bg_image_size":"","ocean_post_title_height":0,"ocean_post_title_bg_overlay":0.5,"ocean_post_title_bg_overlay_color":"","ocean_disable_breadcrumbs":"default","ocean_breadcrumbs_color":"","ocean_breadcrumbs_separator_color":"","ocean_breadcrumbs_links_color":"","ocean_breadcrumbs_links_hover_color":"","ocean_display_footer_widgets":"default","ocean_display_footer_bottom":"default","ocean_custom_footer_template":"0","footnotes":""},"class_list":["post-5037","page","type-page","status-publish","hentry","entry"],"aioseo_notices":[],"_links":{"self":[{"href":"https:\/\/lesnaturalistesdeletoile.com\/index.php\/wp-json\/wp\/v2\/pages\/5037","targetHints":{"allow":["GET"]}}],"collection":[{"href":"https:\/\/lesnaturalistesdeletoile.com\/index.php\/wp-json\/wp\/v2\/pages"}],"about":[{"href":"https:\/\/lesnaturalistesdeletoile.com\/index.php\/wp-json\/wp\/v2\/types\/page"}],"author":[{"embeddable":true,"href":"https:\/\/lesnaturalistesdeletoile.com\/index.php\/wp-json\/wp\/v2\/users\/7"}],"replies":[{"embeddable":true,"href":"https:\/\/lesnaturalistesdeletoile.com\/index.php\/wp-json\/wp\/v2\/comments?post=5037"}],"version-history":[{"count":1,"href":"https:\/\/lesnaturalistesdeletoile.com\/index.php\/wp-json\/wp\/v2\/pages\/5037\/revisions"}],"predecessor-version":[{"id":5038,"href":"https:\/\/lesnaturalistesdeletoile.com\/index.php\/wp-json\/wp\/v2\/pages\/5037\/revisions\/5038"}],"wp:attachment":[{"href":"https:\/\/lesnaturalistesdeletoile.com\/index.php\/wp-json\/wp\/v2\/media?parent=5037"}],"curies":[{"name":"wp","href":"https:\/\/api.w.org\/{rel}","templated":true}]}}