{"id":5018,"date":"2021-02-13T01:46:22","date_gmt":"2021-02-13T00:46:22","guid":{"rendered":"https:\/\/lesnaturalistesdeletoile.com\/?page_id=5018"},"modified":"2025-03-07T17:47:55","modified_gmt":"2025-03-07T16:47:55","slug":"liens-utiles-insectes-sauf-papillons","status":"publish","type":"page","link":"https:\/\/lesnaturalistesdeletoile.com\/index.php\/liens-utiles-insectes-sauf-papillons\/","title":{"rendered":"Liens utiles : insectes (sauf papillons)"},"content":{"rendered":"\n<p><img loading=\"lazy\" decoding=\"async\" class=\"size-medium wp-image-4604 aligncenter\" src=\"https:\/\/lesnaturalistesdeletoile.com\/wp-content\/uploads\/2020\/02\/Bouton-Insectes-300x107.jpg\" alt=\"\" width=\"300\" height=\"107\" srcset=\"https:\/\/lesnaturalistesdeletoile.com\/wp-content\/uploads\/2020\/02\/Bouton-Insectes-300x107.jpg 300w, https:\/\/lesnaturalistesdeletoile.com\/wp-content\/uploads\/2020\/02\/Bouton-Insectes.jpg 598w\" sizes=\"auto, (max-width: 300px) 100vw, 300px\" \/><\/p>\n<p>&nbsp;<\/p>\n<p>On ne listera ici que les sites facilement accessibles pr\u00e9sentant les diff\u00e9rents ordres d\u2019insectes, en dehors des L\u00e9pidopt\u00e8res (Papillons) qui font l\u2019objet d\u2019une liste sp\u00e9ciale (voir page Menu des liens utiles).<\/p>\n<p>&nbsp;<\/p>\n<p style=\"text-align: center\"><span style=\"color: #ff0000\"><strong>1\/ Un tr\u00e8s gros site<\/strong><\/span><\/p>\n<p><strong>Galerie du Monde des Insectes<\/strong><br>Tr\u00e8s gros site participatif sur les insectes mais aussi sur les arthropodes, divis\u00e9 en deux parties :<\/p>\n<p>&#8211; <strong>Le Monde des Insectes<\/strong>, qui est un Forum de tous les passionn\u00e9s d\u2019Entomologie&nbsp;et des Arthropodes. Les sujets sont extr\u00eamement nombreux et plein d\u2019enseignements : <a href=\"https:\/\/www.insecte.org\/\" target=\"_blank\" rel=\"noopener\">https:\/\/www.insecte.org\/<\/a><\/p>\n<p>&#8211; <strong>Galerie du Monde des insectes<\/strong>. Importante base de donn\u00e9es photographique, nombreuses esp\u00e8ces. Recherche par ordres et par familles. Indispensable lorsqu\u2019on se lance seul dans une d\u00e9termination&nbsp;: <a href=\"https:\/\/www.galerie-insecte.org\/galerie\/fichier.php\" target=\"_blank\" rel=\"noopener\">https:\/\/www.galerie-insecte.org\/galerie\/fichier.php<\/a><\/p>\n<p>&nbsp;<\/p>\n<p style=\"text-align: center\"><span style=\"color: #ff0000\"><strong>2\/ Autres sites g\u00e9n\u00e9ralistes<\/strong><\/span><\/p>\n<p><strong>Aramel \u2013 Les insectes (Petit cours illustr\u00e9 d\u2019entomologie)<\/strong><br>Ce \u00ab petit cours \u00bb d\u2019Alain Ramel est extraordinaire ! Tous les ordres et familles sont d\u00e9crits sur le plan anatomique et comportemental, avec des illustrations et des photos de nombreuses esp\u00e8ces. Le sommaire est en page 1 et on peut acc\u00e9der aux diff\u00e9rents ordres \u00e0 partir de la page 6. Indispensable. <em>Une astuce : Si vous avez une recherche pr\u00e9cise \u00e0 faire sur un groupe, un genre ou une esp\u00e8ce, tapez le nom dans votre navigateur avec Aramel (ex : Syrphus Aramel), il vous suffira de cliquer sur la premi\u00e8re page qui vous sera propos\u00e9e avec \u00ab\u00a0aramel.free.fr\u00a0\u00bb <\/em>.<br><a href=\"http:\/\/aramel.free.fr\/INSECTES01.shtml\" target=\"_blank\" rel=\"noopener\">http:\/\/aramel.free.fr\/INSECTES01.shtml<\/a><\/p>\n<p><strong>Entomoland<\/strong><br>Site tr\u00e8s int\u00e9ressant sur les Insectes, Arachnides, Myriapodes et Crustac\u00e9s terrestres (Cloportes), mais aussi sur la Macrophotographie. Plusieurs niveaux de recherche&nbsp;: pour d\u00e9butants, par ordres et par familles. Fiches des esp\u00e8ces tr\u00e8s bien renseign\u00e9es et belles photos.<br><a href=\"http:\/\/denbourge.free.fr\/index.htm\" target=\"_blank\" rel=\"noopener\">http:\/\/denbourge.free.fr\/index.htm<\/a><\/p>\n<p><strong>Les pages entomologiques d\u2019Alain Lequet (insectes.net)<\/strong><br>Excellent site, o\u00f9 les fiches sur les esp\u00e8ces fran\u00e7aises sont tr\u00e8s int\u00e9ressantes (description d\u00e9taill\u00e9e, anecdotes, nombreuses photos).&nbsp; Un site tr\u00e8s \u00ab&nbsp;vivant&nbsp;\u00bb, o\u00f9 les Col\u00e9opt\u00e8res et les L\u00e9pidopt\u00e8res ont une place pr\u00e9pond\u00e9rante.<br><a href=\"http:\/\/www.insectes-net.fr\/\" target=\"_blank\" rel=\"noopener\">http:\/\/www.insectes-net.fr\/<\/a><\/p>\n<p><strong>La Galerie de Quel Est cet Animal ?<\/strong><br>Photos et cl\u00e9s de d\u00e9termination des Insectes et Arachnides de France. Int\u00e9ressant pour une premi\u00e8re recherche (plus de 1 000 esp\u00e8ces).<br><a href=\"https:\/\/quelestcetanimal-lagalerie.com\/\" target=\"_blank\" rel=\"noopener\">https:\/\/quelestcetanimal-lagalerie.com\/<\/a><\/p>\n<p><strong>Bestioles.ca<\/strong><br>Ce site qu\u00e9b\u00e9cois permet d\u2019acc\u00e9der \u00e0 des fiches document\u00e9es et illustr\u00e9es sur les Insectes, les Mammif\u00e8res et les Oiseaux. Le lien ci-dessus permet d\u2019acc\u00e9der directement \u00e0 la partie Insectes. On y trouvera aussi, pour les d\u00e9butants, comment identifier un col\u00e9opt\u00e8re, un h\u00e9mipt\u00e8re, un hym\u00e9nopt\u00e8re, un odonate ou un orthopt\u00e8re.<br><a href=\"http:\/\/www.bestioles.ca\/liste-insectes.html\" target=\"_blank\" rel=\"noopener\">http:\/\/www.bestioles.ca\/liste-insectes.html<\/a><\/p>\n<p>&nbsp;<\/p>\n<p style=\"text-align: center\"><span style=\"color: #ff0000\"><strong>3\/ Sites sp\u00e9cialis\u00e9s<\/strong><\/span><\/p>\n<p><strong>Faune et Flore des zones humides<\/strong><br>Site de Guillaume Doucet sur les zones humides. On y trouve un grand nombre d\u2019Odonates mais aussi des ordres moins souvent \u00e9tudi\u00e9s (Eph\u00e9m\u00e8res, Pl\u00e9copt\u00e8res, Trichopt\u00e8res..). Une ambiance particuli\u00e8re, avec les habitats, la flore, les Amphibiens, les Crustac\u00e9s, les Mollusques&#8230;<br><a href=\"http:\/\/guillaume.doucet.free.fr\/\" target=\"_blank\" rel=\"noopener\">http:\/\/guillaume.doucet.free.fr\/<\/a><\/p>\n<p><strong>kerbtier.de (K\u00e4ferfauna Deutschlands) &#8211; Col\u00e9opt\u00e8res<\/strong><br>Site allemand enti\u00e8rement consacr\u00e9 aux Col\u00e9opt\u00e8res. Recherche par familles. Galeries photos sur des collections impressionnantes. Tr\u00e8s utile pour la d\u00e9termination. Possibilit\u00e9 de traduire la page en fran\u00e7ais.<br><a href=\"https:\/\/www.kerbtier.de\/\" target=\"_blank\" rel=\"noopener\">https:\/\/www.kerbtier.de\/<\/a><\/p>\n<p><strong>koleopterologie.de \u2013 Col\u00e9opt\u00e8res et H\u00e9mipt\u00e8res<\/strong><br>Site allemand consacr\u00e9 aux Col\u00e9opt\u00e8res (aller \u00e0 <a href=\"http:\/\/www.koleopterologie.de\/gallery\/index.html\" target=\"_blank\" rel=\"noopener\">K\u00e4fer-Galerie)<\/a> et aux H\u00e9mipt\u00e8res (aller \u00e0 <a href=\"http:\/\/www.koleopterologie.de\/heteroptera\/index.html\" target=\"_blank\" rel=\"noopener\">Wanzen-galerie<\/a>). Nombreuses photos. Plusieurs possibilit\u00e9s de navigation sur le site.<br><a href=\"http:\/\/www.koleopterologie.de\/\" target=\"_blank\" rel=\"noopener\">http:\/\/www.koleopterologie.de\/<\/a><\/p>\n<p><strong>British Bugs &#8211; H\u00e9mipt\u00e8res<\/strong><br>Site en anglais sp\u00e9cialis\u00e9 sur les H\u00e9mipt\u00e8res de Grande-Bretagne. Galeries de photos de qualit\u00e9 par familles.<br><a href=\"http:\/\/www.britishbugs.org.uk\/gallery.html\" target=\"_blank\" rel=\"noopener\">http:\/\/www.britishbugs.org.uk\/gallery.html<\/a><\/p>\n<p><strong>Atlas Hymenoptera &#8211; Hym\u00e9nopt\u00e8res<\/strong><br>Site belge universitaire (de Mons et Gembloux), pr\u00e9sent\u00e9 en anglais mais avec des fiches en fran\u00e7ais, enti\u00e8rement consacr\u00e9 aux Hym\u00e9nopt\u00e8res d\u2019Europe Occidentale. Il les recense tous et propose des fiches avec cartes de r\u00e9partition et parfois des illustrations.<br><a href=\"http:\/\/www.atlashymenoptera.net\/\" target=\"_blank\" rel=\"noopener\">http:\/\/www.atlashymenoptera.net\/<\/a><\/p>\n<p><strong>AntsMania \u2013 Identification des Fourmis de France<\/strong><br>Site proposant un kit d\u2019identification des fourmis de France (cl\u00e9), un acc\u00e8s direct aux genres, des photos macro de grande qualit\u00e9. Il propose aussi un important volet sur l\u2019\u00e9levage des fourmis et des conseils pour la&nbsp; macrophotographie.<br><a href=\"https:\/\/antariums.org\/documentation\/cle-didentification-des-fourmis-de-france-metropolitaine\/\" target=\"_blank\" rel=\"noopener\">https:\/\/antariums.org\/documentation\/cle-didentification-des-fourmis-de-france-metropolitaine\/<\/a><\/p>\n<p><strong>Libellules de France et d\u2019Ailleurs \u2013 Dragonfly World<\/strong><br>Excellent site photographique sur les Odonates (Libellules), avec des cl\u00e9s d\u2019identification des Anisopt\u00e8res (Libellules) et des Zygopt\u00e8res (Demoiselles). On peut aussi acc\u00e9der directement aux nombreux articles sur les esp\u00e8ces, qui contiennent de superbes reportages photographiques.<br><a href=\"http:\/\/odonatas69a.blogspot.fr\/\" target=\"_blank\" rel=\"noopener\">http:\/\/odonatas69a.blogspot.fr\/<\/a><\/p>\n<p><strong>Mes libellules<\/strong><br>Ce site pr\u00e9sente 85 esp\u00e8ces ou vari\u00e9t\u00e9s de demoiselles et de libellules sur le territoire des Mauges, du Maine-et-Loire et de France. Il pr\u00e9sente aussi de tr\u00e8s nombreuses libellules exotiques, 686 \u00e0 ce jour.<br><a href=\"http:\/\/meslibellules.fr\/index.php\" target=\"_blank\" rel=\"noopener\">http:\/\/meslibellules.fr\/index.php<\/a><\/p>\n<p><strong>Cl\u00e9 des Orthopt\u00e8res de Poitou-Charente (document PDF t\u00e9l\u00e9chargeable, Mars 2013)<\/strong><br>C\u2019est un guide tr\u00e8s pratique pour diff\u00e9rencier les esp\u00e8ces de Poitou-Charente, mais qui peut tr\u00e8s bien servir aussi pour les orthopt\u00e8res de la plupart des autres r\u00e9gions de France.<br><a href=\"https:\/\/www.vienne-nature.fr\/uploads\/fiches_obs\/cleOrtho.pdf\" target=\"_blank\" rel=\"noopener\">https:\/\/www.vienne-nature.fr\/uploads\/fiches_obs\/cleOrtho.pdf<\/a><\/p>\n<p>&nbsp;<\/p>\n<h3>Images li\u00e9es:<\/h3>","protected":false},"excerpt":{"rendered":"<p>&nbsp; On ne listera ici que les sites facilement accessibles pr\u00e9sentant les diff\u00e9rents ordres d\u2019insectes, en dehors des L\u00e9pidopt\u00e8res (Papillons) qui font l\u2019objet d\u2019une liste sp\u00e9ciale (voir page Menu des liens utiles). &nbsp; 1\/ Un tr\u00e8s gros site Galerie du Monde des InsectesTr\u00e8s gros site participatif sur les insectes mais aussi sur les arthropodes, divis\u00e9 [&hellip;]<\/p>\n","protected":false},"author":7,"featured_media":0,"parent":0,"menu_order":0,"comment_status":"closed","ping_status":"closed","template":"","meta":{"ngg_post_thumbnail":0,"ocean_post_layout":"","ocean_both_sidebars_style":"","ocean_both_sidebars_content_width":0,"ocean_both_sidebars_sidebars_width":0,"ocean_sidebar":"0","ocean_second_sidebar":"0","ocean_disable_margins":"enable","ocean_add_body_class":"","ocean_shortcode_before_top_bar":"","ocean_shortcode_after_top_bar":"","ocean_shortcode_before_header":"","ocean_shortcode_after_header":"","ocean_has_shortcode":"","ocean_shortcode_after_title":"","ocean_shortcode_before_footer_widgets":"","ocean_shortcode_after_footer_widgets":"","ocean_shortcode_before_footer_bottom":"","ocean_shortcode_after_footer_bottom":"","ocean_display_top_bar":"default","ocean_display_header":"default","ocean_header_style":"","ocean_center_header_left_menu":"0","ocean_custom_header_template":"0","ocean_custom_logo":0,"ocean_custom_retina_logo":0,"ocean_custom_logo_max_width":0,"ocean_custom_logo_tablet_max_width":0,"ocean_custom_logo_mobile_max_width":0,"ocean_custom_logo_max_height":0,"ocean_custom_logo_tablet_max_height":0,"ocean_custom_logo_mobile_max_height":0,"ocean_header_custom_menu":"0","ocean_menu_typo_font_family":"0","ocean_menu_typo_font_subset":"","ocean_menu_typo_font_size":0,"ocean_menu_typo_font_size_tablet":0,"ocean_menu_typo_font_size_mobile":0,"ocean_menu_typo_font_size_unit":"px","ocean_menu_typo_font_weight":"","ocean_menu_typo_font_weight_tablet":"","ocean_menu_typo_font_weight_mobile":"","ocean_menu_typo_transform":"","ocean_menu_typo_transform_tablet":"","ocean_menu_typo_transform_mobile":"","ocean_menu_typo_line_height":0,"ocean_menu_typo_line_height_tablet":0,"ocean_menu_typo_line_height_mobile":0,"ocean_menu_typo_line_height_unit":"","ocean_menu_typo_spacing":0,"ocean_menu_typo_spacing_tablet":0,"ocean_menu_typo_spacing_mobile":0,"ocean_menu_typo_spacing_unit":"","ocean_menu_link_color":"","ocean_menu_link_color_hover":"","ocean_menu_link_color_active":"","ocean_menu_link_background":"","ocean_menu_link_hover_background":"","ocean_menu_link_active_background":"","ocean_menu_social_links_bg":"","ocean_menu_social_hover_links_bg":"","ocean_menu_social_links_color":"","ocean_menu_social_hover_links_color":"","ocean_disable_title":"default","ocean_disable_heading":"default","ocean_post_title":"","ocean_post_subheading":"","ocean_post_title_style":"","ocean_post_title_background_color":"","ocean_post_title_background":0,"ocean_post_title_bg_image_position":"","ocean_post_title_bg_image_attachment":"","ocean_post_title_bg_image_repeat":"","ocean_post_title_bg_image_size":"","ocean_post_title_height":0,"ocean_post_title_bg_overlay":0.5,"ocean_post_title_bg_overlay_color":"","ocean_disable_breadcrumbs":"default","ocean_breadcrumbs_color":"","ocean_breadcrumbs_separator_color":"","ocean_breadcrumbs_links_color":"","ocean_breadcrumbs_links_hover_color":"","ocean_display_footer_widgets":"default","ocean_display_footer_bottom":"default","ocean_custom_footer_template":"0","footnotes":""},"class_list":["post-5018","page","type-page","status-publish","hentry","entry"],"aioseo_notices":[],"_links":{"self":[{"href":"https:\/\/lesnaturalistesdeletoile.com\/index.php\/wp-json\/wp\/v2\/pages\/5018","targetHints":{"allow":["GET"]}}],"collection":[{"href":"https:\/\/lesnaturalistesdeletoile.com\/index.php\/wp-json\/wp\/v2\/pages"}],"about":[{"href":"https:\/\/lesnaturalistesdeletoile.com\/index.php\/wp-json\/wp\/v2\/types\/page"}],"author":[{"embeddable":true,"href":"https:\/\/lesnaturalistesdeletoile.com\/index.php\/wp-json\/wp\/v2\/users\/7"}],"replies":[{"embeddable":true,"href":"https:\/\/lesnaturalistesdeletoile.com\/index.php\/wp-json\/wp\/v2\/comments?post=5018"}],"version-history":[{"count":3,"href":"https:\/\/lesnaturalistesdeletoile.com\/index.php\/wp-json\/wp\/v2\/pages\/5018\/revisions"}],"predecessor-version":[{"id":7477,"href":"https:\/\/lesnaturalistesdeletoile.com\/index.php\/wp-json\/wp\/v2\/pages\/5018\/revisions\/7477"}],"wp:attachment":[{"href":"https:\/\/lesnaturalistesdeletoile.com\/index.php\/wp-json\/wp\/v2\/media?parent=5018"}],"curies":[{"name":"wp","href":"https:\/\/api.w.org\/{rel}","templated":true}]}}