{"id":5008,"date":"2021-02-13T01:11:12","date_gmt":"2021-02-13T00:11:12","guid":{"rendered":"https:\/\/lesnaturalistesdeletoile.com\/?page_id=5008"},"modified":"2025-03-07T18:13:11","modified_gmt":"2025-03-07T17:13:11","slug":"liens-utiles-arachnides","status":"publish","type":"page","link":"https:\/\/lesnaturalistesdeletoile.com\/index.php\/liens-utiles-arachnides\/","title":{"rendered":"Liens utiles : arachnides"},"content":{"rendered":"\n<p><img loading=\"lazy\" decoding=\"async\" class=\"alignnone size-medium wp-image-4599 aligncenter\" src=\"https:\/\/lesnaturalistesdeletoile.com\/wp-content\/uploads\/2020\/02\/Bouton-Arachnides-300x107.jpg\" alt=\"\" width=\"300\" height=\"107\" srcset=\"https:\/\/lesnaturalistesdeletoile.com\/wp-content\/uploads\/2020\/02\/Bouton-Arachnides-300x107.jpg 300w, https:\/\/lesnaturalistesdeletoile.com\/wp-content\/uploads\/2020\/02\/Bouton-Arachnides.jpg 598w\" sizes=\"auto, (max-width: 300px) 100vw, 300px\" \/><\/p>\n<p>&nbsp;<\/p>\n<p>Il y a peu de sites francophones enti\u00e8rement consacr\u00e9s aux Arachnides. C\u2019est plut\u00f4t une sp\u00e9cialit\u00e9 d\u2019Europe du Nord. En dehors des sites ci-dessous, on peut trouver des sites allemands, norv\u00e9giens, tch\u00e8ques\u2026<\/p>\n<p><strong>Les araign\u00e9es de Belgique et de France<\/strong><br>Site tr\u00e8s complet, avec une grande base de donn\u00e9es. La recherche se fait par les galeries photos des familles.&nbsp; Chaque esp\u00e8ce est repr\u00e9sent\u00e9e par plusieurs photos de tr\u00e8s bonne qualit\u00e9. On a aussi des galeries photos de genitalia femelles, de genitalia m\u00e2les, d\u2019Opilions, de Pseudo-Scorpions et de Tiques.<br><a href=\"http:\/\/arachno.piwigo.com\/\" target=\"_blank\" rel=\"noopener\">http:\/\/arachno.piwigo.com<\/a><\/p>\n<p><span style=\"background-color: #d1c7c7\"><strong>Site de Ludwig Jansen<\/strong><\/span><br><span style=\"background-color: #d1c7c7\">Site sur les Araign\u00e9es, les Papillons h\u00e9t\u00e9roc\u00e8res et les Microl\u00e9pidopt\u00e8res. Comme le site pr\u00e9c\u00e9dent, la recherche se fait par les galeries photos des familles.&nbsp; Chaque esp\u00e8ce est repr\u00e9sent\u00e9e par plusieurs photos de tr\u00e8s bonne qualit\u00e9. Il en est de m\u00eame pour les impressionnantes galeries photos de genitalia.<\/span><br><br><\/p>\n<p><strong>Galerie du Monde des Insectes<\/strong><br>C\u2019est la partie consacr\u00e9e aux Arachnides du tr\u00e8s gros site participatif \u00ab Galerie du Monde des Insectes \u00bb. Grande base de donn\u00e9es. Nombreuses photos. Recherche par familles. On peut aussi chercher les Chilopodes, les Crustac\u00e9s, les Diplopodes, etc.<br><a href=\"http:\/\/www.galerie-insecte.org\/galerie\/fichier.php#Araneae\" target=\"_blank\" rel=\"noopener\">http:\/\/www.galerie-insecte.org\/galerie\/fichier.php#Araneae<\/a><\/p>\n<p><strong>Balades chez les Araign\u00e9es<\/strong><br>Site de Didier Petot, int\u00e9ressant par ses galeries des familles, pratiques pour la comparaison et l\u2019identification. On y trouve aussi des Araign\u00e9es d\u2019Indon\u00e9sie.<br><a href=\"http:\/\/www.dipode-vie.net\/Arachnides\/Index.html\" target=\"_blank\" rel=\"noopener\">http:\/\/www.dipode-vie.net\/Arachnides\/Index.html<\/a><\/p>\n<p><strong>Fils et Soies<\/strong><br>Site d\u2019Anne Bounias-Delacour, arachnologue vauclusienne proposant des interventions. On y trouve beaucoup d\u2019explications&nbsp;: g\u00e9n\u00e9ralit\u00e9s sur les araign\u00e9es et aide \u00e0 la d\u00e9termination. Par ailleurs, une galerie photos pr\u00e9sente les principales araign\u00e9es proven\u00e7ales.<br><a href=\"https:\/\/www.filsetsoies.com\/\" target=\"_blank\" rel=\"noopener\">https:\/\/www.filsetsoies.com\/<\/a><\/p>\n<p><strong>Les Araign\u00e9es<\/strong><br>Site d\u2019Anne Forgues. Recherche par familles ou directement par nom scientifique. Chaque esp\u00e8ce est repr\u00e9sent\u00e9e par plusieurs photos de qualit\u00e9. On trouve aussi sur le site des Acariens, des Opilions, des Pseudo-Scorpions et des Scorpions.<br><a href=\"http:\/\/octopattes.fr\/\" target=\"_blank\" rel=\"noopener\">http:\/\/octopattes.fr\/<\/a><\/p>\n<p><strong>Araneae. Spiders of Europe (Les Araign\u00e9es europ\u00e9ennes)<\/strong><br>Le lien ci-dessous renvoie vers la galerie photos. La recherche se fait par familles. Chaque esp\u00e8ce est repr\u00e9sent\u00e9e par plusieurs photos de tr\u00e8s bonne qualit\u00e9.<br><a href=\"https:\/\/araneae.nmbe.ch\/gallery\" target=\"_blank\" rel=\"noopener\">https:\/\/araneae.nmbe.ch\/gallery<\/a><\/p>\n<p><strong>Spiders of North-West Europe (Araign\u00e9es d\u2019Europe occidentale)<\/strong><br>Site en anglais. La recherche se fait par familles. On acc\u00e8de \u00e0 des photos et des commentaires sur les caract\u00e9ristiques des esp\u00e8ces. On peut aussi trouver les Opilions, les Acariens&nbsp;et les Pseudo-Scorpions.<br><a href=\"https:\/\/ednieuw.home.xs4all.nl\/Spiders\/spidhome.htm\" target=\"_blank\" rel=\"noopener\">https:\/\/ednieuw.home.xs4all.nl\/Spiders\/spidhome.htm<\/a><\/p>\n<p><strong>Principaux sites pour l&rsquo;identification<\/strong><br>Sites de r\u00e9f\u00e9rence pour la faune et l&rsquo;identifications des esp\u00e8ces de France et d&rsquo;Europe Occidentale<br><a href=\"https:\/\/www.asfra.fr\/Site\/Identification_web_sites.html\" target=\"_blank\" rel=\"noopener\">https:\/\/www.asfra.fr\/Site\/Identification_web_sites.html<\/a><\/p>\n<h3>Images li\u00e9es:<\/h3>","protected":false},"excerpt":{"rendered":"<p>&nbsp; Il y a peu de sites francophones enti\u00e8rement consacr\u00e9s aux Arachnides. C\u2019est plut\u00f4t une sp\u00e9cialit\u00e9 d\u2019Europe du Nord. En dehors des sites ci-dessous, on peut trouver des sites allemands, norv\u00e9giens, tch\u00e8ques\u2026 Les araign\u00e9es de Belgique et de FranceSite tr\u00e8s complet, avec une grande base de donn\u00e9es. La recherche se fait par les galeries photos [&hellip;]<\/p>\n","protected":false},"author":7,"featured_media":0,"parent":0,"menu_order":0,"comment_status":"closed","ping_status":"closed","template":"","meta":{"ngg_post_thumbnail":0,"ocean_post_layout":"","ocean_both_sidebars_style":"","ocean_both_sidebars_content_width":0,"ocean_both_sidebars_sidebars_width":0,"ocean_sidebar":"0","ocean_second_sidebar":"0","ocean_disable_margins":"enable","ocean_add_body_class":"","ocean_shortcode_before_top_bar":"","ocean_shortcode_after_top_bar":"","ocean_shortcode_before_header":"","ocean_shortcode_after_header":"","ocean_has_shortcode":"","ocean_shortcode_after_title":"","ocean_shortcode_before_footer_widgets":"","ocean_shortcode_after_footer_widgets":"","ocean_shortcode_before_footer_bottom":"","ocean_shortcode_after_footer_bottom":"","ocean_display_top_bar":"default","ocean_display_header":"default","ocean_header_style":"","ocean_center_header_left_menu":"0","ocean_custom_header_template":"0","ocean_custom_logo":0,"ocean_custom_retina_logo":0,"ocean_custom_logo_max_width":0,"ocean_custom_logo_tablet_max_width":0,"ocean_custom_logo_mobile_max_width":0,"ocean_custom_logo_max_height":0,"ocean_custom_logo_tablet_max_height":0,"ocean_custom_logo_mobile_max_height":0,"ocean_header_custom_menu":"0","ocean_menu_typo_font_family":"0","ocean_menu_typo_font_subset":"","ocean_menu_typo_font_size":0,"ocean_menu_typo_font_size_tablet":0,"ocean_menu_typo_font_size_mobile":0,"ocean_menu_typo_font_size_unit":"px","ocean_menu_typo_font_weight":"","ocean_menu_typo_font_weight_tablet":"","ocean_menu_typo_font_weight_mobile":"","ocean_menu_typo_transform":"","ocean_menu_typo_transform_tablet":"","ocean_menu_typo_transform_mobile":"","ocean_menu_typo_line_height":0,"ocean_menu_typo_line_height_tablet":0,"ocean_menu_typo_line_height_mobile":0,"ocean_menu_typo_line_height_unit":"","ocean_menu_typo_spacing":0,"ocean_menu_typo_spacing_tablet":0,"ocean_menu_typo_spacing_mobile":0,"ocean_menu_typo_spacing_unit":"","ocean_menu_link_color":"","ocean_menu_link_color_hover":"","ocean_menu_link_color_active":"","ocean_menu_link_background":"","ocean_menu_link_hover_background":"","ocean_menu_link_active_background":"","ocean_menu_social_links_bg":"","ocean_menu_social_hover_links_bg":"","ocean_menu_social_links_color":"","ocean_menu_social_hover_links_color":"","ocean_disable_title":"default","ocean_disable_heading":"default","ocean_post_title":"","ocean_post_subheading":"","ocean_post_title_style":"","ocean_post_title_background_color":"","ocean_post_title_background":0,"ocean_post_title_bg_image_position":"","ocean_post_title_bg_image_attachment":"","ocean_post_title_bg_image_repeat":"","ocean_post_title_bg_image_size":"","ocean_post_title_height":0,"ocean_post_title_bg_overlay":0.5,"ocean_post_title_bg_overlay_color":"","ocean_disable_breadcrumbs":"default","ocean_breadcrumbs_color":"","ocean_breadcrumbs_separator_color":"","ocean_breadcrumbs_links_color":"","ocean_breadcrumbs_links_hover_color":"","ocean_display_footer_widgets":"default","ocean_display_footer_bottom":"default","ocean_custom_footer_template":"0","footnotes":""},"class_list":["post-5008","page","type-page","status-publish","hentry","entry"],"aioseo_notices":[],"_links":{"self":[{"href":"https:\/\/lesnaturalistesdeletoile.com\/index.php\/wp-json\/wp\/v2\/pages\/5008","targetHints":{"allow":["GET"]}}],"collection":[{"href":"https:\/\/lesnaturalistesdeletoile.com\/index.php\/wp-json\/wp\/v2\/pages"}],"about":[{"href":"https:\/\/lesnaturalistesdeletoile.com\/index.php\/wp-json\/wp\/v2\/types\/page"}],"author":[{"embeddable":true,"href":"https:\/\/lesnaturalistesdeletoile.com\/index.php\/wp-json\/wp\/v2\/users\/7"}],"replies":[{"embeddable":true,"href":"https:\/\/lesnaturalistesdeletoile.com\/index.php\/wp-json\/wp\/v2\/comments?post=5008"}],"version-history":[{"count":5,"href":"https:\/\/lesnaturalistesdeletoile.com\/index.php\/wp-json\/wp\/v2\/pages\/5008\/revisions"}],"predecessor-version":[{"id":7483,"href":"https:\/\/lesnaturalistesdeletoile.com\/index.php\/wp-json\/wp\/v2\/pages\/5008\/revisions\/7483"}],"wp:attachment":[{"href":"https:\/\/lesnaturalistesdeletoile.com\/index.php\/wp-json\/wp\/v2\/media?parent=5008"}],"curies":[{"name":"wp","href":"https:\/\/api.w.org\/{rel}","templated":true}]}}