{"id":4992,"date":"2021-02-12T23:40:37","date_gmt":"2021-02-12T22:40:37","guid":{"rendered":"https:\/\/lesnaturalistesdeletoile.com\/?page_id=4992"},"modified":"2021-02-12T23:45:13","modified_gmt":"2021-02-12T22:45:13","slug":"liens-utiles-papillons","status":"publish","type":"page","link":"https:\/\/lesnaturalistesdeletoile.com\/index.php\/liens-utiles-papillons\/","title":{"rendered":"Liens utiles : papillons"},"content":{"rendered":"\n<p><img loading=\"lazy\" decoding=\"async\" class=\"size-medium wp-image-4610 aligncenter\" src=\"https:\/\/lesnaturalistesdeletoile.com\/wp-content\/uploads\/2020\/02\/Bouton-Papillons-300x107.jpg\" alt=\"\" width=\"300\" height=\"107\" srcset=\"https:\/\/lesnaturalistesdeletoile.com\/wp-content\/uploads\/2020\/02\/Bouton-Papillons-300x107.jpg 300w, https:\/\/lesnaturalistesdeletoile.com\/wp-content\/uploads\/2020\/02\/Bouton-Papillons.jpg 598w\" sizes=\"auto, (max-width: 300px) 100vw, 300px\" \/><\/p>\n<p>&nbsp;<\/p>\n<p>La passion des papillons (nom scientifique&nbsp;: les L\u00e9pidopt\u00e8res) \u00e9tant largement partag\u00e9e, les sites de qualit\u00e9 sur ces belles et fragiles cr\u00e9atures abondent. En voici quelques-uns tr\u00e8s utiles pour la d\u00e9termination. Et il y en a bien d\u2019autres, en France et \u00e0 l\u2019\u00e9tranger. Voir aussi le site <strong>Aramel<\/strong> dans la section \u00ab&nbsp;Insectes&nbsp;\u00bb.<\/p>\n<p>&nbsp;<\/p>\n<p><strong>La vie passionnante et \u00e9ph\u00e9m\u00e8re des L\u00e9pidopt\u00e8res<\/strong><br>Excellent site, tr\u00e8s complet. On peut faire une premi\u00e8re recherche \u00e0 partir de galeries photos sur les Rhopaloc\u00e8res et les H\u00e9t\u00e9roc\u00e8res, et consulter les fiches de chaque esp\u00e8ce, chacune contenant de tr\u00e8s belles photos, une carte de r\u00e9partition pour la France, la p\u00e9riode d\u2019\u00e9volution, etc. On peut consulter aussi des galeries photos sur les chenilles et sur les \u0153ufs.<br><a href=\"http:\/\/www.european-lepidopteres.fr\/spip.php?page=sommaire2\" target=\"_blank\" rel=\"noopener\">http:\/\/www.european-lepidopteres.fr\/spip.php?page=sommaire2<\/a><\/p>\n<p>&nbsp;<\/p>\n<p><strong>L\u00e9pi\u2019 Net \u2013 Les Carnets du L\u00e9pidopt\u00e9riste Fran\u00e7ais<\/strong><br>Excellent site, tr\u00e8s grosse base de donn\u00e9es, aussi bien sur les Rhopaloc\u00e8res que sur les H\u00e9t\u00e9roc\u00e8res. Nombreuses photos, cartes de r\u00e9partition en France, galerie des chenilles, docs \u00e0 t\u00e9l\u00e9charger, listes par d\u00e9partements, etc.<\/p>\n<p>Pour la galerie photos permettant une premi\u00e8re d\u00e9termination&nbsp;: <a href=\"http:\/\/www.lepinet.fr\/identifier\/miniatures.php\" target=\"_blank\" rel=\"noopener\">http:\/\/www.lepinet.fr\/identifier\/miniatures.php<\/a><\/p>\n<p>Pour la recherche des esp\u00e8ces et leurs fiches (cliquer sur le groupe concern\u00e9 dans le premier tableau) et pour les listes par d\u00e9partements&nbsp;: <a href=\"http:\/\/www.lepinet.fr\/especes\/nation\/index.php?e=l\" target=\"_blank\" rel=\"noopener\">http:\/\/www.lepinet.fr\/especes\/nation\/index.php?e=l<\/a><\/p>\n<p>&nbsp;<\/p>\n<p><strong>Fleeting Wonders, Papillons et zyg\u00e8nes de France<\/strong><br>Tr\u00e8s beau site, pr\u00e9sentant des photos de qualit\u00e9 sur la quasi totalit\u00e9 des papillons diurnes de France (Rhopaloc\u00e8res et Zyg\u00e8nes). On y trouve aussi une cl\u00e9 de d\u00e9termination des zyg\u00e8nes.<br><a href=\"http:\/\/www.fleetingwonders.com\/indexaccueil-f.php\" target=\"_blank\" rel=\"noopener\">http:\/\/www.fleetingwonders.com\/indexaccueil-f.php<\/a><\/p>\n<p>&nbsp;<\/p>\n<p><strong>Papillons de Poitou-Charente<\/strong><br>Grosse base de donn\u00e9es sur les Rhopaloc\u00e8res et les H\u00e9t\u00e9roc\u00e8res de Poitou-Charente. Recherche accessible aux d\u00e9butants ou recherche par familles puis par nom. Acc\u00e8s \u00e0 des fiches contenant des photos et la p\u00e9riode d\u2019\u00e9volution.<br><a href=\"http:\/\/www.papillon-poitou-charentes.org\/\" target=\"_blank\" rel=\"noopener\">http:\/\/www.papillon-poitou-charentes.org\/<\/a><\/p>\n<p>&nbsp;<\/p>\n<p><strong>Papillons de France<\/strong><br>Site ayant une importante base de donn\u00e9es sur les Rhopaloc\u00e8res et les H\u00e9t\u00e9roc\u00e8res (plus de 1500 esp\u00e8ces). Acc\u00e8s uniquement par nom. Fiche avec photos agrandissables.<br><a href=\"http:\/\/www.papillons-fr.net\/\" target=\"_blank\" rel=\"noopener\">http:\/\/\/www.papillons-fr.net\/<\/a><\/p>\n<p>&nbsp;<\/p>\n<p><strong>Papillons de Suisse<\/strong><br>Site tr\u00e8s int\u00e9ressant, en fran\u00e7ais, avec beaucoup d\u2019informations et de photos. On peut utiliser une importante cl\u00e9 de d\u00e9termination. Le site doit pr\u00e9senter une nouvelle version au printemps 2021.<br><a href=\"https:\/\/www.lepido.ch\/\" target=\"_blank\" rel=\"noopener\">https:\/\/www.lepido.ch\/<\/a><\/p>\n<h3>Images li\u00e9es:<\/h3>","protected":false},"excerpt":{"rendered":"<p>&nbsp; La passion des papillons (nom scientifique&nbsp;: les L\u00e9pidopt\u00e8res) \u00e9tant largement partag\u00e9e, les sites de qualit\u00e9 sur ces belles et fragiles cr\u00e9atures abondent. En voici quelques-uns tr\u00e8s utiles pour la d\u00e9termination. Et il y en a bien d\u2019autres, en France et \u00e0 l\u2019\u00e9tranger. Voir aussi le site Aramel dans la section \u00ab&nbsp;Insectes&nbsp;\u00bb. &nbsp; La vie [&hellip;]<\/p>\n","protected":false},"author":7,"featured_media":0,"parent":0,"menu_order":0,"comment_status":"closed","ping_status":"closed","template":"","meta":{"ngg_post_thumbnail":0,"ocean_post_layout":"","ocean_both_sidebars_style":"","ocean_both_sidebars_content_width":0,"ocean_both_sidebars_sidebars_width":0,"ocean_sidebar":"0","ocean_second_sidebar":"0","ocean_disable_margins":"enable","ocean_add_body_class":"","ocean_shortcode_before_top_bar":"","ocean_shortcode_after_top_bar":"","ocean_shortcode_before_header":"","ocean_shortcode_after_header":"","ocean_has_shortcode":"","ocean_shortcode_after_title":"","ocean_shortcode_before_footer_widgets":"","ocean_shortcode_after_footer_widgets":"","ocean_shortcode_before_footer_bottom":"","ocean_shortcode_after_footer_bottom":"","ocean_display_top_bar":"default","ocean_display_header":"default","ocean_header_style":"","ocean_center_header_left_menu":"0","ocean_custom_header_template":"0","ocean_custom_logo":0,"ocean_custom_retina_logo":0,"ocean_custom_logo_max_width":0,"ocean_custom_logo_tablet_max_width":0,"ocean_custom_logo_mobile_max_width":0,"ocean_custom_logo_max_height":0,"ocean_custom_logo_tablet_max_height":0,"ocean_custom_logo_mobile_max_height":0,"ocean_header_custom_menu":"0","ocean_menu_typo_font_family":"0","ocean_menu_typo_font_subset":"","ocean_menu_typo_font_size":0,"ocean_menu_typo_font_size_tablet":0,"ocean_menu_typo_font_size_mobile":0,"ocean_menu_typo_font_size_unit":"px","ocean_menu_typo_font_weight":"","ocean_menu_typo_font_weight_tablet":"","ocean_menu_typo_font_weight_mobile":"","ocean_menu_typo_transform":"","ocean_menu_typo_transform_tablet":"","ocean_menu_typo_transform_mobile":"","ocean_menu_typo_line_height":0,"ocean_menu_typo_line_height_tablet":0,"ocean_menu_typo_line_height_mobile":0,"ocean_menu_typo_line_height_unit":"","ocean_menu_typo_spacing":0,"ocean_menu_typo_spacing_tablet":0,"ocean_menu_typo_spacing_mobile":0,"ocean_menu_typo_spacing_unit":"","ocean_menu_link_color":"","ocean_menu_link_color_hover":"","ocean_menu_link_color_active":"","ocean_menu_link_background":"","ocean_menu_link_hover_background":"","ocean_menu_link_active_background":"","ocean_menu_social_links_bg":"","ocean_menu_social_hover_links_bg":"","ocean_menu_social_links_color":"","ocean_menu_social_hover_links_color":"","ocean_disable_title":"default","ocean_disable_heading":"default","ocean_post_title":"","ocean_post_subheading":"","ocean_post_title_style":"","ocean_post_title_background_color":"","ocean_post_title_background":0,"ocean_post_title_bg_image_position":"","ocean_post_title_bg_image_attachment":"","ocean_post_title_bg_image_repeat":"","ocean_post_title_bg_image_size":"","ocean_post_title_height":0,"ocean_post_title_bg_overlay":0.5,"ocean_post_title_bg_overlay_color":"","ocean_disable_breadcrumbs":"default","ocean_breadcrumbs_color":"","ocean_breadcrumbs_separator_color":"","ocean_breadcrumbs_links_color":"","ocean_breadcrumbs_links_hover_color":"","ocean_display_footer_widgets":"default","ocean_display_footer_bottom":"default","ocean_custom_footer_template":"0","footnotes":""},"class_list":["post-4992","page","type-page","status-publish","hentry","entry"],"aioseo_notices":[],"_links":{"self":[{"href":"https:\/\/lesnaturalistesdeletoile.com\/index.php\/wp-json\/wp\/v2\/pages\/4992","targetHints":{"allow":["GET"]}}],"collection":[{"href":"https:\/\/lesnaturalistesdeletoile.com\/index.php\/wp-json\/wp\/v2\/pages"}],"about":[{"href":"https:\/\/lesnaturalistesdeletoile.com\/index.php\/wp-json\/wp\/v2\/types\/page"}],"author":[{"embeddable":true,"href":"https:\/\/lesnaturalistesdeletoile.com\/index.php\/wp-json\/wp\/v2\/users\/7"}],"replies":[{"embeddable":true,"href":"https:\/\/lesnaturalistesdeletoile.com\/index.php\/wp-json\/wp\/v2\/comments?post=4992"}],"version-history":[{"count":3,"href":"https:\/\/lesnaturalistesdeletoile.com\/index.php\/wp-json\/wp\/v2\/pages\/4992\/revisions"}],"predecessor-version":[{"id":4996,"href":"https:\/\/lesnaturalistesdeletoile.com\/index.php\/wp-json\/wp\/v2\/pages\/4992\/revisions\/4996"}],"wp:attachment":[{"href":"https:\/\/lesnaturalistesdeletoile.com\/index.php\/wp-json\/wp\/v2\/media?parent=4992"}],"curies":[{"name":"wp","href":"https:\/\/api.w.org\/{rel}","templated":true}]}}