{"id":468,"date":"2017-11-26T17:10:59","date_gmt":"2017-11-26T16:10:59","guid":{"rendered":"https:\/\/lesnaturalistesdeletoile.com\/?page_id=468"},"modified":"2025-03-07T16:39:07","modified_gmt":"2025-03-07T15:39:07","slug":"https-lesnaturalistesdeletoile-com-wp-content-uploads-2017-12-comptes-rendus-page-menu-pdf","status":"publish","type":"page","link":"https:\/\/lesnaturalistesdeletoile.com\/index.php\/https-lesnaturalistesdeletoile-com-wp-content-uploads-2017-12-comptes-rendus-page-menu-pdf\/","title":{"rendered":"COMPTES-RENDUS DES SORTIES"},"content":{"rendered":"<h3 style=\"text-align: center\"><strong>&nbsp; &nbsp; Inventaires des sorties<\/strong><\/h3>\n<p>Notre association, Les Naturalistes de l\u2019Etoile, effectue r\u00e9guli\u00e8rement des sorties naturalistes, essentiellement ax\u00e9es pour le moment sur la Botanique, les Lichens, les Bryophytes (Mousses et H\u00e9patiques) et les Champignons. Pour chaque sortie, <strong>des inventaires sous forme de tableaux<\/strong> sont r\u00e9alis\u00e9s, g\u00e9n\u00e9ralement par stations, par ordre alphab\u00e9tique et par familles.<\/p>\n<p>La plupart du temps la sortie est aussi illustr\u00e9e par <strong>un document photographique<\/strong> contenant les principales esp\u00e8ces observ\u00e9es, r\u00e9alis\u00e9 \u00e0 partir de photos personnelles, ce qui permet d\u2019avoir une vision plus pr\u00e9cise des lieux prospect\u00e9s.<\/p>\n<p>Par ailleurs, nous avons aussi organis\u00e9 <strong>des stages<\/strong> (surtout de g\u00e9ologie), et quelques documents sont disponibles pour ceux-ci.<\/p>\n<p>En cliquant sur les photos ci-dessous, vous pouvez avoir acc\u00e8s aux inventaires et aux documents photographiques. Ils sont rang\u00e9s par disciplines et par ordre chronologique.<\/p>\n<table style=\"height: 707px\" width=\"762\">\n<tbody>\n<tr style=\"height: 69.5556px\">\n<td style=\"width: 371.111px;height: 69.5556px\"><a href=\"https:\/\/lesnaturalistesdeletoile.com\/index.php\/botanique\/\" target=\"_blank\" rel=\"noopener noreferrer\"><img loading=\"lazy\" decoding=\"async\" class=\"aligncenter wp-image-1164 size-medium\" src=\"https:\/\/lesnaturalistesdeletoile.com\/wp-content\/uploads\/2018\/01\/Botanique-Limonium-pseudominutum-300x202.jpg\" alt=\"\" width=\"300\" height=\"202\" srcset=\"https:\/\/lesnaturalistesdeletoile.com\/wp-content\/uploads\/2018\/01\/Botanique-Limonium-pseudominutum-300x202.jpg 300w, https:\/\/lesnaturalistesdeletoile.com\/wp-content\/uploads\/2018\/01\/Botanique-Limonium-pseudominutum-768x517.jpg 768w, https:\/\/lesnaturalistesdeletoile.com\/wp-content\/uploads\/2018\/01\/Botanique-Limonium-pseudominutum-1024x689.jpg 1024w, https:\/\/lesnaturalistesdeletoile.com\/wp-content\/uploads\/2018\/01\/Botanique-Limonium-pseudominutum-1320x888.jpg 1320w\" sizes=\"auto, (max-width: 300px) 100vw, 300px\" \/><\/a><\/td>\n<td style=\"width: 375.556px;height: 69.5556px\"><a href=\"https:\/\/lesnaturalistesdeletoile.com\/index.php\/lichens\/\" target=\"_blank\" rel=\"noopener noreferrer\"><img loading=\"lazy\" decoding=\"async\" class=\"aligncenter wp-image-1159\" src=\"https:\/\/lesnaturalistesdeletoile.com\/wp-content\/uploads\/2018\/01\/Lichens-Teloschistes-chrysophtalmus-300x202.jpg\" alt=\"\" width=\"300\" height=\"202\" srcset=\"https:\/\/lesnaturalistesdeletoile.com\/wp-content\/uploads\/2018\/01\/Lichens-Teloschistes-chrysophtalmus-300x202.jpg 300w, https:\/\/lesnaturalistesdeletoile.com\/wp-content\/uploads\/2018\/01\/Lichens-Teloschistes-chrysophtalmus-768x518.jpg 768w, https:\/\/lesnaturalistesdeletoile.com\/wp-content\/uploads\/2018\/01\/Lichens-Teloschistes-chrysophtalmus-1024x691.jpg 1024w, https:\/\/lesnaturalistesdeletoile.com\/wp-content\/uploads\/2018\/01\/Lichens-Teloschistes-chrysophtalmus-1320x890.jpg 1320w\" sizes=\"auto, (max-width: 300px) 100vw, 300px\" \/><\/a><\/td>\n<\/tr>\n<tr style=\"height: 70px\">\n<td style=\"width: 371.111px;height: 70px\"><a href=\"https:\/\/lesnaturalistesdeletoile.com\/index.php\/bryophites\/\" target=\"_blank\" rel=\"noopener noreferrer\"><img loading=\"lazy\" decoding=\"async\" class=\"aligncenter wp-image-1160 size-medium\" src=\"https:\/\/lesnaturalistesdeletoile.com\/wp-content\/uploads\/2018\/01\/Mousses-Orthotrichum-anomalum-300x202.jpg\" alt=\"\" width=\"300\" height=\"202\" srcset=\"https:\/\/lesnaturalistesdeletoile.com\/wp-content\/uploads\/2018\/01\/Mousses-Orthotrichum-anomalum-300x202.jpg 300w, https:\/\/lesnaturalistesdeletoile.com\/wp-content\/uploads\/2018\/01\/Mousses-Orthotrichum-anomalum-768x517.jpg 768w, https:\/\/lesnaturalistesdeletoile.com\/wp-content\/uploads\/2018\/01\/Mousses-Orthotrichum-anomalum-1024x689.jpg 1024w, https:\/\/lesnaturalistesdeletoile.com\/wp-content\/uploads\/2018\/01\/Mousses-Orthotrichum-anomalum-1320x888.jpg 1320w\" sizes=\"auto, (max-width: 300px) 100vw, 300px\" \/><\/a><\/td>\n<td style=\"width: 375.556px;height: 70px\"><a href=\"https:\/\/lesnaturalistesdeletoile.com\/index.php\/mycologie\/\" target=\"_blank\" rel=\"noopener noreferrer\"><img loading=\"lazy\" decoding=\"async\" class=\"aligncenter wp-image-1161 size-medium\" src=\"https:\/\/lesnaturalistesdeletoile.com\/wp-content\/uploads\/2018\/01\/Mycologie-Xeromphalina-cauticinalis-300x202.jpg\" alt=\"\" width=\"300\" height=\"202\" srcset=\"https:\/\/lesnaturalistesdeletoile.com\/wp-content\/uploads\/2018\/01\/Mycologie-Xeromphalina-cauticinalis-300x202.jpg 300w, https:\/\/lesnaturalistesdeletoile.com\/wp-content\/uploads\/2018\/01\/Mycologie-Xeromphalina-cauticinalis-768x516.jpg 768w, https:\/\/lesnaturalistesdeletoile.com\/wp-content\/uploads\/2018\/01\/Mycologie-Xeromphalina-cauticinalis-1024x688.jpg 1024w, https:\/\/lesnaturalistesdeletoile.com\/wp-content\/uploads\/2018\/01\/Mycologie-Xeromphalina-cauticinalis-1320x887.jpg 1320w\" sizes=\"auto, (max-width: 300px) 100vw, 300px\" \/><\/a><\/td>\n<\/tr>\n<tr style=\"height: 84px\">\n<td style=\"width: 371.111px;height: 84px\"><a href=\"https:\/\/lesnaturalistesdeletoile.com\/index.php\/Autres\/\" target=\"_blank\" rel=\"noopener noreferrer\"><img loading=\"lazy\" decoding=\"async\" class=\"aligncenter wp-image-1163 size-medium\" src=\"https:\/\/lesnaturalistesdeletoile.com\/wp-content\/uploads\/2018\/01\/Autres-Aglais-urticae-300x202.jpg\" alt=\"\" width=\"300\" height=\"202\" srcset=\"https:\/\/lesnaturalistesdeletoile.com\/wp-content\/uploads\/2018\/01\/Autres-Aglais-urticae-300x202.jpg 300w, https:\/\/lesnaturalistesdeletoile.com\/wp-content\/uploads\/2018\/01\/Autres-Aglais-urticae-768x516.jpg 768w, https:\/\/lesnaturalistesdeletoile.com\/wp-content\/uploads\/2018\/01\/Autres-Aglais-urticae-1024x688.jpg 1024w, https:\/\/lesnaturalistesdeletoile.com\/wp-content\/uploads\/2018\/01\/Autres-Aglais-urticae-1320x887.jpg 1320w\" sizes=\"auto, (max-width: 300px) 100vw, 300px\" \/><\/a><\/td>\n<td style=\"width: 375.556px;height: 84px\"><a href=\"https:\/\/lesnaturalistesdeletoile.com\/index.php\/geologie\/\" target=\"_blank\" rel=\"noopener noreferrer\"><img loading=\"lazy\" decoding=\"async\" class=\"aligncenter wp-image-2833 size-medium\" src=\"https:\/\/lesnaturalistesdeletoile.com\/wp-content\/uploads\/2019\/09\/G\u00e9ologie-Montpellier-le-Vieux-300x199.jpg\" alt=\"\" width=\"300\" height=\"199\" srcset=\"https:\/\/lesnaturalistesdeletoile.com\/wp-content\/uploads\/2019\/09\/G\u00e9ologie-Montpellier-le-Vieux-300x199.jpg 300w, https:\/\/lesnaturalistesdeletoile.com\/wp-content\/uploads\/2019\/09\/G\u00e9ologie-Montpellier-le-Vieux-768x511.jpg 768w, https:\/\/lesnaturalistesdeletoile.com\/wp-content\/uploads\/2019\/09\/G\u00e9ologie-Montpellier-le-Vieux-1024x681.jpg 1024w, https:\/\/lesnaturalistesdeletoile.com\/wp-content\/uploads\/2019\/09\/G\u00e9ologie-Montpellier-le-Vieux-1320x878.jpg 1320w\" sizes=\"auto, (max-width: 300px) 100vw, 300px\" \/><\/a><\/td>\n<\/tr>\n<\/tbody>\n<\/table>\n<h3>Images li\u00e9es:<\/h3>","protected":false},"excerpt":{"rendered":"<p>&nbsp; &nbsp; Inventaires des sorties Notre association, Les Naturalistes de l\u2019Etoile, effectue r\u00e9guli\u00e8rement des sorties naturalistes, essentiellement ax\u00e9es pour le moment sur la Botanique, les Lichens, les Bryophytes (Mousses et H\u00e9patiques) et les Champignons. Pour chaque sortie, des inventaires sous forme de tableaux sont r\u00e9alis\u00e9s, g\u00e9n\u00e9ralement par stations, par ordre alphab\u00e9tique et par familles. La [&hellip;]<\/p>\n","protected":false},"author":2,"featured_media":0,"parent":0,"menu_order":0,"comment_status":"closed","ping_status":"closed","template":"","meta":{"ngg_post_thumbnail":0,"ocean_post_layout":"","ocean_both_sidebars_style":"","ocean_both_sidebars_content_width":0,"ocean_both_sidebars_sidebars_width":0,"ocean_sidebar":"0","ocean_second_sidebar":"0","ocean_disable_margins":"enable","ocean_add_body_class":"","ocean_shortcode_before_top_bar":"","ocean_shortcode_after_top_bar":"","ocean_shortcode_before_header":"","ocean_shortcode_after_header":"","ocean_has_shortcode":"","ocean_shortcode_after_title":"","ocean_shortcode_before_footer_widgets":"","ocean_shortcode_after_footer_widgets":"","ocean_shortcode_before_footer_bottom":"","ocean_shortcode_after_footer_bottom":"","ocean_display_top_bar":"default","ocean_display_header":"default","ocean_header_style":"","ocean_center_header_left_menu":"0","ocean_custom_header_template":"0","ocean_custom_logo":0,"ocean_custom_retina_logo":0,"ocean_custom_logo_max_width":0,"ocean_custom_logo_tablet_max_width":0,"ocean_custom_logo_mobile_max_width":0,"ocean_custom_logo_max_height":0,"ocean_custom_logo_tablet_max_height":0,"ocean_custom_logo_mobile_max_height":0,"ocean_header_custom_menu":"0","ocean_menu_typo_font_family":"0","ocean_menu_typo_font_subset":"","ocean_menu_typo_font_size":0,"ocean_menu_typo_font_size_tablet":0,"ocean_menu_typo_font_size_mobile":0,"ocean_menu_typo_font_size_unit":"px","ocean_menu_typo_font_weight":"","ocean_menu_typo_font_weight_tablet":"","ocean_menu_typo_font_weight_mobile":"","ocean_menu_typo_transform":"","ocean_menu_typo_transform_tablet":"","ocean_menu_typo_transform_mobile":"","ocean_menu_typo_line_height":0,"ocean_menu_typo_line_height_tablet":0,"ocean_menu_typo_line_height_mobile":0,"ocean_menu_typo_line_height_unit":"","ocean_menu_typo_spacing":0,"ocean_menu_typo_spacing_tablet":0,"ocean_menu_typo_spacing_mobile":0,"ocean_menu_typo_spacing_unit":"","ocean_menu_link_color":"","ocean_menu_link_color_hover":"","ocean_menu_link_color_active":"","ocean_menu_link_background":"","ocean_menu_link_hover_background":"","ocean_menu_link_active_background":"","ocean_menu_social_links_bg":"","ocean_menu_social_hover_links_bg":"","ocean_menu_social_links_color":"","ocean_menu_social_hover_links_color":"","ocean_disable_title":"default","ocean_disable_heading":"default","ocean_post_title":"","ocean_post_subheading":"","ocean_post_title_style":"","ocean_post_title_background_color":"","ocean_post_title_background":0,"ocean_post_title_bg_image_position":"","ocean_post_title_bg_image_attachment":"","ocean_post_title_bg_image_repeat":"","ocean_post_title_bg_image_size":"","ocean_post_title_height":0,"ocean_post_title_bg_overlay":0.5,"ocean_post_title_bg_overlay_color":"","ocean_disable_breadcrumbs":"default","ocean_breadcrumbs_color":"","ocean_breadcrumbs_separator_color":"","ocean_breadcrumbs_links_color":"","ocean_breadcrumbs_links_hover_color":"","ocean_display_footer_widgets":"default","ocean_display_footer_bottom":"default","ocean_custom_footer_template":"0","footnotes":""},"class_list":["post-468","page","type-page","status-publish","hentry","entry"],"aioseo_notices":[],"_links":{"self":[{"href":"https:\/\/lesnaturalistesdeletoile.com\/index.php\/wp-json\/wp\/v2\/pages\/468","targetHints":{"allow":["GET"]}}],"collection":[{"href":"https:\/\/lesnaturalistesdeletoile.com\/index.php\/wp-json\/wp\/v2\/pages"}],"about":[{"href":"https:\/\/lesnaturalistesdeletoile.com\/index.php\/wp-json\/wp\/v2\/types\/page"}],"author":[{"embeddable":true,"href":"https:\/\/lesnaturalistesdeletoile.com\/index.php\/wp-json\/wp\/v2\/users\/2"}],"replies":[{"embeddable":true,"href":"https:\/\/lesnaturalistesdeletoile.com\/index.php\/wp-json\/wp\/v2\/comments?post=468"}],"version-history":[{"count":44,"href":"https:\/\/lesnaturalistesdeletoile.com\/index.php\/wp-json\/wp\/v2\/pages\/468\/revisions"}],"predecessor-version":[{"id":7465,"href":"https:\/\/lesnaturalistesdeletoile.com\/index.php\/wp-json\/wp\/v2\/pages\/468\/revisions\/7465"}],"wp:attachment":[{"href":"https:\/\/lesnaturalistesdeletoile.com\/index.php\/wp-json\/wp\/v2\/media?parent=468"}],"curies":[{"name":"wp","href":"https:\/\/api.w.org\/{rel}","templated":true}]}}