{"id":4195,"date":"2019-10-22T17:33:01","date_gmt":"2019-10-22T15:33:01","guid":{"rendered":"https:\/\/lesnaturalistesdeletoile.com\/?page_id=4195"},"modified":"2023-02-23T17:37:52","modified_gmt":"2023-02-23T16:37:52","slug":"nos-travaux","status":"publish","type":"page","link":"https:\/\/lesnaturalistesdeletoile.com\/index.php\/nos-travaux\/","title":{"rendered":"Aupr\u00e8s de mon arbre &#8230;"},"content":{"rendered":"\n<h1>Aupr\u00e8s de mon arbre &#8230;<\/h1>\n<p>C\u2019est \u00ab&nbsp;mon&nbsp;\u00bb arbre, celui qui m\u2019apporte fraicheur, apaisement, qui va nourrir les hommes et les animaux, qui me fait r\u00eaver, qui am\u00e8ne tant d\u2019\u00e9motion par sa beaut\u00e9 \u2026 Pour chacun l\u2019exp\u00e9rience est unique. Regroup\u00e9es, elles sont un hommage \u00e0 notre ami de toujours ! Et puis, c\u2019est l\u2019occasion de mieux le conna\u00eetre dans la vari\u00e9t\u00e9 de ses formes, la complexit\u00e9 de ses structures et de ses interactions \u2026 A d\u00e9couvrir !!&nbsp;<\/p>\n<table style=\"height: 549px;width: 100%;border-collapse: collapse\">\n<tbody>\n<tr style=\"height: 68px\">\n<td style=\"width: 10.7184%;height: 68px\">\n<h4>Nom scientifique<\/h4>\n<\/td>\n<td style=\"width: 11.0632%;height: 68px\">\n<h4>Famille<\/h4>\n<\/td>\n<td style=\"width: 44.8851%;height: 68px\">\n<h4><strong><em>&nbsp;<\/em><\/strong><\/h4>\n<\/td>\n<\/tr>\n<tr style=\"height: 46px\">\n<td style=\"width: 10.7184%;height: 63px\">\n<h5><em>Acer platanoides<\/em><\/h5>\n<\/td>\n<td style=\"width: 11.0632%;height: 63px\">\n<h5><span data-sheets-value=\"{&quot;1&quot;:2,&quot;2&quot;:&quot;Aceraceae&quot;}\">Sapindaceae<\/span><\/h5>\n<\/td>\n<td style=\"width: 44.8851%;height: 63px\">\n<h4><a href=\"https:\/\/lesnaturalistesdeletoile.com\/wp-content\/uploads\/2019\/12\/Erable-FF.pdf\" target=\"_blank\" rel=\"noopener noreferrer\"><strong>L&rsquo;\u00e9rable de Fran\u00e7oise<\/strong><\/a><\/h4>\n<\/td>\n<\/tr>\n<tr style=\"height: 63px\">\n<td style=\"width: 10.7184%;height: 68px\">\n<h5><em>Artocarpus heterophyllus<\/em><\/h5>\n<\/td>\n<td style=\"width: 11.0632%;height: 68px\">\n<h5><span data-sheets-value=\"{&quot;1&quot;:2,&quot;2&quot;:&quot;Moraceae&quot;}\">Moraceae<\/span><\/h5>\n<\/td>\n<td style=\"width: 44.8851%;height: 68px\">\n<h4><a href=\"https:\/\/lesnaturalistesdeletoile.com\/wp-content\/uploads\/2019\/12\/Jaquier-GV.pdf\" target=\"_blank\" rel=\"noopener noreferrer\"><strong>Le jacquier de Ga\u00e9tan<\/strong><\/a><\/h4>\n<\/td>\n<\/tr>\n<tr style=\"height: 46px\">\n<td style=\"width: 10.7184%;height: 46px\">\n<h5><em><i>Celtis australis<\/i><\/em><\/h5>\n<\/td>\n<td style=\"width: 11.0632%;height: 46px\">\n<h5><span data-sheets-value=\"{&quot;1&quot;:2,&quot;2&quot;:&quot;Fagaceae&quot;}\">Cannabaceae<\/span><\/h5>\n<\/td>\n<td style=\"width: 44.8851%;height: 46px\">\n<h4><a href=\"https:\/\/lesnaturalistesdeletoile.com\/wp-content\/uploads\/2020\/03\/Micocoulier-NC.pdf\" target=\"_blank\" rel=\"noopener noreferrer\"><span style=\"color: #0000ff\"><strong>Le micocoulier de Nicole<\/strong><\/span><\/a><\/h4>\n<\/td>\n<\/tr>\n<tr>\n<td style=\"width: 10.7184%\">\n<h5><em><i>Crataegus<\/i><\/em><i><\/i><\/h5>\n<p>&nbsp;<\/p>\n<\/td>\n<td style=\"width: 11.0632%\">\n<h5>Rosac\u00e9es<\/h5>\n<h5><span data-sheets-value=\"{&quot;1&quot;:2,&quot;2&quot;:&quot;Fagaceae&quot;}\">&nbsp;<\/span><\/h5>\n<\/td>\n<td style=\"width: 44.8851%\">\n<h4><a href=\"https:\/\/lesnaturalistesdeletoile.com\/wp-content\/uploads\/2023\/02\/Aubepine-GG-1.pdf\" target=\"_blank\" rel=\"noopener\"><span style=\"color: #0000ff\"><strong>L&rsquo;Aub\u00e9pine de G\u00e9rard<\/strong><\/span><\/a><\/h4>\n<p>&nbsp;<\/p>\n<\/td>\n<\/tr>\n<tr style=\"height: 66px\">\n<td style=\"width: 10.7184%;height: 10px\">\n<h5><em><i>Dracaena cinnabari<\/i><\/em><\/h5>\n<\/td>\n<td style=\"width: 11.0632%;height: 10px\">\n<h5><span data-sheets-value=\"{&quot;1&quot;:2,&quot;2&quot;:&quot;Fagaceae&quot;}\">Dracaenaceae<\/span><\/h5>\n<\/td>\n<td style=\"width: 44.8851%;height: 10px\">\n<h4><a href=\"https:\/\/lesnaturalistesdeletoile.com\/wp-content\/uploads\/2020\/02\/Dragonnier-GG-Copy.pdf\" target=\"_blank\" rel=\"noopener noreferrer\"><strong>Le dragonnier (de Socotra) de G\u00e9g\u00e9<\/strong><\/a><\/h4>\n<\/td>\n<\/tr>\n<tr style=\"height: 46px\">\n<td style=\"width: 10.7184%;height: 45px\">\n<h5><!--td {border: 1px solid #ccc;}br {mso-data-placement:same-cell;}--><em>Fagus sylvatica<\/em><\/h5>\n<\/td>\n<td style=\"width: 11.0632%;height: 45px\">\n<h5><!--td {border: 1px solid #ccc;}br {mso-data-placement:same-cell;}--><span data-sheets-value=\"{&quot;1&quot;:2,&quot;2&quot;:&quot;Fagaceae&quot;}\">Fagaceae<\/span><\/h5>\n<\/td>\n<td style=\"width: 44.8851%;height: 45px\">\n<h4><a href=\"https:\/\/lesnaturalistesdeletoile.com\/wp-content\/uploads\/2019\/12\/H\u00eatre-JB.pdf\" target=\"_blank\" rel=\"noopener noreferrer\"><strong>Le h\u00eatre de Jack<\/strong><\/a><\/h4>\n<\/td>\n<\/tr>\n<tr style=\"height: 46px\">\n<td style=\"width: 10.7184%;height: 45px\">\n<h5><em>Hedera helix<\/em><\/h5>\n<\/td>\n<td style=\"width: 11.0632%;height: 45px\">\n<h5><span data-sheets-value=\"{&quot;1&quot;:2,&quot;2&quot;:&quot;Araliaceae&quot;}\">Araliaceae<\/span><\/h5>\n<\/td>\n<td style=\"width: 44.8851%;height: 45px\">\n<h4><a href=\"https:\/\/lesnaturalistesdeletoile.com\/wp-content\/uploads\/2019\/12\/Lierre-JP.pdf\" target=\"_blank\" rel=\"noopener noreferrer\"><strong>Le lierre de Jean Pierre<\/strong><\/a><\/h4>\n<\/td>\n<\/tr>\n<tr style=\"height: 46px\">\n<td style=\"width: 10.7184%;height: 45px\">\n<h5><!--td {border: 1px solid #ccc;}br {mso-data-placement:same-cell;}--><em>Olea europaea<\/em><\/h5>\n<\/td>\n<td style=\"width: 11.0632%;height: 45px\">\n<h5><!--td {border: 1px solid #ccc;}br {mso-data-placement:same-cell;}--><span data-sheets-value=\"{&quot;1&quot;:2,&quot;2&quot;:&quot;Oleaceae&quot;}\">Oleaceae<\/span><\/h5>\n<\/td>\n<td style=\"width: 44.8851%;height: 45px\">\n<h4><a href=\"https:\/\/lesnaturalistesdeletoile.com\/wp-content\/uploads\/2019\/12\/Olea-JS.pdf\" target=\"_blank\" rel=\"noopener noreferrer\"><strong>L&rsquo;olivier de Josette<\/strong><\/a><\/h4>\n<\/td>\n<\/tr>\n<tr style=\"height: 46px\">\n<td style=\"width: 10.7184%;height: 45px\">\n<h5><em>Pinus Pinea<\/em><\/h5>\n<\/td>\n<td style=\"width: 11.0632%;height: 45px\">\n<h5><span data-sheets-value=\"{&quot;1&quot;:2,&quot;2&quot;:&quot;Pinaceae&quot;}\">Pinaceae<\/span><\/h5>\n<\/td>\n<td style=\"width: 44.8851%;height: 45px\">\n<h4><a href=\"https:\/\/lesnaturalistesdeletoile.com\/wp-content\/uploads\/2019\/12\/Pin-parasol-GB-4.pdf\" target=\"_blank\" rel=\"noopener noreferrer\"><strong>Le pin parasol de Genevi\u00e8ve<\/strong><\/a><\/h4>\n<\/td>\n<\/tr>\n<tr style=\"height: 63px\">\n<td style=\"width: 10.7184%;height: 58px\">\n<h5><em><i>Platanus hispanica<\/i><\/em><\/h5>\n<\/td>\n<td style=\"width: 11.0632%;height: 58px\">\n<h5><span data-sheets-value=\"{&quot;1&quot;:2,&quot;2&quot;:&quot;Araliaceae&quot;}\">Platanaceae&nbsp;&nbsp;<\/span><\/h5>\n<\/td>\n<td style=\"width: 44.8851%;height: 58px\">\n<h4><span style=\"color: #3366ff\"><a style=\"color: #3366ff\" href=\"https:\/\/lesnaturalistesdeletoile.com\/wp-content\/uploads\/2020\/02\/Platane-MA-1-Copy.pdf\" target=\"_blank\" rel=\"noopener noreferrer\"><strong><span style=\"color: #0000ff\">Le platane de Mimi<\/span><\/strong><\/a><\/span><\/h4>\n<\/td>\n<\/tr>\n<tr style=\"height: 94px\">\n<td style=\"width: 10.7184%;height: 10px\">\n<h5><em>Prunus dulcis<\/em><\/h5>\n<\/td>\n<td style=\"width: 11.0632%;height: 10px\">\n<h5><span data-sheets-value=\"{&quot;1&quot;:2,&quot;2&quot;:&quot;Araliaceae&quot;}\">Rosaceae<\/span><\/h5>\n<\/td>\n<td style=\"width: 44.8851%;height: 10px\">\n<h4><a href=\"https:\/\/lesnaturalistesdeletoile.com\/wp-content\/uploads\/2019\/12\/Amandier-JCM-Copy.pdf\" target=\"_blank\" rel=\"noopener noreferrer\"><strong>L&rsquo;amandier de JC<\/strong><\/a><\/h4>\n<\/td>\n<\/tr>\n<tr style=\"height: 46px\">\n<td style=\"width: 10.7184%;height: 46px\">\n<h5><em>Taxus baccata<\/em><\/h5>\n<\/td>\n<td style=\"width: 11.0632%;height: 46px\">\n<h5><span data-sheets-value=\"{&quot;1&quot;:2,&quot;2&quot;:&quot;Araliaceae&quot;}\">Taxaceae<\/span><\/h5>\n<\/td>\n<td style=\"width: 44.8851%;height: 46px\">\n<h4><a href=\"https:\/\/lesnaturalistesdeletoile.com\/wp-content\/uploads\/2020\/03\/If-DB.pdf\" target=\"_blank\" rel=\"noopener noreferrer\"><span style=\"color: #0000ff\"><strong>L&rsquo;if de Daniel<\/strong><\/span><\/a><\/h4>\n<\/td>\n<\/tr>\n<\/tbody>\n<\/table>\n<h3>Images li\u00e9es:<\/h3>","protected":false},"excerpt":{"rendered":"<p>Aupr\u00e8s de mon arbre &#8230; C\u2019est \u00ab&nbsp;mon&nbsp;\u00bb arbre, celui qui m\u2019apporte fraicheur, apaisement, qui va nourrir les hommes et les animaux, qui me fait r\u00eaver, qui am\u00e8ne tant d\u2019\u00e9motion par sa beaut\u00e9 \u2026 Pour chacun l\u2019exp\u00e9rience est unique. Regroup\u00e9es, elles sont un hommage \u00e0 notre ami de toujours ! Et puis, c\u2019est l\u2019occasion de mieux [&hellip;]<\/p>\n","protected":false},"author":2,"featured_media":0,"parent":0,"menu_order":0,"comment_status":"closed","ping_status":"closed","template":"","meta":{"ngg_post_thumbnail":0,"ocean_post_layout":"","ocean_both_sidebars_style":"","ocean_both_sidebars_content_width":0,"ocean_both_sidebars_sidebars_width":0,"ocean_sidebar":"0","ocean_second_sidebar":"0","ocean_disable_margins":"enable","ocean_add_body_class":"","ocean_shortcode_before_top_bar":"","ocean_shortcode_after_top_bar":"","ocean_shortcode_before_header":"","ocean_shortcode_after_header":"","ocean_has_shortcode":"","ocean_shortcode_after_title":"","ocean_shortcode_before_footer_widgets":"","ocean_shortcode_after_footer_widgets":"","ocean_shortcode_before_footer_bottom":"","ocean_shortcode_after_footer_bottom":"","ocean_display_top_bar":"default","ocean_display_header":"default","ocean_header_style":"","ocean_center_header_left_menu":"0","ocean_custom_header_template":"0","ocean_custom_logo":0,"ocean_custom_retina_logo":0,"ocean_custom_logo_max_width":0,"ocean_custom_logo_tablet_max_width":0,"ocean_custom_logo_mobile_max_width":0,"ocean_custom_logo_max_height":0,"ocean_custom_logo_tablet_max_height":0,"ocean_custom_logo_mobile_max_height":0,"ocean_header_custom_menu":"0","ocean_menu_typo_font_family":"0","ocean_menu_typo_font_subset":"","ocean_menu_typo_font_size":0,"ocean_menu_typo_font_size_tablet":0,"ocean_menu_typo_font_size_mobile":0,"ocean_menu_typo_font_size_unit":"px","ocean_menu_typo_font_weight":"","ocean_menu_typo_font_weight_tablet":"","ocean_menu_typo_font_weight_mobile":"","ocean_menu_typo_transform":"","ocean_menu_typo_transform_tablet":"","ocean_menu_typo_transform_mobile":"","ocean_menu_typo_line_height":0,"ocean_menu_typo_line_height_tablet":0,"ocean_menu_typo_line_height_mobile":0,"ocean_menu_typo_line_height_unit":"","ocean_menu_typo_spacing":0,"ocean_menu_typo_spacing_tablet":0,"ocean_menu_typo_spacing_mobile":0,"ocean_menu_typo_spacing_unit":"","ocean_menu_link_color":"","ocean_menu_link_color_hover":"","ocean_menu_link_color_active":"","ocean_menu_link_background":"","ocean_menu_link_hover_background":"","ocean_menu_link_active_background":"","ocean_menu_social_links_bg":"","ocean_menu_social_hover_links_bg":"","ocean_menu_social_links_color":"","ocean_menu_social_hover_links_color":"","ocean_disable_title":"default","ocean_disable_heading":"default","ocean_post_title":"","ocean_post_subheading":"","ocean_post_title_style":"","ocean_post_title_background_color":"","ocean_post_title_background":0,"ocean_post_title_bg_image_position":"","ocean_post_title_bg_image_attachment":"","ocean_post_title_bg_image_repeat":"","ocean_post_title_bg_image_size":"","ocean_post_title_height":0,"ocean_post_title_bg_overlay":0.5,"ocean_post_title_bg_overlay_color":"","ocean_disable_breadcrumbs":"default","ocean_breadcrumbs_color":"","ocean_breadcrumbs_separator_color":"","ocean_breadcrumbs_links_color":"","ocean_breadcrumbs_links_hover_color":"","ocean_display_footer_widgets":"default","ocean_display_footer_bottom":"default","ocean_custom_footer_template":"0","footnotes":""},"class_list":["post-4195","page","type-page","status-publish","hentry","entry"],"aioseo_notices":[],"_links":{"self":[{"href":"https:\/\/lesnaturalistesdeletoile.com\/index.php\/wp-json\/wp\/v2\/pages\/4195","targetHints":{"allow":["GET"]}}],"collection":[{"href":"https:\/\/lesnaturalistesdeletoile.com\/index.php\/wp-json\/wp\/v2\/pages"}],"about":[{"href":"https:\/\/lesnaturalistesdeletoile.com\/index.php\/wp-json\/wp\/v2\/types\/page"}],"author":[{"embeddable":true,"href":"https:\/\/lesnaturalistesdeletoile.com\/index.php\/wp-json\/wp\/v2\/users\/2"}],"replies":[{"embeddable":true,"href":"https:\/\/lesnaturalistesdeletoile.com\/index.php\/wp-json\/wp\/v2\/comments?post=4195"}],"version-history":[{"count":26,"href":"https:\/\/lesnaturalistesdeletoile.com\/index.php\/wp-json\/wp\/v2\/pages\/4195\/revisions"}],"predecessor-version":[{"id":6150,"href":"https:\/\/lesnaturalistesdeletoile.com\/index.php\/wp-json\/wp\/v2\/pages\/4195\/revisions\/6150"}],"wp:attachment":[{"href":"https:\/\/lesnaturalistesdeletoile.com\/index.php\/wp-json\/wp\/v2\/media?parent=4195"}],"curies":[{"name":"wp","href":"https:\/\/api.w.org\/{rel}","templated":true}]}}