{"id":340,"date":"2017-11-21T17:00:31","date_gmt":"2017-11-21T16:00:31","guid":{"rendered":"https:\/\/lesnaturalistesdeletoile.com\/?page_id=340"},"modified":"2022-04-02T22:54:58","modified_gmt":"2022-04-02T20:54:58","slug":"bibliographie","status":"publish","type":"page","link":"https:\/\/lesnaturalistesdeletoile.com\/index.php\/bibliographie\/","title":{"rendered":"Bibliographie"},"content":{"rendered":"<h2>&nbsp; &nbsp; &nbsp; &nbsp; &nbsp; &nbsp; &nbsp; &nbsp; &nbsp; &nbsp; &nbsp; &nbsp; &nbsp; &nbsp; &nbsp; &nbsp; &nbsp; &nbsp; &nbsp; &nbsp; &nbsp; &nbsp; &nbsp; &nbsp;Documentation naturaliste<\/h2>\n<p><strong>&nbsp; &nbsp; &nbsp; &nbsp; &nbsp; &nbsp; &nbsp; &nbsp; &nbsp; &nbsp; &nbsp; &nbsp; &nbsp; &nbsp; &nbsp; &nbsp;&nbsp;<\/strong><\/p>\n<p>Elle se trouve sous des formes diff\u00e9rentes et concerne un monde tr\u00e8s vaste. Donc, plus que le titre d\u2019un livre, l\u2019important aujourd\u2019hui est de <strong>savoir o\u00f9 et comment trouver l\u2019information qui va correspondre \u00e0 notre attente. <\/strong>Et ne pas \u00eatre noy\u00e9 sous la masse des possibilit\u00e9s !<\/p>\n<p>Ce qui vous est propos\u00e9 ici est forc\u00e9ment subjectif, en relation avec des exp\u00e9riences personnelles : nous avons souhait\u00e9 que les documents pr\u00e9sent\u00e9s soient toujours issus d\u2019une lecture et d\u2019une utilisation pratique.<\/p>\n<table style=\"height: 77px\" width=\"1072\">\n<tbody>\n<tr>\n<td style=\"width: 349.778px\"><a href=\"https:\/\/lesnaturalistesdeletoile.com\/wp-content\/uploads\/2018\/11\/Biblio-bota2.pdf\" target=\"_blank\" rel=\"noopener\"><img loading=\"lazy\" decoding=\"async\" class=\"aligncenter wp-image-1768 size-full\" src=\"https:\/\/lesnaturalistesdeletoile.com\/wp-content\/uploads\/2018\/02\/Bouton-bota-2.jpg\" alt=\"\" width=\"203\" height=\"185\"><\/a><\/td>\n<td style=\"width: 350.667px\"><a href=\"https:\/\/lesnaturalistesdeletoile.com\/wp-content\/uploads\/2018\/02\/Biblio-algues-l-c.pdf\" target=\"_blank\" rel=\"noopener\"><img loading=\"lazy\" decoding=\"async\" class=\"aligncenter wp-image-1760 size-full\" src=\"https:\/\/lesnaturalistesdeletoile.com\/wp-content\/uploads\/2018\/02\/Bouton-algues-1.jpg\" alt=\"\" width=\"204\" height=\"182\"><\/a><\/td>\n<td style=\"width: 350.667px\"><a href=\"https:\/\/lesnaturalistesdeletoile.com\/wp-content\/uploads\/2018\/02\/Biblio-zoo.pdf\" target=\"_blank\" rel=\"noopener\"><img loading=\"lazy\" decoding=\"async\" class=\"aligncenter wp-image-1765 size-full\" src=\"https:\/\/lesnaturalistesdeletoile.com\/wp-content\/uploads\/2018\/02\/Bouton-zoo-1.jpg\" alt=\"\" width=\"204\" height=\"182\"><\/a><\/td>\n<\/tr>\n<tr>\n<td style=\"width: 349.778px\"><a href=\"https:\/\/lesnaturalistesdeletoile.com\/wp-content\/uploads\/2022\/04\/Biblio-rando-geol-2.pdf\" target=\"_blank\" rel=\"noopener\"><img loading=\"lazy\" decoding=\"async\" class=\"aligncenter wp-image-1763 size-full\" src=\"https:\/\/lesnaturalistesdeletoile.com\/wp-content\/uploads\/2018\/02\/Bouton-rando-1.jpg\" alt=\"\" width=\"207\" height=\"182\"><\/a><\/td>\n<td style=\"width: 350.667px\"><a href=\"https:\/\/lesnaturalistesdeletoile.com\/wp-content\/uploads\/2018\/02\/Biblio-divers-1.pdf\" target=\"_blank\" rel=\"noopener\"><img loading=\"lazy\" decoding=\"async\" class=\"aligncenter wp-image-1762 size-full\" src=\"https:\/\/lesnaturalistesdeletoile.com\/wp-content\/uploads\/2018\/02\/Bouton-divers-1.jpg\" alt=\"\" width=\"206\" height=\"180\"><\/a><\/td>\n<td style=\"width: 350.667px\"><a href=\"https:\/\/lesnaturalistesdeletoile.com\/wp-content\/uploads\/2022\/04\/Biblio-editeurs-2.pdf\" target=\"_blank\" rel=\"noopener\"><img loading=\"lazy\" decoding=\"async\" class=\"aligncenter wp-image-1769 size-full\" src=\"https:\/\/lesnaturalistesdeletoile.com\/wp-content\/uploads\/2018\/02\/Boutons-editeurs-2.jpg\" alt=\"\" width=\"207\" height=\"177\"><\/a><\/td>\n<\/tr>\n<\/tbody>\n<\/table>\n<figure class=\"gallery-item\"><\/figure>\n<figure class=\"gallery-item\"><\/figure>\n<figure class=\"gallery-item\"><\/figure>\n<figure class=\"gallery-item\"><\/figure>\n<figure class=\"gallery-item\"><\/figure>\n\n<h3>Images li\u00e9es:<\/h3>","protected":false},"excerpt":{"rendered":"<p>&nbsp; &nbsp; &nbsp; &nbsp; &nbsp; &nbsp; &nbsp; &nbsp; &nbsp; &nbsp; &nbsp; &nbsp; &nbsp; &nbsp; &nbsp; &nbsp; &nbsp; &nbsp; &nbsp; &nbsp; &nbsp; &nbsp; &nbsp; &nbsp;Documentation naturaliste &nbsp; &nbsp; &nbsp; &nbsp; &nbsp; &nbsp; &nbsp; &nbsp; &nbsp; &nbsp; &nbsp; &nbsp; &nbsp; &nbsp; &nbsp; &nbsp;&nbsp; Elle se trouve sous des formes diff\u00e9rentes et concerne un monde tr\u00e8s vaste. Donc, [&hellip;]<\/p>\n","protected":false},"author":2,"featured_media":0,"parent":0,"menu_order":0,"comment_status":"closed","ping_status":"closed","template":"","meta":{"ngg_post_thumbnail":0,"ocean_post_layout":"","ocean_both_sidebars_style":"","ocean_both_sidebars_content_width":0,"ocean_both_sidebars_sidebars_width":0,"ocean_sidebar":"0","ocean_second_sidebar":"0","ocean_disable_margins":"enable","ocean_add_body_class":"","ocean_shortcode_before_top_bar":"","ocean_shortcode_after_top_bar":"","ocean_shortcode_before_header":"","ocean_shortcode_after_header":"","ocean_has_shortcode":"","ocean_shortcode_after_title":"","ocean_shortcode_before_footer_widgets":"","ocean_shortcode_after_footer_widgets":"","ocean_shortcode_before_footer_bottom":"","ocean_shortcode_after_footer_bottom":"","ocean_display_top_bar":"default","ocean_display_header":"default","ocean_header_style":"","ocean_center_header_left_menu":"0","ocean_custom_header_template":"0","ocean_custom_logo":0,"ocean_custom_retina_logo":0,"ocean_custom_logo_max_width":0,"ocean_custom_logo_tablet_max_width":0,"ocean_custom_logo_mobile_max_width":0,"ocean_custom_logo_max_height":0,"ocean_custom_logo_tablet_max_height":0,"ocean_custom_logo_mobile_max_height":0,"ocean_header_custom_menu":"0","ocean_menu_typo_font_family":"0","ocean_menu_typo_font_subset":"","ocean_menu_typo_font_size":0,"ocean_menu_typo_font_size_tablet":0,"ocean_menu_typo_font_size_mobile":0,"ocean_menu_typo_font_size_unit":"px","ocean_menu_typo_font_weight":"","ocean_menu_typo_font_weight_tablet":"","ocean_menu_typo_font_weight_mobile":"","ocean_menu_typo_transform":"","ocean_menu_typo_transform_tablet":"","ocean_menu_typo_transform_mobile":"","ocean_menu_typo_line_height":0,"ocean_menu_typo_line_height_tablet":0,"ocean_menu_typo_line_height_mobile":0,"ocean_menu_typo_line_height_unit":"","ocean_menu_typo_spacing":0,"ocean_menu_typo_spacing_tablet":0,"ocean_menu_typo_spacing_mobile":0,"ocean_menu_typo_spacing_unit":"","ocean_menu_link_color":"","ocean_menu_link_color_hover":"","ocean_menu_link_color_active":"","ocean_menu_link_background":"","ocean_menu_link_hover_background":"","ocean_menu_link_active_background":"","ocean_menu_social_links_bg":"","ocean_menu_social_hover_links_bg":"","ocean_menu_social_links_color":"","ocean_menu_social_hover_links_color":"","ocean_disable_title":"default","ocean_disable_heading":"default","ocean_post_title":"","ocean_post_subheading":"","ocean_post_title_style":"","ocean_post_title_background_color":"","ocean_post_title_background":0,"ocean_post_title_bg_image_position":"","ocean_post_title_bg_image_attachment":"","ocean_post_title_bg_image_repeat":"","ocean_post_title_bg_image_size":"","ocean_post_title_height":0,"ocean_post_title_bg_overlay":0.5,"ocean_post_title_bg_overlay_color":"","ocean_disable_breadcrumbs":"default","ocean_breadcrumbs_color":"","ocean_breadcrumbs_separator_color":"","ocean_breadcrumbs_links_color":"","ocean_breadcrumbs_links_hover_color":"","ocean_display_footer_widgets":"default","ocean_display_footer_bottom":"default","ocean_custom_footer_template":"0","footnotes":""},"class_list":["post-340","page","type-page","status-publish","hentry","entry"],"aioseo_notices":[],"_links":{"self":[{"href":"https:\/\/lesnaturalistesdeletoile.com\/index.php\/wp-json\/wp\/v2\/pages\/340","targetHints":{"allow":["GET"]}}],"collection":[{"href":"https:\/\/lesnaturalistesdeletoile.com\/index.php\/wp-json\/wp\/v2\/pages"}],"about":[{"href":"https:\/\/lesnaturalistesdeletoile.com\/index.php\/wp-json\/wp\/v2\/types\/page"}],"author":[{"embeddable":true,"href":"https:\/\/lesnaturalistesdeletoile.com\/index.php\/wp-json\/wp\/v2\/users\/2"}],"replies":[{"embeddable":true,"href":"https:\/\/lesnaturalistesdeletoile.com\/index.php\/wp-json\/wp\/v2\/comments?post=340"}],"version-history":[{"count":33,"href":"https:\/\/lesnaturalistesdeletoile.com\/index.php\/wp-json\/wp\/v2\/pages\/340\/revisions"}],"predecessor-version":[{"id":5683,"href":"https:\/\/lesnaturalistesdeletoile.com\/index.php\/wp-json\/wp\/v2\/pages\/340\/revisions\/5683"}],"wp:attachment":[{"href":"https:\/\/lesnaturalistesdeletoile.com\/index.php\/wp-json\/wp\/v2\/media?parent=340"}],"curies":[{"name":"wp","href":"https:\/\/api.w.org\/{rel}","templated":true}]}}