{"id":2600,"date":"2019-03-18T16:04:39","date_gmt":"2019-03-18T15:04:39","guid":{"rendered":"https:\/\/lesnaturalistesdeletoile.com\/?page_id=2600"},"modified":"2026-03-19T23:36:55","modified_gmt":"2026-03-19T22:36:55","slug":"ateliers-en-salle","status":"publish","type":"page","link":"https:\/\/lesnaturalistesdeletoile.com\/index.php\/ateliers-en-salle\/","title":{"rendered":"Ateliers en salle"},"content":{"rendered":"\n<p style=\"text-align: center\"><em><strong>Les Naturalistes de l&rsquo;Etoile<\/strong><\/em>&nbsp;<\/p>\n<p><strong>Comptes-rendus des ateliers en salle<\/strong><\/p>\n\n\n\n\n\n<p>&nbsp;<\/p>\n\n\n\n<table style=\"width: 100%;height: 641px\">\n<tbody>\n<tr style=\"height: 137px\">\n<td style=\"width: 11.4983%;height: 137px\">&nbsp;<\/td>\n<td style=\"width: 35.2258%;height: 137px\">\n<h2>Ateliers&nbsp;<\/h2>\n<em>Depuis fin 2017 notre association a mis en place des ateliers en salle, compl\u00e9mentaires des sorties sur le terrain. La plupart d\u2019entre eux font l\u2019objet de comptes-rendus ou sont \u00e0 l\u2019origine de petits documents r\u00e9alis\u00e9s par leurs animateurs. Ils sont list\u00e9s ci-dessous et il suffit de cliquer sur le titre pour y acc\u00e9der.<\/em><\/td>\n<\/tr>\n<tr>\n<td style=\"width: 11.4983%\">20 f\u00e9vrier 2026<\/td>\n<td style=\"width: 35.2258%\"><a href=\"https:\/\/lesnaturalistesdeletoile.com\/wp-content\/uploads\/2026\/03\/2026-02-20-Atelier-Bryo-Nayes-St-Zacharie.pdf\">Bryophytes \u2013 St Zacharie (83) \u2013 Source des Nayes (+ atelier du 2 mars 2026)<\/a><\/td>\n<\/tr>\n<tr>\n<td style=\"width: 11.4983%\">18 novembre 2025<\/td>\n<td style=\"width: 35.2258%\"><a href=\"https:\/\/lesnaturalistesdeletoile.com\/wp-content\/uploads\/2026\/03\/2025-11-18-Atelier-bryo-Infernets.pdf\">Bryophytes \u2013 Ravin des Infernets (Le Plan d&rsquo;Aups, Auriol) (+ atelier du 1er d\u00e9c. 2025)<\/a><\/td>\n<\/tr>\n<tr style=\"height: 18px\">\n<td style=\"width: 11.4983%;height: 18px\">21 d\u00e9cembre 2023<\/td>\n<td style=\"width: 35.2258%;height: 18px\"><a href=\"https:\/\/lesnaturalistesdeletoile.com\/wp-content\/uploads\/2024\/02\/2023-12-21-Inv.-bryophytes-Caramy.pdf\" target=\"_blank\" rel=\"noopener\">Bryophytes \u2013 Vall\u00e9e du Caramy, Tourves (83) (+ atelier du 8 janvier 2024)<\/a><\/td>\n<\/tr>\n<tr style=\"height: 36px\">\n<td style=\"width: 11.4983%;height: 36px\">5 d\u00e9cembre 2022<\/td>\n<td style=\"width: 35.2258%;height: 36px\"><a href=\"https:\/\/lesnaturalistesdeletoile.com\/wp-content\/uploads\/2023\/03\/2022-11.29-Bryo-St-Zacharie-Nayes-Doc-photos.pdf\" target=\"_blank\" rel=\"noopener\">Bryophytes \u2013 St Zacharie (83) \u2013 Source des Nayes &#8211; Synth\u00e8se 2019-2022 (Sorties de 2019 et 2022 + atelier du 5 d\u00e9cembre 2022)<\/a><\/td>\n<\/tr>\n<tr style=\"height: 36px\">\n<td style=\"width: 11.4983%;height: 36px\">19 d\u00e9cembre 2019<\/td>\n<td style=\"width: 35.2258%;height: 36px\"><a href=\"https:\/\/lesnaturalistesdeletoile.com\/wp-content\/uploads\/2019\/12\/CR-Atelier-du-19.12.19-Copy.pdf\" target=\"_blank\" rel=\"noopener noreferrer\">Atelier botanique : bilan de la flore automnale, organisation du site internet, mise en place de l&rsquo;herbier des Poac\u00e9es (Moulin de Redon)<\/a><\/td>\n<\/tr>\n<tr style=\"height: 54px\">\n<td style=\"width: 11.4983%;height: 54px\">10 d\u00e9cembre 2019<\/td>\n<td style=\"width: 35.2258%;height: 54px\"><a href=\"https:\/\/lesnaturalistesdeletoile.com\/wp-content\/uploads\/2019\/12\/Mousses-r\u00e9gions-calcaires-m\u00e9diterran\u00e9ennes.pdf\" target=\"_blank\" rel=\"noopener noreferrer\">Atelier bryophytes : pr\u00e9sentation g\u00e9n\u00e9rale et observation \u00e0 la loupe binoculaire des principales esp\u00e8ces des r\u00e9gions calcaires m\u00e9diterran\u00e9ennes<\/a><\/td>\n<\/tr>\n<tr style=\"height: 36px\">\n<td style=\"width: 11.4983%;height: 36px\">21 novembre 2019<\/td>\n<td style=\"width: 35.2258%;height: 36px\"><a href=\"https:\/\/lesnaturalistesdeletoile.com\/wp-content\/uploads\/2019\/12\/2019-11-21-Atelier-lichens-Initiation-30-lichens.pdf\" target=\"_blank\" rel=\"noopener noreferrer\">Atelier lichens : pr\u00e9sentation g\u00e9n\u00e9rale et 30 esp\u00e8ces \u00e0 rechercher \u00e0 Sivergues (84)<\/a><\/td>\n<\/tr>\n<tr style=\"height: 18px\">\n<td style=\"width: 11.4983%;height: 18px\">&nbsp; 01 avril 2019<\/td>\n<td style=\"width: 35.2258%;height: 18px\"><a href=\"https:\/\/lesnaturalistesdeletoile.com\/wp-content\/uploads\/2019\/10\/2019-04-01-Atelier-bota-Malvac\u00e9es.pdf\" target=\"_blank\" rel=\"noopener noreferrer\">Atelier botanique : Les Malvac\u00e9es + D\u00e9terminer le nom d&rsquo;une plante<\/a><\/td>\n<\/tr>\n<tr style=\"height: 36px\">\n<td style=\"width: 11.4983%;height: 36px\">&nbsp; 21 mars 2019<\/td>\n<td style=\"width: 35.2258%;height: 36px\"><a href=\"https:\/\/lesnaturalistesdeletoile.com\/wp-content\/uploads\/2019\/11\/2019-03-21-Atelier-Bryophytes-Bryales-Pottiales-2.pdf\" target=\"_blank\" rel=\"noreferrer noopener\" aria-label=\"Atelier sur les bryophytes : les Bryales et les Pottiales (Moulin de Redon) (s\u2019ouvre dans un nouvel onglet)\">Atelier sur les bryophytes : les Bryales et les Pottiales (Moulin de Redon)<\/a><\/td>\n<\/tr>\n<tr style=\"height: 18px\">\n<td style=\"width: 11.4983%;height: 18px\">&nbsp; 11 mars 2019<\/td>\n<td style=\"width: 35.2258%;height: 18px\"><a href=\"https:\/\/lesnaturalistesdeletoile.com\/wp-content\/uploads\/2019\/10\/2019-03-11-Atelier-lichens-Acarospora.pdf\" target=\"_blank\" rel=\"noopener noreferrer\">Atelier lichens : pr\u00e9sentation du genre Acarospora (La R\u00e9nette)<\/a><\/td>\n<\/tr>\n<tr style=\"height: 18px\">\n<td style=\"width: 11.4983%;height: 18px\">&nbsp; 11 mars 2019<\/td>\n<td style=\"width: 35.2258%;height: 18px\"><a href=\"https:\/\/lesnaturalistesdeletoile.com\/wp-content\/uploads\/2019\/09\/2019-03-11-Atelier-Bryophytes-Mt-Vinaigre-et-autres.pdf\" target=\"_blank\" rel=\"noreferrer noopener\" aria-label=\"Atelier sur les bryophytes du Mont Vinaigre (83) et autres (La R\u00e9nette) (s\u2019ouvre dans un nouvel onglet)\">Atelier sur les bryophytes du Mont Vinaigre (83) et autres (La R\u00e9nette)<\/a><\/td>\n<\/tr>\n<tr style=\"height: 18px\">\n<td style=\"width: 11.4983%;height: 18px\">&nbsp; 25 f\u00e9vrier 2019<\/td>\n<td style=\"width: 35.2258%;height: 18px\"><a href=\"https:\/\/lesnaturalistesdeletoile.com\/wp-content\/uploads\/2019\/09\/2019-02-25-Atelier-Bryophytes-Jouques-Auriol.pdf\" target=\"_blank\" rel=\"noreferrer noopener\" aria-label=\"Atelier sur les bryophytes de Jouques et Auriol (La R\u00e9nette) (s\u2019ouvre dans un nouvel onglet)\">Atelier sur les bryophytes de Jouques et Auriol (13) (La R\u00e9nette)<\/a><\/td>\n<\/tr>\n<tr style=\"height: 54px\">\n<td style=\"width: 11.4983%;height: 54px\">&nbsp; 07 f\u00e9vrier 2019<\/td>\n<td style=\"width: 35.2258%;height: 54px\"><a href=\"https:\/\/lesnaturalistesdeletoile.com\/wp-content\/uploads\/2019\/10\/2019-02-07-Atelier-lichens-Buellia-et-Aspicilia.pdf\" target=\"_blank\" rel=\"noopener noreferrer\">Atelier lichens (microscope) &#8211; Lichens de Roquebrune (diaporama et microscope) et \u00e9tude des genres Buellia et Aspicilia (Moulin de Redon)<\/a><\/td>\n<\/tr>\n<tr style=\"height: 18px\">\n<td style=\"width: 11.4983%;height: 18px\">&nbsp; 14 janvier 2019<\/td>\n<td style=\"width: 35.2258%;height: 18px\"><a href=\"https:\/\/lesnaturalistesdeletoile.com\/wp-content\/uploads\/2019\/10\/2019-01-14-Atelier-Nomenclatures.pdf\" target=\"_blank\" rel=\"noopener noreferrer\">Botanique : d\u00e9termination, classification et nomenclature (La R\u00e9nette)<\/a><\/td>\n<\/tr>\n<tr style=\"height: 18px\">\n<td style=\"width: 11.4983%;height: 18px\">&nbsp; 10 d\u00e9cembre 2018<\/td>\n<td style=\"width: 35.2258%;height: 18px\"><a href=\"https:\/\/lesnaturalistesdeletoile.com\/wp-content\/uploads\/2019\/10\/2018-12-10-Atelier-lichens-Thalle-et-apoth\u00e9cie.pdf\" target=\"_blank\" rel=\"noopener noreferrer\">Atelier lichens &#8211; G\u00e9n\u00e9ralit\u00e9s (thalle et apoth\u00e9cie) &#8211; Observations micro<\/a><\/td>\n<\/tr>\n<tr style=\"height: 18px\">\n<td style=\"width: 11.4983%;height: 18px\">&nbsp; 08 novembre 2018<\/td>\n<td style=\"width: 35.2258%;height: 18px\"><a href=\"https:\/\/lesnaturalistesdeletoile.com\/wp-content\/uploads\/2019\/09\/2018-11-08-Ateliers-Discussion-sur-les-contenus.pdf\" target=\"_blank\" rel=\"noreferrer noopener\" aria-label=\"Discussion sur les contenus des ateliers (Moulin de Redon) (s\u2019ouvre dans un nouvel onglet)\">Discussion sur les contenus des ateliers (Moulin de Redon)<\/a><\/td>\n<\/tr>\n<tr style=\"height: 18px\">\n<td style=\"width: 11.4983%;height: 18px\">&nbsp; 08 octobre 2018<\/td>\n<td style=\"width: 35.2258%;height: 18px\"><a href=\"https:\/\/lesnaturalistesdeletoile.com\/wp-content\/uploads\/2025\/03\/2018-10-08-Atelier-Bryophytes-Colmars-Allos.pdf\">Atelier sur les bryophytes de Colmars-Allos (04) (La R\u00e9nette)<\/a><\/td>\n<\/tr>\n<tr style=\"height: 18px\">\n<td style=\"width: 11.4983%;height: 18px\">&nbsp; 30 juin 2018<\/td>\n<td style=\"width: 35.2258%;height: 18px\"><a href=\"https:\/\/lesnaturalistesdeletoile.com\/wp-content\/uploads\/2019\/09\/2018-06-30-Ateliers-Labo.pdf\" target=\"_blank\" rel=\"noreferrer noopener\" aria-label=\"Document sur l'utilit\u00e9 des ateliers \">Document sur l&rsquo;utilit\u00e9 des ateliers \u00ab\u00a0labo\u00a0\u00bb de l&rsquo;association<\/a><\/td>\n<\/tr>\n<tr style=\"height: 18px\">\n<td style=\"width: 11.4983%;height: 18px\">&nbsp; 12 f\u00e9vrier 2018<\/td>\n<td style=\"width: 35.2258%;height: 18px\"><a href=\"https:\/\/lesnaturalistesdeletoile.com\/wp-content\/uploads\/2019\/09\/2018-02-12-Atelier-Bryophytes-Encanaux.pdf\" target=\"_blank\" rel=\"noreferrer noopener\" aria-label=\"Atelier sur les bryophytes des Encanaux, Auriol (La R\u00e9nette) (s\u2019ouvre dans un nouvel onglet)\">Atelier sur les bryophytes des Encanaux, Auriol (13)&nbsp; (La R\u00e9nette)<\/a><\/td>\n<\/tr>\n<tr style=\"height: 18px\">\n<td style=\"width: 11.4983%;height: 18px\">&nbsp; 05 f\u00e9vrier 2018<\/td>\n<td style=\"width: 35.2258%;height: 18px\"><a href=\"https:\/\/lesnaturalistesdeletoile.com\/wp-content\/uploads\/2019\/10\/2018-01-13-Lichens-Buoux-doc-photos.pdf\" target=\"_blank\" rel=\"noopener noreferrer\">Atelier sur les lichens de Buoux (La R\u00e9nette)<\/a><\/td>\n<\/tr>\n<tr style=\"height: 36px\">\n<td style=\"width: 11.4983%;height: 36px\">&nbsp; 22 janvier 2018<\/td>\n<td style=\"width: 35.2258%;height: 36px\"><a href=\"https:\/\/lesnaturalistesdeletoile.com\/wp-content\/uploads\/2019\/09\/2018-01-22-Atelier-Bryophytes-Buoux.pdf\" target=\"_blank\" rel=\"noreferrer noopener\" aria-label=\"Atelier sur les bryophytes de Buoux, Vallon de l'Aiguebrun (84)&nbsp; (La R\u00e9nette) (s\u2019ouvre dans un nouvel onglet)\">Atelier sur les bryophytes de Buoux, Vallon de l&rsquo;Aiguebrun (84)&nbsp; &nbsp; &nbsp; &nbsp; &nbsp; &nbsp; &nbsp; &nbsp; &nbsp; &nbsp; &nbsp; (La R\u00e9nette)<\/a><\/td>\n<\/tr>\n<\/tbody>\n<\/table>\n\n\n<h3>Images li\u00e9es:<\/h3>","protected":false},"excerpt":{"rendered":"<p>Les Naturalistes de l&rsquo;Etoile&nbsp; Comptes-rendus des ateliers en salle &nbsp; &nbsp; Ateliers&nbsp; Depuis fin 2017 notre association a mis en place des ateliers en salle, compl\u00e9mentaires des sorties sur le terrain. La plupart d\u2019entre eux font l\u2019objet de comptes-rendus ou sont \u00e0 l\u2019origine de petits documents r\u00e9alis\u00e9s par leurs animateurs. Ils sont list\u00e9s ci-dessous et [&hellip;]<\/p>\n","protected":false},"author":2,"featured_media":0,"parent":0,"menu_order":0,"comment_status":"closed","ping_status":"closed","template":"","meta":{"ngg_post_thumbnail":0,"ocean_post_layout":"","ocean_both_sidebars_style":"","ocean_both_sidebars_content_width":0,"ocean_both_sidebars_sidebars_width":0,"ocean_sidebar":"0","ocean_second_sidebar":"0","ocean_disable_margins":"enable","ocean_add_body_class":"","ocean_shortcode_before_top_bar":"","ocean_shortcode_after_top_bar":"","ocean_shortcode_before_header":"","ocean_shortcode_after_header":"","ocean_has_shortcode":"","ocean_shortcode_after_title":"","ocean_shortcode_before_footer_widgets":"","ocean_shortcode_after_footer_widgets":"","ocean_shortcode_before_footer_bottom":"","ocean_shortcode_after_footer_bottom":"","ocean_display_top_bar":"default","ocean_display_header":"default","ocean_header_style":"","ocean_center_header_left_menu":"0","ocean_custom_header_template":"0","ocean_custom_logo":0,"ocean_custom_retina_logo":0,"ocean_custom_logo_max_width":0,"ocean_custom_logo_tablet_max_width":0,"ocean_custom_logo_mobile_max_width":0,"ocean_custom_logo_max_height":0,"ocean_custom_logo_tablet_max_height":0,"ocean_custom_logo_mobile_max_height":0,"ocean_header_custom_menu":"0","ocean_menu_typo_font_family":"0","ocean_menu_typo_font_subset":"","ocean_menu_typo_font_size":0,"ocean_menu_typo_font_size_tablet":0,"ocean_menu_typo_font_size_mobile":0,"ocean_menu_typo_font_size_unit":"px","ocean_menu_typo_font_weight":"","ocean_menu_typo_font_weight_tablet":"","ocean_menu_typo_font_weight_mobile":"","ocean_menu_typo_transform":"","ocean_menu_typo_transform_tablet":"","ocean_menu_typo_transform_mobile":"","ocean_menu_typo_line_height":0,"ocean_menu_typo_line_height_tablet":0,"ocean_menu_typo_line_height_mobile":0,"ocean_menu_typo_line_height_unit":"","ocean_menu_typo_spacing":0,"ocean_menu_typo_spacing_tablet":0,"ocean_menu_typo_spacing_mobile":0,"ocean_menu_typo_spacing_unit":"","ocean_menu_link_color":"","ocean_menu_link_color_hover":"","ocean_menu_link_color_active":"","ocean_menu_link_background":"","ocean_menu_link_hover_background":"","ocean_menu_link_active_background":"","ocean_menu_social_links_bg":"","ocean_menu_social_hover_links_bg":"","ocean_menu_social_links_color":"","ocean_menu_social_hover_links_color":"","ocean_disable_title":"default","ocean_disable_heading":"default","ocean_post_title":"","ocean_post_subheading":"","ocean_post_title_style":"","ocean_post_title_background_color":"","ocean_post_title_background":0,"ocean_post_title_bg_image_position":"","ocean_post_title_bg_image_attachment":"","ocean_post_title_bg_image_repeat":"","ocean_post_title_bg_image_size":"","ocean_post_title_height":0,"ocean_post_title_bg_overlay":0.5,"ocean_post_title_bg_overlay_color":"","ocean_disable_breadcrumbs":"default","ocean_breadcrumbs_color":"","ocean_breadcrumbs_separator_color":"","ocean_breadcrumbs_links_color":"","ocean_breadcrumbs_links_hover_color":"","ocean_display_footer_widgets":"default","ocean_display_footer_bottom":"default","ocean_custom_footer_template":"0","footnotes":""},"class_list":["post-2600","page","type-page","status-publish","hentry","entry"],"aioseo_notices":[],"_links":{"self":[{"href":"https:\/\/lesnaturalistesdeletoile.com\/index.php\/wp-json\/wp\/v2\/pages\/2600","targetHints":{"allow":["GET"]}}],"collection":[{"href":"https:\/\/lesnaturalistesdeletoile.com\/index.php\/wp-json\/wp\/v2\/pages"}],"about":[{"href":"https:\/\/lesnaturalistesdeletoile.com\/index.php\/wp-json\/wp\/v2\/types\/page"}],"author":[{"embeddable":true,"href":"https:\/\/lesnaturalistesdeletoile.com\/index.php\/wp-json\/wp\/v2\/users\/2"}],"replies":[{"embeddable":true,"href":"https:\/\/lesnaturalistesdeletoile.com\/index.php\/wp-json\/wp\/v2\/comments?post=2600"}],"version-history":[{"count":82,"href":"https:\/\/lesnaturalistesdeletoile.com\/index.php\/wp-json\/wp\/v2\/pages\/2600\/revisions"}],"predecessor-version":[{"id":8145,"href":"https:\/\/lesnaturalistesdeletoile.com\/index.php\/wp-json\/wp\/v2\/pages\/2600\/revisions\/8145"}],"wp:attachment":[{"href":"https:\/\/lesnaturalistesdeletoile.com\/index.php\/wp-json\/wp\/v2\/media?parent=2600"}],"curies":[{"name":"wp","href":"https:\/\/api.w.org\/{rel}","templated":true}]}}