{"id":2162,"date":"2018-03-05T17:23:54","date_gmt":"2018-03-05T16:23:54","guid":{"rendered":"https:\/\/lesnaturalistesdeletoile.com\/?page_id=2162"},"modified":"2025-03-07T17:38:12","modified_gmt":"2025-03-07T16:38:12","slug":"liens-utiles-champignons","status":"publish","type":"page","link":"https:\/\/lesnaturalistesdeletoile.com\/index.php\/liens-utiles-champignons\/","title":{"rendered":"Liens utiles : champignons"},"content":{"rendered":"<p><img loading=\"lazy\" decoding=\"async\" class=\"size-medium wp-image-4602 aligncenter\" src=\"https:\/\/lesnaturalistesdeletoile.com\/wp-content\/uploads\/2020\/02\/Bouton-Champignons-300x107.jpg\" alt=\"\" width=\"300\" height=\"107\" srcset=\"https:\/\/lesnaturalistesdeletoile.com\/wp-content\/uploads\/2020\/02\/Bouton-Champignons-300x107.jpg 300w, https:\/\/lesnaturalistesdeletoile.com\/wp-content\/uploads\/2020\/02\/Bouton-Champignons.jpg 598w\" sizes=\"auto, (max-width: 300px) 100vw, 300px\" \/><\/p>\n<p>&nbsp;<\/p>\n<p>La <span style=\"text-decoration: underline\">Mycologie<\/span> (\u00e9tude des champignons) ou tout simplement la cueillette des champignons sont des activit\u00e9s auxquelles s\u2019adonnent de nombreuses personnes. Tout naturellement, on trouve de tr\u00e8s bons sites internet fran\u00e7ais qui peuvent permettre d\u2019identifier un champignon. Quasiment tous indiquent l\u2019\u00e9ventuelle comestibilit\u00e9 de l\u2019esp\u00e8ce.<\/p>\n<p>&nbsp;<\/p>\n<p style=\"text-align: center\"><strong><span style=\"color: #ff0000\">Sites permettant la recherche par cl\u00e9s ou galeries photos (avec fiches)<\/span><\/strong><\/p>\n<p><strong>Myco db<\/strong> (Base de donn\u00e9es mycologique)<br \/>\nSite tr\u00e8s important, avec une grande base de donn\u00e9es. On peut effectuer des recherches par des cl\u00e9s ou par d\u2019autres crit\u00e8res. Tr\u00e8s nombreuses fiches et photos. Le meilleur site pour identifier un champignon quand on a peu de connaissances dans ce domaine.<br \/>\n<a href=\"http:\/\/www.mycodb.fr\/\" target=\"_blank\" rel=\"noopener noreferrer\">http:\/\/www.mycodb.fr\/<\/a><\/p>\n<p><strong>ChampYves&nbsp;<\/strong><br \/>\nAcc\u00e8s directement aux fiches d\u2019esp\u00e8ces par le nom, ou recherche par formes au moyen de galeries photos.<br \/>\n<a href=\"http:\/\/champyves.free.fr\/\" target=\"_blank\" rel=\"noopener\">http:\/\/champyves.free.fr\/<\/a><\/p>\n<p><strong>Les Champignons.fr<\/strong><br \/>\nAcc\u00e8s directement aux fiches d\u2019esp\u00e8ces par le nom, ou recherche par formes au moyen de galeries photos.<br \/>\n<a href=\"http:\/\/leschampignons.fr\/\" target=\"_blank\" rel=\"noopener noreferrer\">http:\/\/leschampignons.fr\/<\/a><\/p>\n<p><strong>Mycorance, Guide des champignons d\u2019Europe occidentale<\/strong><br \/>\nAcc\u00e8s directement aux fiches d\u2019esp\u00e8ces par le nom, ou recherche par formes et couleurs \u00e0 travers des galeries photos.<br \/>\n<a href=\"http:\/\/mycorance.free.fr\/\" target=\"_blank\" rel=\"noopener noreferrer\">http:\/\/mycorance.free.fr\/<\/a><\/p>\n<p>&nbsp;<\/p>\n<p style=\"text-align: center\"><span style=\"color: #ff0000\"><strong>Sites int\u00e9ressants permettant d\u2019acc\u00e9der directement \u00e0 <u>des fiches (avec photos)<\/u> par l\u2019index<\/strong><\/span><\/p>\n<p><strong>Champignons de Charente-Maritime, Charente et Deux-S\u00e8vres<\/strong><br \/>\nL\u2019index permet d\u2019acc\u00e9der \u00e0 des fiches remarquables, qui sont t\u00e9l\u00e9chargeables.<br \/>\n<a href=\"https:\/\/www.mycocharentes.fr\/index.php?page=Alpha\" target=\"_blank\" rel=\"noopener noreferrer\">https:\/\/www.mycocharentes.fr\/index.php?page=Alpha<\/a><\/p>\n<p><strong>Champignons d\u2019Aveyron et d\u2019ailleurs<\/strong><br \/>\nL\u2019index permet d\u2019acc\u00e9der \u00e0 des fiches dont les photos sont agrandissables et d\u2019excellente qualit\u00e9.<br \/>\n<a href=\"http:\/\/champignons.aveyron.free.fr\/\" target=\"_blank\" rel=\"noopener noreferrer\">http:\/\/champignons.aveyron.free.fr\/<\/a><\/p>\n<p><strong>Soci\u00e9t\u00e9 Mycologique du Nord de la France<\/strong><br \/>\nL\u2019index permet d\u2019acc\u00e9der \u00e0 des fiches tr\u00e8s int\u00e9ressantes.<br \/>\n<a href=\"https:\/\/www.smnf.fr\/\" target=\"_blank\" rel=\"noopener\">https:\/\/www.smnf.fr\/<\/a><\/p>\n<p>&nbsp;<\/p>\n<p style=\"text-align: center\"><strong><span style=\"color: #ff0000\">Sites int\u00e9ressants permettant d\u2019acc\u00e9der directement \u00e0 des photos des esp\u00e8ces par l\u2019index<\/span><\/strong><\/p>\n<p><strong>Stridvall<\/strong><br \/>\nSite de mycologues et lich\u00e9nologues su\u00e9dois contenant une grande base de donn\u00e9es et des photos d\u2019excellente qualit\u00e9.<br \/>\n<a href=\"http:\/\/www.stridvall.se\/la\/index_fungi.php\" target=\"_blank\" rel=\"noopener noreferrer\">http:\/\/www.stridvall.se\/la\/index_fungi.php<\/a><\/p>\n<p><strong>Pharmanatur<\/strong><br \/>\nIndex tr\u00e8s fourni, photos int\u00e9ressantes.<br \/>\n<a href=\"http:\/\/www.pharmanatur.com\/mycolistAL.htm\" target=\"_blank\" rel=\"noopener noreferrer\">http:\/\/www.pharmanatur.com\/mycolistAL.htm<\/a><\/p>\n<p><strong>Mycologie et Lich\u00e9nologie en Catalogne Nord<\/strong><br \/>\nIndex tr\u00e8s fourni, photos int\u00e9ressantes.<br \/>\n<a href=\"http:\/\/mycologie.catalogne.free.fr\/cadre.htm\" target=\"_blank\" rel=\"noopener noreferrer\">http:\/\/mycologie.catalogne.free.fr\/cadre.htm<\/a><\/p>\n<p><strong>Danske Svampe<\/strong><br \/>\nSite sur les champignons danois. Index tr\u00e8s fourni, excellentes photos.<br \/>\n<a href=\"http:\/\/danskesvampe.dk\/?page_id=10497\" target=\"_blank\" rel=\"noopener noreferrer\">http:\/\/danskesvampe.dk\/?page_id=10497<\/a><\/p>\n<p>&nbsp;<\/p>\n<p><strong><span style=\"color: #ff0000\">Sites permettant d\u2019\u00e9tudier un groupe ou une famille de champignons bien d\u00e9termin\u00e9s<\/span><\/strong><\/p>\n<p><strong>Pharmanatur. Dossiers mycologiques<\/strong><br \/>\nA partir de cette page, on peut acc\u00e9der \u00e0 des cl\u00e9s et des galeries photos pour plusieurs groupes, familles, genres : Amanites, Bolets, Chanterelles, Collybies et Marasmes, Helvelles, Hygrophores, Lactaires, Morilles, Russules, Tricholomes, et quelques groupes moins connus.<br \/>\n<a href=\"http:\/\/www.pharmanatur.com\/Dossiers%20mycologiques.htm\" target=\"_blank\" rel=\"noopener noreferrer\">http:\/\/www.pharmanatur.com\/Dossiers%20mycologiques.htm<\/a><\/p>\n<p><strong>Clic\u2019 Amanites<\/strong><br \/>\nCe site est enti\u00e8rement d\u00e9di\u00e9 aux Amanites, avec cl\u00e9s de d\u00e9termination, fiches et galerie photos.<br \/>\n<a href=\"http:\/\/clicamanites.free.fr\/\" target=\"_blank\" rel=\"noopener noreferrer\">http:\/\/clicamanites.free.fr\/<\/a><\/p>\n<p><strong>Nature Photography by Dragisa Savic \u2013 Ascomycota<\/strong><br \/>\nTr\u00e8s int\u00e9ressante galerie photos sur des groupes de petits champignons m\u00e9connus, les Ascomyc\u00e8tes.<br \/>\n<a href=\"http:\/\/www.naturefg.com\/pages\/fu-ascomycota.htm\" target=\"_blank\" rel=\"noopener noreferrer\">http:\/\/www.naturefg.com\/pages\/fu-ascomycota.htm<\/a><\/p>\n<p><strong>Soci\u00e9t\u00e9 mycologique et d\u2019histoire naturelle de la r\u00e9gion du Mont-Blanc<\/strong><br \/>\nCe site tire son int\u00e9r\u00eat particulier de r\u00e9pertorier les sites francophones et non francophones consacr\u00e9s \u00e0 diff\u00e9rentes familles de champignons.<br \/>\n<a href=\"http:\/\/jlcheype.free.fr\/\" target=\"_blank\" rel=\"noopener noreferrer\">http:\/\/jlcheype.free.fr\/<\/a> : page d\u2019accueil<br \/>\n<a href=\"http:\/\/jlcheype.free.fr\/Pages\/infos.htm\" target=\"_blank\" rel=\"noopener noreferrer\">http:\/\/jlcheype.free.fr\/Pages\/infos.htm<\/a> : rubrique Infos pour la liste des sites<\/p>\n<p>&nbsp;<\/p>\n<p>&nbsp;<\/p>\n<h3>Images li\u00e9es:<\/h3>","protected":false},"excerpt":{"rendered":"<p>&nbsp; La Mycologie (\u00e9tude des champignons) ou tout simplement la cueillette des champignons sont des activit\u00e9s auxquelles s\u2019adonnent de nombreuses personnes. Tout naturellement, on trouve de tr\u00e8s bons sites internet fran\u00e7ais qui peuvent permettre d\u2019identifier un champignon. Quasiment tous indiquent l\u2019\u00e9ventuelle comestibilit\u00e9 de l\u2019esp\u00e8ce. &nbsp; Sites permettant la recherche par cl\u00e9s ou galeries photos (avec [&hellip;]<\/p>\n","protected":false},"author":3,"featured_media":0,"parent":0,"menu_order":0,"comment_status":"closed","ping_status":"closed","template":"","meta":{"ngg_post_thumbnail":0,"ocean_post_layout":"","ocean_both_sidebars_style":"","ocean_both_sidebars_content_width":0,"ocean_both_sidebars_sidebars_width":0,"ocean_sidebar":"0","ocean_second_sidebar":"0","ocean_disable_margins":"enable","ocean_add_body_class":"","ocean_shortcode_before_top_bar":"","ocean_shortcode_after_top_bar":"","ocean_shortcode_before_header":"","ocean_shortcode_after_header":"","ocean_has_shortcode":"","ocean_shortcode_after_title":"","ocean_shortcode_before_footer_widgets":"","ocean_shortcode_after_footer_widgets":"","ocean_shortcode_before_footer_bottom":"","ocean_shortcode_after_footer_bottom":"","ocean_display_top_bar":"default","ocean_display_header":"default","ocean_header_style":"","ocean_center_header_left_menu":"0","ocean_custom_header_template":"0","ocean_custom_logo":0,"ocean_custom_retina_logo":0,"ocean_custom_logo_max_width":0,"ocean_custom_logo_tablet_max_width":0,"ocean_custom_logo_mobile_max_width":0,"ocean_custom_logo_max_height":0,"ocean_custom_logo_tablet_max_height":0,"ocean_custom_logo_mobile_max_height":0,"ocean_header_custom_menu":"0","ocean_menu_typo_font_family":"0","ocean_menu_typo_font_subset":"","ocean_menu_typo_font_size":0,"ocean_menu_typo_font_size_tablet":0,"ocean_menu_typo_font_size_mobile":0,"ocean_menu_typo_font_size_unit":"px","ocean_menu_typo_font_weight":"","ocean_menu_typo_font_weight_tablet":"","ocean_menu_typo_font_weight_mobile":"","ocean_menu_typo_transform":"","ocean_menu_typo_transform_tablet":"","ocean_menu_typo_transform_mobile":"","ocean_menu_typo_line_height":0,"ocean_menu_typo_line_height_tablet":0,"ocean_menu_typo_line_height_mobile":0,"ocean_menu_typo_line_height_unit":"","ocean_menu_typo_spacing":0,"ocean_menu_typo_spacing_tablet":0,"ocean_menu_typo_spacing_mobile":0,"ocean_menu_typo_spacing_unit":"","ocean_menu_link_color":"","ocean_menu_link_color_hover":"","ocean_menu_link_color_active":"","ocean_menu_link_background":"","ocean_menu_link_hover_background":"","ocean_menu_link_active_background":"","ocean_menu_social_links_bg":"","ocean_menu_social_hover_links_bg":"","ocean_menu_social_links_color":"","ocean_menu_social_hover_links_color":"","ocean_disable_title":"default","ocean_disable_heading":"default","ocean_post_title":"","ocean_post_subheading":"","ocean_post_title_style":"","ocean_post_title_background_color":"","ocean_post_title_background":0,"ocean_post_title_bg_image_position":"","ocean_post_title_bg_image_attachment":"","ocean_post_title_bg_image_repeat":"","ocean_post_title_bg_image_size":"","ocean_post_title_height":0,"ocean_post_title_bg_overlay":0.5,"ocean_post_title_bg_overlay_color":"","ocean_disable_breadcrumbs":"default","ocean_breadcrumbs_color":"","ocean_breadcrumbs_separator_color":"","ocean_breadcrumbs_links_color":"","ocean_breadcrumbs_links_hover_color":"","ocean_display_footer_widgets":"default","ocean_display_footer_bottom":"default","ocean_custom_footer_template":"0","footnotes":""},"class_list":["post-2162","page","type-page","status-publish","hentry","entry"],"aioseo_notices":[],"_links":{"self":[{"href":"https:\/\/lesnaturalistesdeletoile.com\/index.php\/wp-json\/wp\/v2\/pages\/2162","targetHints":{"allow":["GET"]}}],"collection":[{"href":"https:\/\/lesnaturalistesdeletoile.com\/index.php\/wp-json\/wp\/v2\/pages"}],"about":[{"href":"https:\/\/lesnaturalistesdeletoile.com\/index.php\/wp-json\/wp\/v2\/types\/page"}],"author":[{"embeddable":true,"href":"https:\/\/lesnaturalistesdeletoile.com\/index.php\/wp-json\/wp\/v2\/users\/3"}],"replies":[{"embeddable":true,"href":"https:\/\/lesnaturalistesdeletoile.com\/index.php\/wp-json\/wp\/v2\/comments?post=2162"}],"version-history":[{"count":4,"href":"https:\/\/lesnaturalistesdeletoile.com\/index.php\/wp-json\/wp\/v2\/pages\/2162\/revisions"}],"predecessor-version":[{"id":7475,"href":"https:\/\/lesnaturalistesdeletoile.com\/index.php\/wp-json\/wp\/v2\/pages\/2162\/revisions\/7475"}],"wp:attachment":[{"href":"https:\/\/lesnaturalistesdeletoile.com\/index.php\/wp-json\/wp\/v2\/media?parent=2162"}],"curies":[{"name":"wp","href":"https:\/\/api.w.org\/{rel}","templated":true}]}}