{"id":21,"date":"2017-09-28T01:48:35","date_gmt":"2017-09-27T23:48:35","guid":{"rendered":"https:\/\/lesnaturalistesdeletoile.com\/?page_id=21"},"modified":"2025-03-07T16:20:36","modified_gmt":"2025-03-07T15:20:36","slug":"lassociation","status":"publish","type":"page","link":"https:\/\/lesnaturalistesdeletoile.com\/index.php\/lassociation\/","title":{"rendered":"L&rsquo;association"},"content":{"rendered":"<p style=\"text-align: center\"><em><strong><span style=\"font-size: 18pt\">Les Naturalistes de l&rsquo;Etoile<img loading=\"lazy\" decoding=\"async\" class=\"wp-image-7446 aligncenter\" src=\"https:\/\/lesnaturalistesdeletoile.com\/wp-content\/uploads\/2025\/03\/cropped-Logo-Naturalistes-de-lEtoile-300x300.jpg\" alt=\"\" width=\"81\" height=\"81\" srcset=\"https:\/\/lesnaturalistesdeletoile.com\/wp-content\/uploads\/2025\/03\/cropped-Logo-Naturalistes-de-lEtoile-300x300.jpg 300w, https:\/\/lesnaturalistesdeletoile.com\/wp-content\/uploads\/2025\/03\/cropped-Logo-Naturalistes-de-lEtoile-150x150.jpg 150w, https:\/\/lesnaturalistesdeletoile.com\/wp-content\/uploads\/2025\/03\/cropped-Logo-Naturalistes-de-lEtoile-270x270.jpg 270w, https:\/\/lesnaturalistesdeletoile.com\/wp-content\/uploads\/2025\/03\/cropped-Logo-Naturalistes-de-lEtoile-192x192.jpg 192w, https:\/\/lesnaturalistesdeletoile.com\/wp-content\/uploads\/2025\/03\/cropped-Logo-Naturalistes-de-lEtoile-180x180.jpg 180w, https:\/\/lesnaturalistesdeletoile.com\/wp-content\/uploads\/2025\/03\/cropped-Logo-Naturalistes-de-lEtoile-32x32.jpg 32w, https:\/\/lesnaturalistesdeletoile.com\/wp-content\/uploads\/2025\/03\/cropped-Logo-Naturalistes-de-lEtoile.jpg 512w\" sizes=\"auto, (max-width: 81px) 100vw, 81px\" \/><\/span><\/strong><\/em><\/p>\n<p style=\"text-align: justify\">Cette association est n\u00e9e en f\u00e9vrier 2015.<br \/>\nElle est ouverte \u00e0 tous, du d\u00e9butant au professionnel.<br \/>\nElle a pour but de regrouper des personnes int\u00e9ress\u00e9es ou passionn\u00e9es par les diff\u00e9rentes disciplines naturalistes : la g\u00e9ologie, la botanique, l&rsquo;entomologie, l&rsquo;ornithologie, la zoologie, la mycologie et plus g\u00e9n\u00e9ralement l&rsquo;\u00e9cologie.<\/p>\n<p style=\"text-align: justify\">G\u00e9ographiquement, elle est centr\u00e9e sur Marseille, Aubagne, Aix, l&rsquo;Est du d\u00e9partement des Bouches-du-Rh\u00f4ne et l&rsquo;Ouest du d\u00e9partement du Var.<\/p>\n<p style=\"text-align: justify\">L&rsquo;association est un outil int\u00e9ressant pour l&rsquo;organisation de stages et de s\u00e9jours, de sorties \u00e0 la journ\u00e9e (avec possibilit\u00e9 d&rsquo;obtenir des tarifs pr\u00e9f\u00e9rentiels pour les visites de mus\u00e9es ou autres, de contacter des professionnels en vue d&rsquo;une animation particuli\u00e8re, etc.).<br \/>\nC&rsquo;est un lieu d&rsquo;\u00e9change pour la mise en commun des connaissances ou des recherches.<br \/>\nC&rsquo;est aussi un r\u00e9seau de gens passionn\u00e9s par les activit\u00e9s naturalistes. Ainsi chaque membre peut prendre l&rsquo;initiative d&rsquo;une sortie sur le th\u00e8me de son choix (par exemple : d\u00e9couverte-inventaire botanique et entomologique d&rsquo;un lieu donn\u00e9, \u00e9tude g\u00e9ologique d&rsquo;un site, observation des oiseaux ou des papillons, etc.) et en faire part aux autres adh\u00e9rents.<br \/>\nIl est \u00e9galement possible d&rsquo;envisager des expositions ou des conf\u00e9rences-interventions dans les m\u00e9diath\u00e8ques, communes ou \u00e9coles&#8230;, en vue d&rsquo;une vulgarisation de ces disciplines naturalistes, le but \u00e9tant la sensibilisation du public sur la pr\u00e9servation de la biodiversit\u00e9 et des \u00e9quilibres \u00e9cologiques.<\/p>\n<p><strong>Les objectifs de ce site sont les suivants&nbsp;:<\/strong><\/p>\n<p>&#8211; laisser <strong>une trace de nos activit\u00e9s<\/strong>&nbsp;: c\u2019est la partie \u00ab&nbsp;comptes rendus des sorties&nbsp;\u00bb, ouverte au public, o\u00f9 l\u2019on peut trouver les inventaires et les documents photos, qui peuvent \u00eatre utiles pour d\u2019autres amateurs ou simples curieux&nbsp;;<\/p>\n<p>&#8211; permettre de faciliter l\u2019acc\u00e8s \u00e0 <strong>une base de documentation fiable et s\u00e9rieuse, <\/strong>mais forc\u00e9ment subjective). C\u2019est la partie outil&nbsp;: un portail ouvert sur le monde naturaliste. On trouvera ainsi des listes tr\u00e8s fournies <strong>de sites internet int\u00e9ressants<\/strong>, extr\u00eamement utiles pour les d\u00e9terminations des esp\u00e8ces, ainsi qu\u2019une <strong>bibliographie importante<\/strong> avec de nombreuses r\u00e9f\u00e9rences de qualit\u00e9 dans toutes les disciplines.<\/p>\n<p>&#8211; tenir les membres au courant de <strong>l\u2019actualit\u00e9 naturaliste<\/strong>, \u00e0 travers la <strong>Lettre des Naturalistes<\/strong> envoy\u00e9e r\u00e9guli\u00e8rement par mail.<\/p>\n<p>&#8211; fournir aux adh\u00e9rents la possibilit\u00e9 de suivre <strong>la vie de l\u2019association<\/strong>&nbsp;: agenda, calendrier des sorties, comptes rendus des r\u00e9unions, textes officiels, liste des membres, photos de groupe ou de paysages lors des sorties\u2026&nbsp; Cette partie n\u2019est accessible qu\u2019aux adh\u00e9rents et n\u00e9cessite une identification.<\/p>\n<p>&#8211; mettre \u00e0 disposition des adh\u00e9rents des <strong>fiches comparatives<\/strong> r\u00e9alis\u00e9es par les animateurs de l\u2019association, qui permettent de diff\u00e9rencier des esp\u00e8ces d\u2019un m\u00eame genre.<\/p>\n<p>Enfin la classique rubrique \u00ab&nbsp;contact&nbsp;\u00bb permet <strong>le dialogue avec les visiteurs<\/strong> et facilite une \u00e9ventuelle <strong>demande d\u2019adh\u00e9sion<\/strong>.<\/p>\n<p><strong>Il ne vous reste plus qu\u2019\u00e0 utiliser les barres des menus <\/strong><strong>pour acc\u00e9der aux rubriques de votre choix. <\/strong><\/p>\n<p><strong>Bonne visite&nbsp;!<\/strong><\/p>\n<p><img loading=\"lazy\" decoding=\"async\" class=\"alignnone  wp-image-7446\" src=\"https:\/\/lesnaturalistesdeletoile.com\/wp-content\/uploads\/2025\/03\/cropped-Logo-Naturalistes-de-lEtoile-300x300.jpg\" alt=\"\" width=\"86\" height=\"86\" srcset=\"https:\/\/lesnaturalistesdeletoile.com\/wp-content\/uploads\/2025\/03\/cropped-Logo-Naturalistes-de-lEtoile-300x300.jpg 300w, https:\/\/lesnaturalistesdeletoile.com\/wp-content\/uploads\/2025\/03\/cropped-Logo-Naturalistes-de-lEtoile-150x150.jpg 150w, https:\/\/lesnaturalistesdeletoile.com\/wp-content\/uploads\/2025\/03\/cropped-Logo-Naturalistes-de-lEtoile-270x270.jpg 270w, https:\/\/lesnaturalistesdeletoile.com\/wp-content\/uploads\/2025\/03\/cropped-Logo-Naturalistes-de-lEtoile-192x192.jpg 192w, https:\/\/lesnaturalistesdeletoile.com\/wp-content\/uploads\/2025\/03\/cropped-Logo-Naturalistes-de-lEtoile-180x180.jpg 180w, https:\/\/lesnaturalistesdeletoile.com\/wp-content\/uploads\/2025\/03\/cropped-Logo-Naturalistes-de-lEtoile-32x32.jpg 32w, https:\/\/lesnaturalistesdeletoile.com\/wp-content\/uploads\/2025\/03\/cropped-Logo-Naturalistes-de-lEtoile.jpg 512w\" sizes=\"auto, (max-width: 86px) 100vw, 86px\" \/><\/p>\n<h3>Images li\u00e9es:<\/h3>","protected":false},"excerpt":{"rendered":"<p>Les Naturalistes de l&rsquo;Etoile Cette association est n\u00e9e en f\u00e9vrier 2015. Elle est ouverte \u00e0 tous, du d\u00e9butant au professionnel. Elle a pour but de regrouper des personnes int\u00e9ress\u00e9es ou passionn\u00e9es par les diff\u00e9rentes disciplines naturalistes : la g\u00e9ologie, la botanique, l&rsquo;entomologie, l&rsquo;ornithologie, la zoologie, la mycologie et plus g\u00e9n\u00e9ralement l&rsquo;\u00e9cologie. G\u00e9ographiquement, elle est centr\u00e9e [&hellip;]<\/p>\n","protected":false},"author":9,"featured_media":0,"parent":0,"menu_order":0,"comment_status":"closed","ping_status":"closed","template":"","meta":{"ngg_post_thumbnail":0,"ocean_post_layout":"","ocean_both_sidebars_style":"","ocean_both_sidebars_content_width":0,"ocean_both_sidebars_sidebars_width":0,"ocean_sidebar":"0","ocean_second_sidebar":"0","ocean_disable_margins":"enable","ocean_add_body_class":"","ocean_shortcode_before_top_bar":"","ocean_shortcode_after_top_bar":"","ocean_shortcode_before_header":"","ocean_shortcode_after_header":"","ocean_has_shortcode":"","ocean_shortcode_after_title":"","ocean_shortcode_before_footer_widgets":"","ocean_shortcode_after_footer_widgets":"","ocean_shortcode_before_footer_bottom":"","ocean_shortcode_after_footer_bottom":"","ocean_display_top_bar":"default","ocean_display_header":"default","ocean_header_style":"","ocean_center_header_left_menu":"0","ocean_custom_header_template":"0","ocean_custom_logo":0,"ocean_custom_retina_logo":0,"ocean_custom_logo_max_width":0,"ocean_custom_logo_tablet_max_width":0,"ocean_custom_logo_mobile_max_width":0,"ocean_custom_logo_max_height":0,"ocean_custom_logo_tablet_max_height":0,"ocean_custom_logo_mobile_max_height":0,"ocean_header_custom_menu":"0","ocean_menu_typo_font_family":"0","ocean_menu_typo_font_subset":"","ocean_menu_typo_font_size":0,"ocean_menu_typo_font_size_tablet":0,"ocean_menu_typo_font_size_mobile":0,"ocean_menu_typo_font_size_unit":"px","ocean_menu_typo_font_weight":"","ocean_menu_typo_font_weight_tablet":"","ocean_menu_typo_font_weight_mobile":"","ocean_menu_typo_transform":"","ocean_menu_typo_transform_tablet":"","ocean_menu_typo_transform_mobile":"","ocean_menu_typo_line_height":0,"ocean_menu_typo_line_height_tablet":0,"ocean_menu_typo_line_height_mobile":0,"ocean_menu_typo_line_height_unit":"","ocean_menu_typo_spacing":0,"ocean_menu_typo_spacing_tablet":0,"ocean_menu_typo_spacing_mobile":0,"ocean_menu_typo_spacing_unit":"","ocean_menu_link_color":"","ocean_menu_link_color_hover":"","ocean_menu_link_color_active":"","ocean_menu_link_background":"","ocean_menu_link_hover_background":"","ocean_menu_link_active_background":"","ocean_menu_social_links_bg":"","ocean_menu_social_hover_links_bg":"","ocean_menu_social_links_color":"","ocean_menu_social_hover_links_color":"","ocean_disable_title":"default","ocean_disable_heading":"default","ocean_post_title":"","ocean_post_subheading":"","ocean_post_title_style":"","ocean_post_title_background_color":"","ocean_post_title_background":0,"ocean_post_title_bg_image_position":"","ocean_post_title_bg_image_attachment":"","ocean_post_title_bg_image_repeat":"","ocean_post_title_bg_image_size":"","ocean_post_title_height":0,"ocean_post_title_bg_overlay":0.5,"ocean_post_title_bg_overlay_color":"","ocean_disable_breadcrumbs":"default","ocean_breadcrumbs_color":"","ocean_breadcrumbs_separator_color":"","ocean_breadcrumbs_links_color":"","ocean_breadcrumbs_links_hover_color":"","ocean_display_footer_widgets":"default","ocean_display_footer_bottom":"default","ocean_custom_footer_template":"0","footnotes":""},"class_list":["post-21","page","type-page","status-publish","hentry","entry"],"aioseo_notices":[],"_links":{"self":[{"href":"https:\/\/lesnaturalistesdeletoile.com\/index.php\/wp-json\/wp\/v2\/pages\/21","targetHints":{"allow":["GET"]}}],"collection":[{"href":"https:\/\/lesnaturalistesdeletoile.com\/index.php\/wp-json\/wp\/v2\/pages"}],"about":[{"href":"https:\/\/lesnaturalistesdeletoile.com\/index.php\/wp-json\/wp\/v2\/types\/page"}],"author":[{"embeddable":true,"href":"https:\/\/lesnaturalistesdeletoile.com\/index.php\/wp-json\/wp\/v2\/users\/9"}],"replies":[{"embeddable":true,"href":"https:\/\/lesnaturalistesdeletoile.com\/index.php\/wp-json\/wp\/v2\/comments?post=21"}],"version-history":[{"count":19,"href":"https:\/\/lesnaturalistesdeletoile.com\/index.php\/wp-json\/wp\/v2\/pages\/21\/revisions"}],"predecessor-version":[{"id":7459,"href":"https:\/\/lesnaturalistesdeletoile.com\/index.php\/wp-json\/wp\/v2\/pages\/21\/revisions\/7459"}],"wp:attachment":[{"href":"https:\/\/lesnaturalistesdeletoile.com\/index.php\/wp-json\/wp\/v2\/media?parent=21"}],"curies":[{"name":"wp","href":"https:\/\/api.w.org\/{rel}","templated":true}]}}